{"id":10325,"date":"2023-01-29T22:16:39","date_gmt":"2023-01-29T21:16:39","guid":{"rendered":"25catrinelinder.wpcomstaging.com\/?page_id=10325"},"modified":"2023-02-08T23:01:15","modified_gmt":"2023-02-08T22:01:15","slug":"one_of_a_kind_juveler_klar_til_forsendelse","status":"publish","type":"page","link":"https:\/\/925catrinelinder.com\/no\/one_of_a_kind_jewellery_ready_to_send\/","title":{"rendered":"One Of A Kind-smykker klare til \u00e5 sendes"},"content":{"rendered":"<div data-elementor-type=\"wp-page\" data-elementor-id=\"10325\" class=\"elementor elementor-10325\" data-elementor-post-type=\"page\">\n\t\t\t\t\t\t<section class=\"elementor-section elementor-top-section elementor-element elementor-element-ba707e0 elementor-section-boxed elementor-section-height-default elementor-section-height-default\" data-id=\"ba707e0\" data-element_type=\"section\" data-e-type=\"section\">\n\t\t\t\t\t\t<div class=\"elementor-container elementor-column-gap-default\">\n\t\t\t\t\t<div class=\"elementor-column elementor-col-100 elementor-top-column elementor-element elementor-element-1ca437a\" data-id=\"1ca437a\" data-element_type=\"column\" data-e-type=\"column\">\n\t\t\t<div class=\"elementor-widget-wrap elementor-element-populated\">\n\t\t\t\t\t\t<div class=\"elementor-element elementor-element-c713879 elementor-grid-3 elementor-grid-tablet-3 elementor-grid-mobile-2 elementor-products-grid elementor-wc-products elementor-widget elementor-widget-woocommerce-products\" data-id=\"c713879\" data-element_type=\"widget\" data-e-type=\"widget\" data-widget_type=\"woocommerce-products.default\">\n\t\t\t\t<div class=\"elementor-widget-container\">\n\t\t\t\t\t<div class=\"woocommerce columns-3\"><ul class=\"products elementor-grid mode-grid\">\r\n<li class=\"product type-product post-10355 status-publish first outofstock product_cat-necklaces product_cat-one-of-a-kind has-post-thumbnail taxable shipping-taxable purchasable product-type-simple\">\n\t<div class=\"at_product_loop_top_container\"><a href=\"https:\/\/925catrinelinder.com\/no\/product\/ginkgo_leaf_necklace_handmade\/\" class=\"woocommerce-LoopProduct-link woocommerce-loop-product__link\"><img fetchpriority=\"high\" decoding=\"async\" width=\"300\" height=\"300\" src=\"https:\/\/i0.wp.com\/925catrinelinder.com\/wp-content\/uploads\/2023\/02\/GinkoLeafNecklaceIMG_8547.jpg?resize=300%2C300&amp;ssl=1\" class=\"attachment-woocommerce_thumbnail size-woocommerce_thumbnail\" alt=\"Ginkgo OOAK\" srcset=\"https:\/\/i0.wp.com\/925catrinelinder.com\/wp-content\/uploads\/2023\/02\/GinkoLeafNecklaceIMG_8547.jpg?w=3024&amp;ssl=1 3024w, https:\/\/i0.wp.com\/925catrinelinder.com\/wp-content\/uploads\/2023\/02\/GinkoLeafNecklaceIMG_8547.jpg?resize=300%2C300&amp;ssl=1 300w, https:\/\/i0.wp.com\/925catrinelinder.com\/wp-content\/uploads\/2023\/02\/GinkoLeafNecklaceIMG_8547.jpg?resize=1024%2C1024&amp;ssl=1 1024w, https:\/\/i0.wp.com\/925catrinelinder.com\/wp-content\/uploads\/2023\/02\/GinkoLeafNecklaceIMG_8547.jpg?resize=150%2C150&amp;ssl=1 150w, https:\/\/i0.wp.com\/925catrinelinder.com\/wp-content\/uploads\/2023\/02\/GinkoLeafNecklaceIMG_8547.jpg?resize=768%2C768&amp;ssl=1 768w, https:\/\/i0.wp.com\/925catrinelinder.com\/wp-content\/uploads\/2023\/02\/GinkoLeafNecklaceIMG_8547.jpg?resize=1536%2C1536&amp;ssl=1 1536w, https:\/\/i0.wp.com\/925catrinelinder.com\/wp-content\/uploads\/2023\/02\/GinkoLeafNecklaceIMG_8547.jpg?resize=2048%2C2048&amp;ssl=1 2048w, https:\/\/i0.wp.com\/925catrinelinder.com\/wp-content\/uploads\/2023\/02\/GinkoLeafNecklaceIMG_8547.jpg?resize=650%2C650&amp;ssl=1 650w, https:\/\/i0.wp.com\/925catrinelinder.com\/wp-content\/uploads\/2023\/02\/GinkoLeafNecklaceIMG_8547.jpg?resize=600%2C600&amp;ssl=1 600w, https:\/\/i0.wp.com\/925catrinelinder.com\/wp-content\/uploads\/2023\/02\/GinkoLeafNecklaceIMG_8547.jpg?resize=100%2C100&amp;ssl=1 100w, https:\/\/i0.wp.com\/925catrinelinder.com\/wp-content\/uploads\/2023\/02\/GinkoLeafNecklaceIMG_8547.jpg?w=1800&amp;ssl=1 1800w, https:\/\/i0.wp.com\/925catrinelinder.com\/wp-content\/uploads\/2023\/02\/GinkoLeafNecklaceIMG_8547.jpg?w=2700&amp;ssl=1 2700w\" sizes=\"(max-width: 300px) 100vw, 300px\" data-attachment-id=\"10357\" data-permalink=\"https:\/\/925catrinelinder.com\/no\/?attachment_id=10357\" data-orig-file=\"https:\/\/i0.wp.com\/925catrinelinder.com\/wp-content\/uploads\/2023\/02\/GinkoLeafNecklaceIMG_8547.jpg?fit=3024%2C3024&amp;ssl=1\" data-orig-size=\"3024,3024\" data-comments-opened=\"1\" data-image-meta=\"{&quot;aperture&quot;:&quot;1.6&quot;,&quot;credit&quot;:&quot;&quot;,&quot;camera&quot;:&quot;iPhone 13&quot;,&quot;caption&quot;:&quot;&quot;,&quot;created_timestamp&quot;:&quot;1675879767&quot;,&quot;copyright&quot;:&quot;&quot;,&quot;focal_length&quot;:&quot;5.1&quot;,&quot;iso&quot;:&quot;50&quot;,&quot;shutter_speed&quot;:&quot;0.0016977928692699&quot;,&quot;title&quot;:&quot;&quot;,&quot;orientation&quot;:&quot;1&quot;}\" data-image-title=\"\" data-image-description=\"&lt;p&gt;Ginkgo Necklace with detachable chain Scandinavian Jewellery by Catrine Linder&lt;\/p&gt;\" data-image-caption=\"&lt;p&gt;Ginkgo Necklace with detachable chain&lt;\/p&gt;\" data-large-file=\"https:\/\/i0.wp.com\/925catrinelinder.com\/wp-content\/uploads\/2023\/02\/GinkoLeafNecklaceIMG_8547.jpg?fit=900%2C900&amp;ssl=1\" \/><\/a><div class=\"at_product_actions_mask lc_js_link bar_prod_actions\" data-href=\"https:\/\/925catrinelinder.com\/no\/product\/ginkgo_leaf_necklace_handmade\/\" data-atcot=\"0\"><div class=\"at_wishlist_quickview_btns\"><a href=\"#\" class=\"artemis_swp_add_to_wishlist at_first_color\" title=\"Add to wishlist\" data-wishlist-id=\"10355\"><i class=\"fa fa-heart-o\"><\/i> <span>Add to wishlist<\/span><\/a><span class=\"artemis_swp_quickview_button\"><a data-src=\"https:\/\/925catrinelinder.com\/wp-admin\/admin-ajax.php?action=artemis_swp_quick_view&amp;product_id=10355\" title=\"Quick View\" data-caption=\"Ginkgo Leaf Necklace\" href=\"javascript:void(0)\" data-type=\"ajax\"><i class=\"fa fa-eye\"><\/i><\/a><\/span><\/div><a href=\"https:\/\/925catrinelinder.com\/no\/product\/ginkgo_leaf_necklace_handmade\/\" aria-describedby=\"woocommerce_loop_add_to_cart_link_describedby_10355\" data-quantity=\"1\" class=\"button product_type_simple\" data-product_id=\"10355\" data-product_sku=\"1-OOAK-GINKGO-4929\" aria-label=\"Les mer om \u00abGinkgo Leaf Necklace\u00bb\" rel=\"nofollow\" data-success_message=\"\" data-no-translation=\"\" data-trp-gettext=\"\" data-no-translation-aria-label=\"\">Les mer<\/a>\t<span id=\"woocommerce_loop_add_to_cart_link_describedby_10355\" class=\"screen-reader-text\">\n\t\t\t<\/span>\n<\/div><\/div><a href=\"https:\/\/925catrinelinder.com\/no\/product\/ginkgo_leaf_necklace_handmade\/\" class=\"woocommerce-LoopProduct-link woocommerce-loop-product__link\"><h2 class=\"woocommerce-loop-product__title\">Ginkgo OOAK<\/h2><\/a>\n\t<span class=\"price\"><span class=\"woocommerce-Price-amount amount\"><bdi>4 929&nbsp;<span class=\"woocommerce-Price-currencySymbol\">kr<\/span><\/bdi><\/span><\/span>\n<\/li>\n<li class=\"product type-product post-10317 status-publish outofstock product_cat-one-of-a-kind has-post-thumbnail taxable shipping-taxable purchasable product-type-simple\">\n\t<div class=\"at_product_loop_top_container\"><a href=\"https:\/\/925catrinelinder.com\/no\/product\/ooak-duo-enamel-earrings\/\" class=\"woocommerce-LoopProduct-link woocommerce-loop-product__link\"><img decoding=\"async\" width=\"300\" height=\"300\" src=\"https:\/\/i0.wp.com\/925catrinelinder.com\/wp-content\/uploads\/2023\/01\/OOOAK-Earrings-studs-emerald-green-enamel-925.png?resize=300%2C300&amp;ssl=1\" class=\"attachment-woocommerce_thumbnail size-woocommerce_thumbnail\" alt=\"OOAK Duo \u00d8redobber i emalje\" srcset=\"https:\/\/i0.wp.com\/925catrinelinder.com\/wp-content\/uploads\/2023\/01\/OOOAK-Earrings-studs-emerald-green-enamel-925.png?w=1478&amp;ssl=1 1478w, https:\/\/i0.wp.com\/925catrinelinder.com\/wp-content\/uploads\/2023\/01\/OOOAK-Earrings-studs-emerald-green-enamel-925.png?resize=300%2C300&amp;ssl=1 300w, https:\/\/i0.wp.com\/925catrinelinder.com\/wp-content\/uploads\/2023\/01\/OOOAK-Earrings-studs-emerald-green-enamel-925.png?resize=1024%2C1024&amp;ssl=1 1024w, https:\/\/i0.wp.com\/925catrinelinder.com\/wp-content\/uploads\/2023\/01\/OOOAK-Earrings-studs-emerald-green-enamel-925.png?resize=150%2C150&amp;ssl=1 150w, https:\/\/i0.wp.com\/925catrinelinder.com\/wp-content\/uploads\/2023\/01\/OOOAK-Earrings-studs-emerald-green-enamel-925.png?resize=768%2C768&amp;ssl=1 768w, https:\/\/i0.wp.com\/925catrinelinder.com\/wp-content\/uploads\/2023\/01\/OOOAK-Earrings-studs-emerald-green-enamel-925.png?resize=650%2C650&amp;ssl=1 650w, https:\/\/i0.wp.com\/925catrinelinder.com\/wp-content\/uploads\/2023\/01\/OOOAK-Earrings-studs-emerald-green-enamel-925.png?resize=600%2C600&amp;ssl=1 600w, https:\/\/i0.wp.com\/925catrinelinder.com\/wp-content\/uploads\/2023\/01\/OOOAK-Earrings-studs-emerald-green-enamel-925.png?resize=100%2C100&amp;ssl=1 100w\" sizes=\"(max-width: 300px) 100vw, 300px\" data-attachment-id=\"10312\" data-permalink=\"https:\/\/925catrinelinder.com\/no\/?attachment_id=10312\" data-orig-file=\"https:\/\/i0.wp.com\/925catrinelinder.com\/wp-content\/uploads\/2023\/01\/OOOAK-Earrings-studs-emerald-green-enamel-925.png?fit=1478%2C1478&amp;ssl=1\" data-orig-size=\"1478,1478\" data-comments-opened=\"1\" data-image-meta=\"{&quot;aperture&quot;:&quot;0&quot;,&quot;credit&quot;:&quot;&quot;,&quot;camera&quot;:&quot;&quot;,&quot;caption&quot;:&quot;&quot;,&quot;created_timestamp&quot;:&quot;0&quot;,&quot;copyright&quot;:&quot;&quot;,&quot;focal_length&quot;:&quot;0&quot;,&quot;iso&quot;:&quot;0&quot;,&quot;shutter_speed&quot;:&quot;0&quot;,&quot;title&quot;:&quot;&quot;,&quot;orientation&quot;:&quot;0&quot;}\" data-image-title=\"OOOAK Earrings studs emerald green enamel 925\" data-image-description=\"\" data-image-caption=\"\" data-large-file=\"https:\/\/i0.wp.com\/925catrinelinder.com\/wp-content\/uploads\/2023\/01\/OOOAK-Earrings-studs-emerald-green-enamel-925.png?fit=900%2C900&amp;ssl=1\" \/><\/a><div class=\"at_product_actions_mask lc_js_link bar_prod_actions\" data-href=\"https:\/\/925catrinelinder.com\/no\/product\/ooak-duo-enamel-earrings\/\" data-atcot=\"0\"><div class=\"at_wishlist_quickview_btns\"><a href=\"#\" class=\"artemis_swp_add_to_wishlist at_first_color\" title=\"Add to wishlist\" data-wishlist-id=\"10317\"><i class=\"fa fa-heart-o\"><\/i> <span>Add to wishlist<\/span><\/a><span class=\"artemis_swp_quickview_button\"><a data-src=\"https:\/\/925catrinelinder.com\/wp-admin\/admin-ajax.php?action=artemis_swp_quick_view&amp;product_id=10317\" title=\"Quick View\" data-caption=\"OOAK Duo Enamel Earrings\" href=\"javascript:void(0)\" data-type=\"ajax\"><i class=\"fa fa-eye\"><\/i><\/a><\/span><\/div><a href=\"https:\/\/925catrinelinder.com\/no\/product\/ooak-duo-enamel-earrings\/\" aria-describedby=\"woocommerce_loop_add_to_cart_link_describedby_10317\" data-quantity=\"1\" class=\"button product_type_simple\" data-product_id=\"10317\" data-product_sku=\"1-OOAK-EM-DUOGREEN-2229\" aria-label=\"Les mer om \u00abOOAK Duo Enamel Earrings\u00bb\" rel=\"nofollow\" data-success_message=\"\" data-no-translation=\"\" data-trp-gettext=\"\" data-no-translation-aria-label=\"\">Les mer<\/a>\t<span id=\"woocommerce_loop_add_to_cart_link_describedby_10317\" class=\"screen-reader-text\">\n\t\t\t<\/span>\n<\/div><\/div><a href=\"https:\/\/925catrinelinder.com\/no\/product\/ooak-duo-enamel-earrings\/\" class=\"woocommerce-LoopProduct-link woocommerce-loop-product__link\"><h2 class=\"woocommerce-loop-product__title\">OOAK Duo \u00d8redobber i emalje<\/h2><\/a>\n\t<span class=\"price\"><span class=\"woocommerce-Price-amount amount\"><bdi>2 229&nbsp;<span class=\"woocommerce-Price-currencySymbol\">kr<\/span><\/bdi><\/span><\/span>\n<\/li>\n<li class=\"product type-product post-10310 status-publish last outofstock product_cat-one-of-a-kind has-post-thumbnail taxable shipping-taxable purchasable product-type-simple\">\n\t<div class=\"at_product_loop_top_container\"><a href=\"https:\/\/925catrinelinder.com\/no\/product\/ooak_boat_earrings_silver_red_coral\/\" class=\"woocommerce-LoopProduct-link woocommerce-loop-product__link\"><img decoding=\"async\" width=\"300\" height=\"300\" src=\"https:\/\/i0.wp.com\/925catrinelinder.com\/wp-content\/uploads\/2023\/01\/OOAK-ERRINGS-STUDS-CORAL-RED-925.png?resize=300%2C300&amp;ssl=1\" class=\"attachment-woocommerce_thumbnail size-woocommerce_thumbnail\" alt=\"OOAK b\u00e5t\u00f8reringer s\u00f8lv og r\u00f8d korall\" srcset=\"https:\/\/i0.wp.com\/925catrinelinder.com\/wp-content\/uploads\/2023\/01\/OOAK-ERRINGS-STUDS-CORAL-RED-925.png?w=1636&amp;ssl=1 1636w, https:\/\/i0.wp.com\/925catrinelinder.com\/wp-content\/uploads\/2023\/01\/OOAK-ERRINGS-STUDS-CORAL-RED-925.png?resize=300%2C300&amp;ssl=1 300w, https:\/\/i0.wp.com\/925catrinelinder.com\/wp-content\/uploads\/2023\/01\/OOAK-ERRINGS-STUDS-CORAL-RED-925.png?resize=1024%2C1024&amp;ssl=1 1024w, https:\/\/i0.wp.com\/925catrinelinder.com\/wp-content\/uploads\/2023\/01\/OOAK-ERRINGS-STUDS-CORAL-RED-925.png?resize=150%2C150&amp;ssl=1 150w, https:\/\/i0.wp.com\/925catrinelinder.com\/wp-content\/uploads\/2023\/01\/OOAK-ERRINGS-STUDS-CORAL-RED-925.png?resize=768%2C768&amp;ssl=1 768w, https:\/\/i0.wp.com\/925catrinelinder.com\/wp-content\/uploads\/2023\/01\/OOAK-ERRINGS-STUDS-CORAL-RED-925.png?resize=1536%2C1536&amp;ssl=1 1536w, https:\/\/i0.wp.com\/925catrinelinder.com\/wp-content\/uploads\/2023\/01\/OOAK-ERRINGS-STUDS-CORAL-RED-925.png?resize=650%2C650&amp;ssl=1 650w, https:\/\/i0.wp.com\/925catrinelinder.com\/wp-content\/uploads\/2023\/01\/OOAK-ERRINGS-STUDS-CORAL-RED-925.png?resize=600%2C600&amp;ssl=1 600w, https:\/\/i0.wp.com\/925catrinelinder.com\/wp-content\/uploads\/2023\/01\/OOAK-ERRINGS-STUDS-CORAL-RED-925.png?resize=100%2C100&amp;ssl=1 100w\" sizes=\"(max-width: 300px) 100vw, 300px\" data-attachment-id=\"10311\" data-permalink=\"https:\/\/925catrinelinder.com\/no\/?attachment_id=10311\" data-orig-file=\"https:\/\/i0.wp.com\/925catrinelinder.com\/wp-content\/uploads\/2023\/01\/OOAK-ERRINGS-STUDS-CORAL-RED-925.png?fit=1636%2C1636&amp;ssl=1\" data-orig-size=\"1636,1636\" data-comments-opened=\"1\" data-image-meta=\"{&quot;aperture&quot;:&quot;0&quot;,&quot;credit&quot;:&quot;&quot;,&quot;camera&quot;:&quot;&quot;,&quot;caption&quot;:&quot;&quot;,&quot;created_timestamp&quot;:&quot;0&quot;,&quot;copyright&quot;:&quot;&quot;,&quot;focal_length&quot;:&quot;0&quot;,&quot;iso&quot;:&quot;0&quot;,&quot;shutter_speed&quot;:&quot;0&quot;,&quot;title&quot;:&quot;&quot;,&quot;orientation&quot;:&quot;0&quot;}\" data-image-title=\"OOAK ERRINGS STUDS CORAL RED 925\" data-image-description=\"&lt;p&gt;Hand made one of a kind earrings made from 925 sterling silver and red coral beads&lt;\/p&gt;\" data-image-caption=\"\" data-large-file=\"https:\/\/i0.wp.com\/925catrinelinder.com\/wp-content\/uploads\/2023\/01\/OOAK-ERRINGS-STUDS-CORAL-RED-925.png?fit=900%2C900&amp;ssl=1\" \/><\/a><div class=\"at_product_actions_mask lc_js_link bar_prod_actions\" data-href=\"https:\/\/925catrinelinder.com\/no\/product\/ooak_boat_earrings_silver_red_coral\/\" data-atcot=\"0\"><div class=\"at_wishlist_quickview_btns\"><a href=\"#\" class=\"artemis_swp_add_to_wishlist at_first_color\" title=\"Add to wishlist\" data-wishlist-id=\"10310\"><i class=\"fa fa-heart-o\"><\/i> <span>Add to wishlist<\/span><\/a><span class=\"artemis_swp_quickview_button\"><a data-src=\"https:\/\/925catrinelinder.com\/wp-admin\/admin-ajax.php?action=artemis_swp_quick_view&amp;product_id=10310\" title=\"Quick View\" data-caption=\"OOAK Boat Earrings Silver &amp; Red Coral\" href=\"javascript:void(0)\" data-type=\"ajax\"><i class=\"fa fa-eye\"><\/i><\/a><\/span><\/div><a href=\"https:\/\/925catrinelinder.com\/no\/product\/ooak_boat_earrings_silver_red_coral\/\" aria-describedby=\"woocommerce_loop_add_to_cart_link_describedby_10310\" data-quantity=\"1\" class=\"button product_type_simple\" data-product_id=\"10310\" data-product_sku=\"1-OOAK-AG-BOAT-2229\" aria-label=\"Les mer om \u00abOOAK Boat Earrings Silver &amp; Red Coral\u00bb\" rel=\"nofollow\" data-success_message=\"\" data-no-translation=\"\" data-trp-gettext=\"\" data-no-translation-aria-label=\"\">Les mer<\/a>\t<span id=\"woocommerce_loop_add_to_cart_link_describedby_10310\" class=\"screen-reader-text\">\n\t\t\t<\/span>\n<\/div><\/div><a href=\"https:\/\/925catrinelinder.com\/no\/product\/ooak_boat_earrings_silver_red_coral\/\" class=\"woocommerce-LoopProduct-link woocommerce-loop-product__link\"><h2 class=\"woocommerce-loop-product__title\">OOAK b\u00e5t\u00f8reringer s\u00f8lv og r\u00f8d korall<\/h2><\/a>\n\t<span class=\"price\"><span class=\"woocommerce-Price-amount amount\"><bdi>2 229&nbsp;<span class=\"woocommerce-Price-currencySymbol\">kr<\/span><\/bdi><\/span><\/span>\n<\/li>\n<li class=\"product type-product post-3352 status-publish first onbackorder product_cat-dots product_cat-rings has-post-thumbnail taxable shipping-taxable purchasable product-type-variable\">\n\t<div class=\"at_product_loop_top_container\"><a href=\"https:\/\/925catrinelinder.com\/no\/product\/dots-twin-ring\/\" class=\"woocommerce-LoopProduct-link woocommerce-loop-product__link\"><img loading=\"lazy\" decoding=\"async\" width=\"300\" height=\"300\" src=\"https:\/\/i0.wp.com\/925catrinelinder.com\/wp-content\/uploads\/2023\/01\/Dots-Twin-Ring-Electric-Blue-IMG_7766.jpg?resize=300%2C300&amp;ssl=1\" class=\"attachment-woocommerce_thumbnail size-woocommerce_thumbnail\" alt=\"Dots Twin Ring\" srcset=\"https:\/\/i0.wp.com\/925catrinelinder.com\/wp-content\/uploads\/2023\/01\/Dots-Twin-Ring-Electric-Blue-IMG_7766.jpg?w=3024&amp;ssl=1 3024w, https:\/\/i0.wp.com\/925catrinelinder.com\/wp-content\/uploads\/2023\/01\/Dots-Twin-Ring-Electric-Blue-IMG_7766.jpg?resize=300%2C300&amp;ssl=1 300w, https:\/\/i0.wp.com\/925catrinelinder.com\/wp-content\/uploads\/2023\/01\/Dots-Twin-Ring-Electric-Blue-IMG_7766.jpg?resize=1024%2C1024&amp;ssl=1 1024w, https:\/\/i0.wp.com\/925catrinelinder.com\/wp-content\/uploads\/2023\/01\/Dots-Twin-Ring-Electric-Blue-IMG_7766.jpg?resize=150%2C150&amp;ssl=1 150w, https:\/\/i0.wp.com\/925catrinelinder.com\/wp-content\/uploads\/2023\/01\/Dots-Twin-Ring-Electric-Blue-IMG_7766.jpg?resize=768%2C768&amp;ssl=1 768w, https:\/\/i0.wp.com\/925catrinelinder.com\/wp-content\/uploads\/2023\/01\/Dots-Twin-Ring-Electric-Blue-IMG_7766.jpg?resize=1536%2C1536&amp;ssl=1 1536w, https:\/\/i0.wp.com\/925catrinelinder.com\/wp-content\/uploads\/2023\/01\/Dots-Twin-Ring-Electric-Blue-IMG_7766.jpg?resize=2048%2C2048&amp;ssl=1 2048w, https:\/\/i0.wp.com\/925catrinelinder.com\/wp-content\/uploads\/2023\/01\/Dots-Twin-Ring-Electric-Blue-IMG_7766.jpg?resize=650%2C650&amp;ssl=1 650w, https:\/\/i0.wp.com\/925catrinelinder.com\/wp-content\/uploads\/2023\/01\/Dots-Twin-Ring-Electric-Blue-IMG_7766.jpg?resize=600%2C600&amp;ssl=1 600w, https:\/\/i0.wp.com\/925catrinelinder.com\/wp-content\/uploads\/2023\/01\/Dots-Twin-Ring-Electric-Blue-IMG_7766.jpg?resize=100%2C100&amp;ssl=1 100w, https:\/\/i0.wp.com\/925catrinelinder.com\/wp-content\/uploads\/2023\/01\/Dots-Twin-Ring-Electric-Blue-IMG_7766.jpg?w=1800&amp;ssl=1 1800w, https:\/\/i0.wp.com\/925catrinelinder.com\/wp-content\/uploads\/2023\/01\/Dots-Twin-Ring-Electric-Blue-IMG_7766.jpg?w=2700&amp;ssl=1 2700w\" sizes=\"(max-width: 300px) 100vw, 300px\" data-attachment-id=\"10294\" data-permalink=\"https:\/\/925catrinelinder.com\/no\/?attachment_id=10294\" data-orig-file=\"https:\/\/i0.wp.com\/925catrinelinder.com\/wp-content\/uploads\/2023\/01\/Dots-Twin-Ring-Electric-Blue-IMG_7766.jpg?fit=3024%2C3024&amp;ssl=1\" data-orig-size=\"3024,3024\" data-comments-opened=\"1\" data-image-meta=\"{&quot;aperture&quot;:&quot;0&quot;,&quot;credit&quot;:&quot;&quot;,&quot;camera&quot;:&quot;&quot;,&quot;caption&quot;:&quot;&quot;,&quot;created_timestamp&quot;:&quot;0&quot;,&quot;copyright&quot;:&quot;&quot;,&quot;focal_length&quot;:&quot;0&quot;,&quot;iso&quot;:&quot;0&quot;,&quot;shutter_speed&quot;:&quot;0&quot;,&quot;title&quot;:&quot;&quot;,&quot;orientation&quot;:&quot;1&quot;}\" data-image-title=\"Dots Twin Ring Electric Blue IMG_7766\" data-image-description=\"\" data-image-caption=\"\" data-large-file=\"https:\/\/i0.wp.com\/925catrinelinder.com\/wp-content\/uploads\/2023\/01\/Dots-Twin-Ring-Electric-Blue-IMG_7766.jpg?fit=900%2C900&amp;ssl=1\" \/><\/a><div class=\"at_product_actions_mask lc_js_link bar_prod_actions\" data-href=\"https:\/\/925catrinelinder.com\/no\/product\/dots-twin-ring\/\" data-atcot=\"0\"><div class=\"at_wishlist_quickview_btns\"><a href=\"#\" class=\"artemis_swp_add_to_wishlist at_first_color\" title=\"Add to wishlist\" data-wishlist-id=\"3352\"><i class=\"fa fa-heart-o\"><\/i> <span>Add to wishlist<\/span><\/a><span class=\"artemis_swp_quickview_button\"><a data-src=\"https:\/\/925catrinelinder.com\/wp-admin\/admin-ajax.php?action=artemis_swp_quick_view&amp;product_id=3352\" title=\"Quick View\" data-caption=\"Dots Twin Ring\" href=\"javascript:void(0)\" data-type=\"ajax\"><i class=\"fa fa-eye\"><\/i><\/a><\/span><\/div><a href=\"https:\/\/925catrinelinder.com\/no\/product\/dots-twin-ring\/\" aria-describedby=\"woocommerce_loop_add_to_cart_link_describedby_3352\" data-quantity=\"1\" class=\"button product_type_variable add_to_cart_button\" data-product_id=\"3352\" data-product_sku=\"5-J-AG-EM-1-2225\" aria-label=\"Velg innstillinger for \u00abDots Twin Ring\u00bb\" rel=\"nofollow\" data-no-translation=\"\" data-trp-gettext=\"\" data-no-translation-aria-label=\"\">Velg alternativ<\/a>\t<span id=\"woocommerce_loop_add_to_cart_link_describedby_3352\" class=\"screen-reader-text\">\n\t\tDette produktet har flere varianter. Alternativene kan velges p\u00e5 produktsiden\t<\/span>\n<\/div><\/div><a href=\"https:\/\/925catrinelinder.com\/no\/product\/dots-twin-ring\/\" class=\"woocommerce-LoopProduct-link woocommerce-loop-product__link\"><h2 class=\"woocommerce-loop-product__title\">Dots Twin Ring<\/h2><\/a>\n\t<span class=\"price\"><span class=\"woocommerce-Price-amount amount\" aria-hidden=\"true\"><bdi>2 389&nbsp;<span class=\"woocommerce-Price-currencySymbol\">&#107;&#114;<\/span><\/bdi><\/span> <span aria-hidden=\"true\">-<\/span> <span class=\"woocommerce-Price-amount amount\" aria-hidden=\"true\"><bdi>2 589&nbsp;<span class=\"woocommerce-Price-currencySymbol\">&#107;&#114;<\/span><\/bdi><\/span><span class=\"screen-reader-text\" data-no-translation=\"\" data-trp-gettext=\"\">Prisomr\u00e5de: 2 389&nbsp;&#107;&#114; til og med 2 589&nbsp;&#107;&#114;<\/span><\/span>\n<\/li>\n<\/ul>\n<\/div>\t\t\t\t<\/div>\n\t\t\t\t<\/div>\n\t\t\t\t\t<\/div>\n\t\t<\/div>\n\t\t\t\t\t<\/div>\n\t\t<\/section>\n\t\t\t\t<\/div>","protected":false},"excerpt":{"rendered":"","protected":false},"author":26509973,"featured_media":0,"parent":0,"menu_order":0,"comment_status":"closed","ping_status":"closed","template":"","meta":{"inline_featured_image":false,"footnotes":""},"class_list":["post-10325","page","type-page","status-publish","hentry"],"jetpack_likes_enabled":false,"jetpack_sharing_enabled":true,"_links":{"self":[{"href":"https:\/\/925catrinelinder.com\/no\/wp-json\/wp\/v2\/pages\/10325","targetHints":{"allow":["GET"]}}],"collection":[{"href":"https:\/\/925catrinelinder.com\/no\/wp-json\/wp\/v2\/pages"}],"about":[{"href":"https:\/\/925catrinelinder.com\/no\/wp-json\/wp\/v2\/types\/page"}],"author":[{"embeddable":true,"href":"https:\/\/925catrinelinder.com\/no\/wp-json\/wp\/v2\/users\/26509973"}],"replies":[{"embeddable":true,"href":"https:\/\/925catrinelinder.com\/no\/wp-json\/wp\/v2\/comments?post=10325"}],"version-history":[{"count":0,"href":"https:\/\/925catrinelinder.com\/no\/wp-json\/wp\/v2\/pages\/10325\/revisions"}],"wp:attachment":[{"href":"https:\/\/925catrinelinder.com\/no\/wp-json\/wp\/v2\/media?parent=10325"}],"curies":[{"name":"wp","href":"https:\/\/api.w.org\/{rel}","templated":true}]}}