{"id":12206,"date":"2024-10-15T23:52:49","date_gmt":"2024-10-15T21:52:49","guid":{"rendered":"https:\/\/925catrinelinder.com\/?page_id=12206"},"modified":"2024-10-15T23:55:50","modified_gmt":"2024-10-15T21:55:50","slug":"betalinger","status":"publish","type":"page","link":"https:\/\/925catrinelinder.com\/no\/payments\/","title":{"rendered":"Betalinger"},"content":{"rendered":"<div data-elementor-type=\"wp-page\" data-elementor-id=\"12206\" class=\"elementor elementor-12206\" data-elementor-post-type=\"page\">\n\t\t\t\t\t\t<section class=\"elementor-section elementor-top-section elementor-element elementor-element-72680dae elementor-section-boxed elementor-section-height-default elementor-section-height-default\" data-id=\"72680dae\" data-element_type=\"section\" data-e-type=\"section\">\n\t\t\t\t\t\t<div class=\"elementor-container elementor-column-gap-default\">\n\t\t\t\t\t<div class=\"elementor-column elementor-col-100 elementor-top-column elementor-element elementor-element-2966f70\" data-id=\"2966f70\" data-element_type=\"column\" data-e-type=\"column\">\n\t\t\t<div class=\"elementor-widget-wrap elementor-element-populated\">\n\t\t\t\t\t\t<div class=\"elementor-element elementor-element-4dcfd64 elementor-widget elementor-widget-text-editor\" data-id=\"4dcfd64\" data-element_type=\"widget\" data-e-type=\"widget\" data-widget_type=\"text-editor.default\">\n\t\t\t\t<div class=\"elementor-widget-container\">\n\t\t\t\t\t\t\t\t\t<p>Informasjon om betaling, priser og skatt<\/p><p>Betalingsalternativer akseptert:<br \/>Kreditt-\/debetkort: Visa, Mastercard, Maestro, Diners Club, Discover, American Express <br \/>Betalingstjenester p\u00e5 nett: PayPal, Klarna, Apple Pay og Vipps.<\/p><p>Etter at du har lagt inn bestillingen, vil kredittkortet ditt bli belastet n\u00e5r vi sender bestillingen din. Vi kan holde tilbake pengene p\u00e5 kortet ditt i opptil 30 dager frem til bestillingen er fakturert og sendt. Dette kan v\u00e6re tilfelle hvis du har bestilt en vare i restordre.<\/p><p>Priser og valutaer<br \/>Prisene er for tiden i norske kroner, inkludert moms n\u00e5r du handler i Norge.<\/p><p>For alle andre kunder som handler fra for eksempel USA, EU osv., er skatt og importavgifter ikke inkludert i prisen som vises i kassen. Den faste prisen for frakt vil oppst\u00e5 i kassen avhengig av leveringsadressen du har oppgitt.<\/p><p>TNT\/FedEx vil fungere som megler for fortolling og innkreve eventuelle n\u00f8dvendige tollavgifter og skatter. Kundene er ansvarlige for disse kostnadene.<\/p><p>For mer kompliserte sp\u00f8rsm\u00e5l om tollbestemmelser og importavgifter, vennligst kontakt ditt lokale tollkontor. Vi arbeider med \u00e5 tilby nye l\u00f8sninger for v\u00e5re kunder innen EU og internasjonalt med frakt fra Sverige.<\/p><p>Ettersom prisene p\u00e5 finmetaller gjennomg\u00e5r betydelige endringer, forbeholder vi oss retten til \u00e5 endre og oppdatere prisene p\u00e5 nettstedet v\u00e5rt uten forvarsel.<\/p><p>Takk for din forst\u00e5else, og bare si ifra hvis du trenger mer hjelp.<\/p><p>-Katrine.<\/p>\t\t\t\t\t\t\t\t<\/div>\n\t\t\t\t<\/div>\n\t\t\t\t\t<\/div>\n\t\t<\/div>\n\t\t\t\t\t<\/div>\n\t\t<\/section>\n\t\t\t\t<section class=\"elementor-section elementor-top-section elementor-element elementor-element-4931a4d elementor-section-boxed elementor-section-height-default elementor-section-height-default\" data-id=\"4931a4d\" data-element_type=\"section\" data-e-type=\"section\">\n\t\t\t\t\t\t<div class=\"elementor-container elementor-column-gap-default\">\n\t\t\t\t\t<div class=\"elementor-column elementor-col-100 elementor-top-column elementor-element elementor-element-fd599f0\" data-id=\"fd599f0\" data-element_type=\"column\" data-e-type=\"column\">\n\t\t\t<div class=\"elementor-widget-wrap elementor-element-populated\">\n\t\t\t\t\t\t<div class=\"elementor-element elementor-element-aa2c9cb elementor-widget elementor-widget-image\" data-id=\"aa2c9cb\" data-element_type=\"widget\" data-e-type=\"widget\" data-widget_type=\"image.default\">\n\t\t\t\t<div class=\"elementor-widget-container\">\n\t\t\t\t\t\t\t\t\t\t\t\t\t\t\t<img fetchpriority=\"high\" decoding=\"async\" data-attachment-id=\"12195\" data-permalink=\"https:\/\/925catrinelinder.com\/no\/delivery\/giftbox-with-stetind-ring\/\" data-orig-file=\"https:\/\/i0.wp.com\/925catrinelinder.com\/wp-content\/uploads\/2024\/10\/giftbox-with-Stetind-ring.png?fit=1170%2C1207&amp;ssl=1\" data-orig-size=\"1170,1207\" data-comments-opened=\"1\" data-image-meta=\"{&quot;aperture&quot;:&quot;0&quot;,&quot;credit&quot;:&quot;&quot;,&quot;camera&quot;:&quot;&quot;,&quot;caption&quot;:&quot;&quot;,&quot;created_timestamp&quot;:&quot;0&quot;,&quot;copyright&quot;:&quot;&quot;,&quot;focal_length&quot;:&quot;0&quot;,&quot;iso&quot;:&quot;0&quot;,&quot;shutter_speed&quot;:&quot;0&quot;,&quot;title&quot;:&quot;&quot;,&quot;orientation&quot;:&quot;0&quot;}\" data-image-title=\"giftbox with Stetind ring\" data-image-description=\"\" data-image-caption=\"\" data-large-file=\"https:\/\/i0.wp.com\/925catrinelinder.com\/wp-content\/uploads\/2024\/10\/giftbox-with-Stetind-ring.png?fit=900%2C928&amp;ssl=1\" width=\"291\" height=\"300\" src=\"https:\/\/i0.wp.com\/925catrinelinder.com\/wp-content\/uploads\/2024\/10\/giftbox-with-Stetind-ring.png?fit=291%2C300&amp;ssl=1\" class=\"attachment-medium size-medium wp-image-12195\" alt=\"\" srcset=\"https:\/\/i0.wp.com\/925catrinelinder.com\/wp-content\/uploads\/2024\/10\/giftbox-with-Stetind-ring.png?w=1170&amp;ssl=1 1170w, https:\/\/i0.wp.com\/925catrinelinder.com\/wp-content\/uploads\/2024\/10\/giftbox-with-Stetind-ring.png?resize=291%2C300&amp;ssl=1 291w, https:\/\/i0.wp.com\/925catrinelinder.com\/wp-content\/uploads\/2024\/10\/giftbox-with-Stetind-ring.png?resize=993%2C1024&amp;ssl=1 993w, https:\/\/i0.wp.com\/925catrinelinder.com\/wp-content\/uploads\/2024\/10\/giftbox-with-Stetind-ring.png?resize=768%2C792&amp;ssl=1 768w, https:\/\/i0.wp.com\/925catrinelinder.com\/wp-content\/uploads\/2024\/10\/giftbox-with-Stetind-ring.png?resize=650%2C671&amp;ssl=1 650w, https:\/\/i0.wp.com\/925catrinelinder.com\/wp-content\/uploads\/2024\/10\/giftbox-with-Stetind-ring.png?resize=600%2C619&amp;ssl=1 600w\" sizes=\"(max-width: 291px) 100vw, 291px\" \/>\t\t\t\t\t\t\t\t\t\t\t\t\t\t\t<\/div>\n\t\t\t\t<\/div>\n\t\t\t\t\t<\/div>\n\t\t<\/div>\n\t\t\t\t\t<\/div>\n\t\t<\/section>\n\t\t\t\t<\/div>","protected":false},"excerpt":{"rendered":"<p>Payment, Pricing, and Tax Information Payment Options accepted:Credit\/Debit Cards: Visa, Mastercard, Maestro, Diners Club, Discover, American Express Online Payment Services: PayPal, Klarna, Apple Pay and Vipps. After placing your order, your creditcard will be charged as we send your order&#8230;.<\/p>","protected":false},"author":26509973,"featured_media":0,"parent":0,"menu_order":0,"comment_status":"closed","ping_status":"closed","template":"","meta":{"inline_featured_image":false,"footnotes":""},"class_list":["post-12206","page","type-page","status-publish","hentry"],"jetpack_likes_enabled":false,"jetpack_sharing_enabled":true,"_links":{"self":[{"href":"https:\/\/925catrinelinder.com\/no\/wp-json\/wp\/v2\/pages\/12206","targetHints":{"allow":["GET"]}}],"collection":[{"href":"https:\/\/925catrinelinder.com\/no\/wp-json\/wp\/v2\/pages"}],"about":[{"href":"https:\/\/925catrinelinder.com\/no\/wp-json\/wp\/v2\/types\/page"}],"author":[{"embeddable":true,"href":"https:\/\/925catrinelinder.com\/no\/wp-json\/wp\/v2\/users\/26509973"}],"replies":[{"embeddable":true,"href":"https:\/\/925catrinelinder.com\/no\/wp-json\/wp\/v2\/comments?post=12206"}],"version-history":[{"count":0,"href":"https:\/\/925catrinelinder.com\/no\/wp-json\/wp\/v2\/pages\/12206\/revisions"}],"wp:attachment":[{"href":"https:\/\/925catrinelinder.com\/no\/wp-json\/wp\/v2\/media?parent=12206"}],"curies":[{"name":"wp","href":"https:\/\/api.w.org\/{rel}","templated":true}]}}