{"id":14592,"date":"2026-01-26T19:54:50","date_gmt":"2026-01-26T18:54:50","guid":{"rendered":"https:\/\/925catrinelinder.com\/?page_id=14592"},"modified":"2026-01-26T19:56:32","modified_gmt":"2026-01-26T18:56:32","slug":"blogg-2","status":"publish","type":"page","link":"https:\/\/925catrinelinder.com\/no\/blog-2\/","title":{"rendered":"Blogg"},"content":{"rendered":"<div data-elementor-type=\"wp-page\" data-elementor-id=\"14592\" class=\"elementor elementor-14592\" data-elementor-post-type=\"page\">\n\t\t\t\t\t\t<section class=\"elementor-section elementor-top-section elementor-element elementor-element-b71ee4a elementor-section-boxed elementor-section-height-default elementor-section-height-default\" data-id=\"b71ee4a\" data-element_type=\"section\" data-e-type=\"section\">\n\t\t\t\t\t\t<div class=\"elementor-container elementor-column-gap-default\">\n\t\t\t\t\t<div class=\"elementor-column elementor-col-100 elementor-top-column elementor-element elementor-element-d247cbe\" data-id=\"d247cbe\" data-element_type=\"column\" data-e-type=\"column\">\n\t\t\t<div class=\"elementor-widget-wrap elementor-element-populated\">\n\t\t\t\t\t\t<div class=\"elementor-element elementor-element-ac71fc6 elementor-grid-3 elementor-grid-tablet-2 elementor-grid-mobile-1 elementor-posts--thumbnail-top elementor-widget elementor-widget-posts\" data-id=\"ac71fc6\" data-element_type=\"widget\" data-e-type=\"widget\" data-settings=\"{&quot;classic_columns&quot;:&quot;3&quot;,&quot;classic_columns_tablet&quot;:&quot;2&quot;,&quot;classic_columns_mobile&quot;:&quot;1&quot;,&quot;classic_row_gap&quot;:{&quot;unit&quot;:&quot;px&quot;,&quot;size&quot;:35,&quot;sizes&quot;:[]},&quot;classic_row_gap_tablet&quot;:{&quot;unit&quot;:&quot;px&quot;,&quot;size&quot;:&quot;&quot;,&quot;sizes&quot;:[]},&quot;classic_row_gap_mobile&quot;:{&quot;unit&quot;:&quot;px&quot;,&quot;size&quot;:&quot;&quot;,&quot;sizes&quot;:[]}}\" data-widget_type=\"posts.classic\">\n\t\t\t\t<div class=\"elementor-widget-container\">\n\t\t\t\t\t\t\t<div class=\"elementor-posts-container elementor-posts elementor-posts--skin-classic elementor-grid\" role=\"list\">\n\t\t\t\t<article class=\"elementor-post elementor-grid-item post-14597 post type-post status-publish format-standard has-post-thumbnail hentry category-uncategorized\" role=\"listitem\">\n\t\t\t\t<a class=\"elementor-post__thumbnail__link\" href=\"https:\/\/925catrinelinder.com\/no\/the-train-ride-that-changed-everything-%f0%9f%9a%82\/\" tabindex=\"-1\" >\n\t\t\t<div class=\"elementor-post__thumbnail\"><img fetchpriority=\"high\" decoding=\"async\" data-attachment-id=\"14576\" data-permalink=\"https:\/\/925catrinelinder.com\/no\/ta%cc%8ag-med-narvik-do%cc%88r\/\" data-orig-file=\"https:\/\/i0.wp.com\/925catrinelinder.com\/wp-content\/uploads\/2026\/01\/TAG-MED-NARVIK-DOR.jpeg?fit=3651%2C2054&amp;ssl=1\" data-orig-size=\"3651,2054\" data-comments-opened=\"1\" data-image-meta=\"{&quot;aperture&quot;:&quot;0&quot;,&quot;credit&quot;:&quot;&quot;,&quot;camera&quot;:&quot;&quot;,&quot;caption&quot;:&quot;&quot;,&quot;created_timestamp&quot;:&quot;0&quot;,&quot;copyright&quot;:&quot;&quot;,&quot;focal_length&quot;:&quot;0&quot;,&quot;iso&quot;:&quot;0&quot;,&quot;shutter_speed&quot;:&quot;0&quot;,&quot;title&quot;:&quot;&quot;,&quot;orientation&quot;:&quot;0&quot;}\" data-image-title=\"TA\u030aG MED NARVIK DO\u0308R\" data-image-description=\"\" data-image-caption=\"\" data-large-file=\"https:\/\/i0.wp.com\/925catrinelinder.com\/wp-content\/uploads\/2026\/01\/TAG-MED-NARVIK-DOR.jpeg?fit=900%2C506&amp;ssl=1\" width=\"900\" height=\"506\" src=\"https:\/\/i0.wp.com\/925catrinelinder.com\/wp-content\/uploads\/2026\/01\/TAG-MED-NARVIK-DOR.jpeg?fit=900%2C506&amp;ssl=1\" class=\"attachment-large size-large wp-image-14576\" alt=\"\" srcset=\"https:\/\/i0.wp.com\/925catrinelinder.com\/wp-content\/uploads\/2026\/01\/TAG-MED-NARVIK-DOR.jpeg?w=3651&amp;ssl=1 3651w, https:\/\/i0.wp.com\/925catrinelinder.com\/wp-content\/uploads\/2026\/01\/TAG-MED-NARVIK-DOR.jpeg?resize=300%2C169&amp;ssl=1 300w, https:\/\/i0.wp.com\/925catrinelinder.com\/wp-content\/uploads\/2026\/01\/TAG-MED-NARVIK-DOR.jpeg?resize=1024%2C576&amp;ssl=1 1024w, https:\/\/i0.wp.com\/925catrinelinder.com\/wp-content\/uploads\/2026\/01\/TAG-MED-NARVIK-DOR.jpeg?resize=768%2C432&amp;ssl=1 768w, https:\/\/i0.wp.com\/925catrinelinder.com\/wp-content\/uploads\/2026\/01\/TAG-MED-NARVIK-DOR.jpeg?resize=1536%2C864&amp;ssl=1 1536w, https:\/\/i0.wp.com\/925catrinelinder.com\/wp-content\/uploads\/2026\/01\/TAG-MED-NARVIK-DOR.jpeg?resize=2048%2C1152&amp;ssl=1 2048w, https:\/\/i0.wp.com\/925catrinelinder.com\/wp-content\/uploads\/2026\/01\/TAG-MED-NARVIK-DOR.jpeg?resize=18%2C10&amp;ssl=1 18w, https:\/\/i0.wp.com\/925catrinelinder.com\/wp-content\/uploads\/2026\/01\/TAG-MED-NARVIK-DOR.jpeg?resize=650%2C366&amp;ssl=1 650w, https:\/\/i0.wp.com\/925catrinelinder.com\/wp-content\/uploads\/2026\/01\/TAG-MED-NARVIK-DOR.jpeg?resize=600%2C338&amp;ssl=1 600w, https:\/\/i0.wp.com\/925catrinelinder.com\/wp-content\/uploads\/2026\/01\/TAG-MED-NARVIK-DOR.jpeg?w=1800&amp;ssl=1 1800w, https:\/\/i0.wp.com\/925catrinelinder.com\/wp-content\/uploads\/2026\/01\/TAG-MED-NARVIK-DOR.jpeg?w=2700&amp;ssl=1 2700w\" sizes=\"(max-width: 900px) 100vw, 900px\" \/><\/div>\n\t\t<\/a>\n\t\t\t\t<div class=\"elementor-post__text\">\n\t\t\t\t<h3 class=\"elementor-post__title\">\n\t\t\t<a href=\"https:\/\/925catrinelinder.com\/no\/the-train-ride-that-changed-everything-%f0%9f%9a%82\/\" >\n\t\t\t\tTogturen som forandret alt ...\ud83d\ude82\t\t\t<\/a>\n\t\t<\/h3>\n\t\t\t\t<div class=\"elementor-post__meta-data\">\n\t\t\t\t\t<span class=\"elementor-post-date\">\n\t\t\t26\/01\/2026\t\t<\/span>\n\t\t\t\t<span class=\"elementor-post-avatar\">\n\t\t\t2 kommentarer\t\t<\/span>\n\t\t\t\t<\/div>\n\t\t\t\t<div class=\"elementor-post__excerpt\">\n\t\t\t<p>Mitt f\u00f8rste blogginnlegg! Jeg bestemte meg for \u00e5 dele litt om hvordan det hele startet, hvordan jeg kom hit - og viktigst av alt, hva som startet reisen min.  S\u00e5 la meg ta deg med tilbake til der det hele begynte. Noen<\/p>\n\t\t<\/div>\n\t\t\n\t\t<a class=\"elementor-post__read-more\" href=\"https:\/\/925catrinelinder.com\/no\/the-train-ride-that-changed-everything-%f0%9f%9a%82\/\" aria-label=\"Read more about The train ride that changed everything&#8230;\ud83d\ude82\" tabindex=\"-1\" >\n\t\t\tLes mer \u00bb\t\t<\/a>\n\n\t\t\t\t<\/div>\n\t\t\t\t<\/article>\n\t\t\t\t<\/div>\n\t\t\n\t\t\t\t\t\t<\/div>\n\t\t\t\t<\/div>\n\t\t\t\t\t<\/div>\n\t\t<\/div>\n\t\t\t\t\t<\/div>\n\t\t<\/section>\n\t\t\t\t<\/div>","protected":false},"excerpt":{"rendered":"","protected":false},"author":26509973,"featured_media":0,"parent":0,"menu_order":0,"comment_status":"closed","ping_status":"closed","template":"","meta":{"inline_featured_image":false,"footnotes":""},"class_list":["post-14592","page","type-page","status-publish","hentry"],"jetpack_likes_enabled":false,"jetpack_sharing_enabled":true,"_links":{"self":[{"href":"https:\/\/925catrinelinder.com\/no\/wp-json\/wp\/v2\/pages\/14592","targetHints":{"allow":["GET"]}}],"collection":[{"href":"https:\/\/925catrinelinder.com\/no\/wp-json\/wp\/v2\/pages"}],"about":[{"href":"https:\/\/925catrinelinder.com\/no\/wp-json\/wp\/v2\/types\/page"}],"author":[{"embeddable":true,"href":"https:\/\/925catrinelinder.com\/no\/wp-json\/wp\/v2\/users\/26509973"}],"replies":[{"embeddable":true,"href":"https:\/\/925catrinelinder.com\/no\/wp-json\/wp\/v2\/comments?post=14592"}],"version-history":[{"count":4,"href":"https:\/\/925catrinelinder.com\/no\/wp-json\/wp\/v2\/pages\/14592\/revisions"}],"predecessor-version":[{"id":14596,"href":"https:\/\/925catrinelinder.com\/no\/wp-json\/wp\/v2\/pages\/14592\/revisions\/14596"}],"wp:attachment":[{"href":"https:\/\/925catrinelinder.com\/no\/wp-json\/wp\/v2\/media?parent=14592"}],"curies":[{"name":"wp","href":"https:\/\/api.w.org\/{rel}","templated":true}]}}