{"id":2,"date":"2011-09-01T07:03:19","date_gmt":"2011-09-01T05:03:19","guid":{"rendered":"http:\/\/925catrinelinder.wpcomstaging.com?page_id=2"},"modified":"2024-10-20T15:18:45","modified_gmt":"2024-10-20T13:18:45","slug":"om-catrine-linder","status":"publish","type":"page","link":"https:\/\/925catrinelinder.com\/no\/about-catrine-linder\/","title":{"rendered":"OM"},"content":{"rendered":"<div data-elementor-type=\"wp-page\" data-elementor-id=\"2\" class=\"elementor elementor-2\" data-elementor-post-type=\"page\">\n\t\t\t\t\t\t<section class=\"elementor-section elementor-top-section elementor-element elementor-element-6e6c03b2 elementor-section-boxed elementor-section-height-default elementor-section-height-default\" data-id=\"6e6c03b2\" data-element_type=\"section\" data-e-type=\"section\">\n\t\t\t\t\t\t<div class=\"elementor-container elementor-column-gap-default\">\n\t\t\t\t\t<div class=\"elementor-column elementor-col-100 elementor-top-column elementor-element elementor-element-1df79ff0\" data-id=\"1df79ff0\" data-element_type=\"column\" data-e-type=\"column\">\n\t\t\t<div class=\"elementor-widget-wrap elementor-element-populated\">\n\t\t\t\t\t\t<div class=\"elementor-element elementor-element-6488a63b elementor-widget elementor-widget-text-editor\" data-id=\"6488a63b\" data-element_type=\"widget\" data-e-type=\"widget\" data-widget_type=\"text-editor.default\">\n\t\t\t\t<div class=\"elementor-widget-container\">\n\t\t\t\t\t\t\t\t\t<div class=\"_4bl9\">\n<div class=\"_3-8w\">\n<div class=\"_4bl9\">\n\n<img fetchpriority=\"high\" decoding=\"async\" data-attachment-id=\"11792\" data-permalink=\"https:\/\/925catrinelinder.com\/no\/catrine-profile-pic-no-background\/\" data-orig-file=\"https:\/\/i0.wp.com\/925catrinelinder.com\/wp-content\/uploads\/2024\/03\/Catrine-profile-pic-no-background.png?fit=300%2C340&amp;ssl=1\" data-orig-size=\"300,340\" data-comments-opened=\"1\" data-image-meta=\"{&quot;aperture&quot;:&quot;0&quot;,&quot;credit&quot;:&quot;&quot;,&quot;camera&quot;:&quot;&quot;,&quot;caption&quot;:&quot;&quot;,&quot;created_timestamp&quot;:&quot;0&quot;,&quot;copyright&quot;:&quot;&quot;,&quot;focal_length&quot;:&quot;0&quot;,&quot;iso&quot;:&quot;0&quot;,&quot;shutter_speed&quot;:&quot;0&quot;,&quot;title&quot;:&quot;&quot;,&quot;orientation&quot;:&quot;0&quot;}\" data-image-title=\"Catrine profile pic no background\" data-image-description=\"\" data-image-caption=\"\" data-large-file=\"https:\/\/i0.wp.com\/925catrinelinder.com\/wp-content\/uploads\/2024\/03\/Catrine-profile-pic-no-background.png?fit=300%2C340&amp;ssl=1\" data-recalc-dims=\"1\" class=\"wp-image-11792 size-medium alignright\" src=\"https:\/\/i0.wp.com\/925catrinelinder.com\/wp-content\/uploads\/2024\/03\/Catrine-profile-pic-no-background.png?resize=265%2C300&#038;ssl=1\" alt=\"\" width=\"265\" height=\"300\" srcset=\"https:\/\/i0.wp.com\/925catrinelinder.com\/wp-content\/uploads\/2024\/03\/Catrine-profile-pic-no-background.png?w=300&amp;ssl=1 300w, https:\/\/i0.wp.com\/925catrinelinder.com\/wp-content\/uploads\/2024\/03\/Catrine-profile-pic-no-background.png?resize=265%2C300&amp;ssl=1 265w\" sizes=\"(max-width: 265px) 100vw, 265px\" \/>\n\n<\/div>\n<\/div>\n<\/div>\n<div class=\"_4bl9\">\n<div class=\"_3-8w\">\n<div class=\"_4bl9\">\n<div style=\"text-align: left;\">\n\n<span style=\"font-weight: 400;\">Jeg heter Catrine Linder og kommer fra Nord-Norge. Jeg har bodd i Sverige siden jeg m\u00f8tte min store kj\u00e6rlighet i Lofoten, og har reist mellom mine to hjemland med verkt\u00f8y og ideer. Jeg har spesialisert meg p\u00e5 \u00e5 designe og lage b\u00e6rekraftig og etisk raffinert utstyr og smykker i Norge og Sverige. Inspirert av den fantastiske naturen og fargene i det arktiske nord, fjellklatring, fjell og friluftsliv, er jeg trofast mot tradisjonelle gullsmedmetoder.\u00a0<\/span>\n\n<span style=\"font-weight: 400;\">Kjernen i min kreative filosofi er ogs\u00e5 et sterkt engasjement for \u00e5 minimere milj\u00f8p\u00e5virkningen. I mine skandinaviske smykker bruker jeg resirkulerte materialer og st\u00f8tter aktivt arbeidet til WWF Norge.\u00a0\u00a0<\/span>\n\n<span style=\"font-weight: 400;\">Friendly-kolleksjonen er inspirert av fjellklatring og forteller om vennskap, tillit og trygghet.<\/span>\n\n<span style=\"font-weight: 400;\">Dots, Scandi, North og Coin er min signaturkolleksjon med emaljesmykker i glass som deler fargene fra det arktiske nord. Jeg elsker \u00e5 skape personlige smykker som bare finnes p\u00e5 noen f\u00e5 utvalgte steder. Smykkeproduksjon er min m\u00e5te \u00e5 fortelle en historie p\u00e5. Velg godt og kj\u00f8p mindre. La smykkene dine v\u00e6re et bevisst valg som fremhever din personlighet. Jeg h\u00e5per at ditt Catrine Linder-smykke vil g\u00e5 i arv i generasjoner.\u00a0<\/span>\n\n<span style=\"font-weight: 400;\">Ved \u00e5 bruke resirkulerte metaller og materialer, emballasje og kortreiste tjenester gj\u00f8r jeg mitt beste for \u00e5 unng\u00e5 \u00e5 etterlate fotavtrykk i v\u00e5r s\u00e5rbare natur. Jeg h\u00e5per at mine skandinaviske smykker og min \"give-back\"-praksis kan ha en positiv innvirkning og kanskje oppmuntre andre til \u00e5 tenke at naturen er det som vil redde oss.\u00a0<\/span>\n\n<span style=\"font-weight: 400;\">God shopping med omtanke. Arbeidet mitt kommer med en historie - som fortsetter med deg.\u00a0\u00a0<\/span>\n\n<span style=\"font-weight: 400;\">Vil du vite mer? Her er en invitasjon til <\/span><a href=\"https:\/\/mailchi.mp\/925catrinelinder.com\/sign-up-for-catrines-inner-circle\"><span style=\"font-weight: 400;\">motta brevene mine<\/span><\/a><span style=\"font-weight: 400;\"> !\u00a0<\/span>\n\n<span style=\"font-weight: 400;\">Vi gleder oss til nye historier!\u00a0<\/span>\n\n<span style=\"font-weight: 400;\">- Catrine<\/span>\n<p class=\"p1\"><img decoding=\"async\" data-attachment-id=\"5186\" data-permalink=\"https:\/\/925catrinelinder.com\/no\/about-catrine-linder\/cl_logo_symbol-2\/\" data-orig-file=\"https:\/\/i0.wp.com\/925catrinelinder.com\/wp-content\/uploads\/2020\/04\/CL_logo_symbol.png?fit=347%2C394&amp;ssl=1\" data-orig-size=\"347,394\" data-comments-opened=\"1\" data-image-meta=\"{&quot;aperture&quot;:&quot;0&quot;,&quot;credit&quot;:&quot;&quot;,&quot;camera&quot;:&quot;&quot;,&quot;caption&quot;:&quot;&quot;,&quot;created_timestamp&quot;:&quot;0&quot;,&quot;copyright&quot;:&quot;&quot;,&quot;focal_length&quot;:&quot;0&quot;,&quot;iso&quot;:&quot;0&quot;,&quot;shutter_speed&quot;:&quot;0&quot;,&quot;title&quot;:&quot;&quot;,&quot;orientation&quot;:&quot;0&quot;}\" data-image-title=\"CL_logo_symbol\" data-image-description=\"\" data-image-caption=\"\" data-large-file=\"https:\/\/i0.wp.com\/925catrinelinder.com\/wp-content\/uploads\/2020\/04\/CL_logo_symbol.png?fit=347%2C394&amp;ssl=1\" data-recalc-dims=\"1\" class=\"wp-image-5186 aligncenter\" style=\"color: var(--color-text);\" src=\"https:\/\/i0.wp.com\/925catrinelinder.com\/wp-content\/uploads\/2020\/04\/CL_logo_symbol.png?resize=45%2C51&#038;ssl=1\" alt=\"CL_logo_symbol\" width=\"45\" height=\"51\" srcset=\"https:\/\/i0.wp.com\/925catrinelinder.com\/wp-content\/uploads\/2020\/04\/CL_logo_symbol.png?w=347&amp;ssl=1 347w, https:\/\/i0.wp.com\/925catrinelinder.com\/wp-content\/uploads\/2020\/04\/CL_logo_symbol.png?resize=264%2C300&amp;ssl=1 264w\" sizes=\"(max-width: 45px) 100vw, 45px\" \/><\/p>\n\n<\/div>\n<div style=\"text-align: left;\"><\/div>\n<\/div>\n<div class=\"_4bl9\">\n<div><\/div>\n<\/div>\n<\/div>\n<\/div>\t\t\t\t\t\t\t\t<\/div>\n\t\t\t\t<\/div>\n\t\t\t\t\t<\/div>\n\t\t<\/div>\n\t\t\t\t\t<\/div>\n\t\t<\/section>\n\t\t\t\t<\/div>","protected":false},"excerpt":{"rendered":"<p>&#8220;I don&#8217;t make jewellery, I make Refined Equipment for Friends who love to move around outdoors!&#8221;\u00a0&#8211; Catrine Linder<\/p>","protected":false},"author":26509973,"featured_media":0,"parent":0,"menu_order":0,"comment_status":"closed","ping_status":"closed","template":"","meta":{"inline_featured_image":false,"footnotes":""},"class_list":["post-2","page","type-page","status-publish","hentry"],"jetpack_likes_enabled":false,"jetpack_sharing_enabled":false,"_links":{"self":[{"href":"https:\/\/925catrinelinder.com\/no\/wp-json\/wp\/v2\/pages\/2","targetHints":{"allow":["GET"]}}],"collection":[{"href":"https:\/\/925catrinelinder.com\/no\/wp-json\/wp\/v2\/pages"}],"about":[{"href":"https:\/\/925catrinelinder.com\/no\/wp-json\/wp\/v2\/types\/page"}],"author":[{"embeddable":true,"href":"https:\/\/925catrinelinder.com\/no\/wp-json\/wp\/v2\/users\/26509973"}],"replies":[{"embeddable":true,"href":"https:\/\/925catrinelinder.com\/no\/wp-json\/wp\/v2\/comments?post=2"}],"version-history":[{"count":0,"href":"https:\/\/925catrinelinder.com\/no\/wp-json\/wp\/v2\/pages\/2\/revisions"}],"wp:attachment":[{"href":"https:\/\/925catrinelinder.com\/no\/wp-json\/wp\/v2\/media?parent=2"}],"curies":[{"name":"wp","href":"https:\/\/api.w.org\/{rel}","templated":true}]}}