{"id":10131,"date":"2022-12-12T17:41:29","date_gmt":"2022-12-12T16:41:29","guid":{"rendered":"http:\/\/25catrinelinder.wpcomstaging.com\/?post_type=product&#038;p=10131"},"modified":"2025-11-06T14:35:26","modified_gmt":"2025-11-06T13:35:26","slug":"mynt-emaljesett-jeansblue-one-of-a-kind","status":"publish","type":"product","link":"https:\/\/925catrinelinder.com\/no\/product\/coin-enamel-set-jeansblue-one-of-a-kind\/","title":{"rendered":"OOAK Myntemaljesett JEANS BLUE one-of-a-kind"},"content":{"rendered":"<p>Myntemaljene - smykkehistoriefortelling - gjenbruk og gjenopplivning av mynter. Mynter og emalje g\u00e5r aldri av moten. Passer like godt til favorittstrikken som til den hvite linneblusen.  Mynten m\u00e5ler 15 mm i diameter og ringene er justerbare. De vakre ekornene er laget av kunstneren Per Palle Storm. Det var en gang mynter ... fortell historiene og del minnene. Gi det videre til kommende generasjoner. Barndomsminnene med en varm mynt i h\u00e5nden - en skatt s\u00e5 s\u00f8t.<\/p>\n<p>Disse er unike i fargesammenheng. Det betyr at denne fargen er en engangsforeteelse, ettersom jeg har begrenset tilgjengelighet og stadig legger til nye og vakre emaljefarger i arbeidet mitt. V\u00e6r oppmerksom p\u00e5 at du ikke vil kunne bestille denne fargen p\u00e5 nytt, s\u00e5 hvis du liker den - kj\u00f8p hele settet! Hvis det ikke er noen pris, er disse allerede solgt. Trenger du denne? Send meg en e-post.<\/p>","protected":false},"excerpt":{"rendered":"<p><span style=\"font-weight: 400;\">Emaljering er en teknikk som har v\u00e6rt brukt i mer enn 2000 \u00e5r i fine smykker. Sammensmeltingen av farget glass og edelt metall gir smykket ditt den beste b\u00e6rekraftige, str\u00e5lende fargen som aldri forandrer seg. Emaljering krever dyktighet og t\u00e5lmodighet, og det er mange ulike momenter f\u00f8r smykket er klart til \u00e5 b\u00e6res.<\/span><\/p>\n<p><span style=\"font-weight: 400;\">Disse gamle norske myntene med dyrene er bare s\u00e5 vakre og fortjener mer oppmerksomhet - sm\u00e5 kunstverk som blir smykker og lever videre. \u00c5 bruke mynter som smykker er en gammel tradisjon.\u00a0\u00a0<\/span><\/p>\n<p><span style=\"font-weight: 400;\">Det er en viss humor i det at vi n\u00e5 kj\u00f8per penger og mynter - med kort, QR-koder og Face ID. Det handler litt om hvordan verden er i endring, men ogs\u00e5 om tradisjon, at mynter og penger ble oppfunnet av oss mennesker for lenge siden. Vi m\u00e5 ha penger ... og helst emaljerte! <\/span><\/p>","protected":false},"featured_media":10140,"comment_status":"open","ping_status":"closed","template":"","meta":{"inline_featured_image":false,"jetpack_post_was_ever_published":false,"jetpack_publicize_message":"","jetpack_publicize_feature_enabled":true,"jetpack_social_post_already_shared":true,"jetpack_social_options":{"image_generator_settings":{"template":"highway","default_image_id":0,"font":"","enabled":false},"version":2},"_wpas_customize_per_network":false},"product_brand":[],"product_cat":[1370],"product_tag":[],"class_list":{"0":"post-10131","1":"product","2":"type-product","3":"status-publish","4":"has-post-thumbnail","6":"product_cat-one-of-a-kind","8":"first","9":"outofstock","10":"sold-individually","11":"taxable","12":"shipping-taxable","13":"product-type-variable"},"jetpack_publicize_connections":[],"jetpack_likes_enabled":false,"jetpack_sharing_enabled":false,"_links":{"self":[{"href":"https:\/\/925catrinelinder.com\/no\/wp-json\/wp\/v2\/product\/10131","targetHints":{"allow":["GET"]}}],"collection":[{"href":"https:\/\/925catrinelinder.com\/no\/wp-json\/wp\/v2\/product"}],"about":[{"href":"https:\/\/925catrinelinder.com\/no\/wp-json\/wp\/v2\/types\/product"}],"replies":[{"embeddable":true,"href":"https:\/\/925catrinelinder.com\/no\/wp-json\/wp\/v2\/comments?post=10131"}],"version-history":[{"count":0,"href":"https:\/\/925catrinelinder.com\/no\/wp-json\/wp\/v2\/product\/10131\/revisions"}],"wp:featuredmedia":[{"embeddable":true,"href":"https:\/\/925catrinelinder.com\/no\/wp-json\/wp\/v2\/media\/10140"}],"wp:attachment":[{"href":"https:\/\/925catrinelinder.com\/no\/wp-json\/wp\/v2\/media?parent=10131"}],"wp:term":[{"taxonomy":"product_brand","embeddable":true,"href":"https:\/\/925catrinelinder.com\/no\/wp-json\/wp\/v2\/product_brand?post=10131"},{"taxonomy":"product_cat","embeddable":true,"href":"https:\/\/925catrinelinder.com\/no\/wp-json\/wp\/v2\/product_cat?post=10131"},{"taxonomy":"product_tag","embeddable":true,"href":"https:\/\/925catrinelinder.com\/no\/wp-json\/wp\/v2\/product_tag?post=10131"}],"curies":[{"name":"wp","href":"https:\/\/api.w.org\/{rel}","templated":true}]}}