{"id":10355,"date":"2023-02-08T22:06:48","date_gmt":"2023-02-08T21:06:48","guid":{"rendered":"http:\/\/25catrinelinder.wpcomstaging.com\/?post_type=product&#038;p=10355"},"modified":"2025-11-06T14:35:21","modified_gmt":"2025-11-06T13:35:21","slug":"ginkgo_blad_halskjede_handlaget","status":"publish","type":"product","link":"https:\/\/925catrinelinder.com\/no\/product\/ginkgo_leaf_necklace_handmade\/","title":{"rendered":"Ginkgo OOAK"},"content":{"rendered":"<p>OOAK - <span style=\"font-weight: 400;\">Halskjedet m\u00e5ler 65 cm. <\/span><span style=\"font-weight: 400;\">Ginkgobladet m\u00e5ler 65 x 40 mm. <\/span><span style=\"font-weight: 400;\">Total lengde med anheng n\u00e5r den ligger p\u00e5 bordet 38 cm<\/span><\/p>\n<p><span style=\"font-weight: 400;\">Begge smykkene er selvf\u00f8lgelig og som alltid stemplet med logo, 925, CATRINE, by og produksjons\u00e5r. 2023 er A12 her i Sverige.<\/span><\/p>\n<p>B\u00e6r ditt unike eksemplar - i visshet om at ingen andre har det samme.<\/p>","protected":false},"excerpt":{"rendered":"<p><span style=\"font-weight: 400;\">Et unikt h\u00e5ndlaget Ginkgoblad-halskjede, anheng og avtakbart kjede i resirkulert s\u00f8lv, laget i mitt verksted utenfor Stockholm. Kjedet er designet og laget for dette Ginkgoblad-anhenget, men kan ogs\u00e5 fint brukes alene. Kanskje har du et annet favorittkjede som du vil henge Ginkgo-anhenget p\u00e5 - alt etter hum\u00f8r og antrekk for dagen. Kjedet kan til og med vikles rundt h\u00e5ndleddet til et armb\u00e5nd som kan brukes ca. tre ganger, avhengig av h\u00e5ndleddets bredde.<\/span><\/p>\n<p><span style=\"font-weight: 400;\">Du kan med rette sp\u00f8rre deg selv hvorfor en arktisk kunsth\u00e5ndverker lager et Ginkgo-blad? Er skandinaver i hemmelighet forelsket i japansk kunst? I 2017 ble jeg faktisk invitert til \u00e5 bli med Arktisk Filharmoni for \u00e5 representere nordnorsk design i Tokyo, og i l\u00f8pet av disse seks fantastiske dagene i Shibuya s\u00e5 jeg mange ginkgotr\u00e6r, og ble helt forelsket i deres symbolikk for lang levetid. De kan bli opptil tusen \u00e5r gamle og overleve nesten hva som helst, - s\u00e5 vakkert.<\/span><\/p>\n<p>V\u00e6r oppmerksom p\u00e5 at OOAK-smykker ikke kan returneres.<\/p>","protected":false},"featured_media":10357,"comment_status":"open","ping_status":"closed","template":"","meta":{"inline_featured_image":false,"jetpack_post_was_ever_published":false,"jetpack_publicize_message":"","jetpack_publicize_feature_enabled":true,"jetpack_social_post_already_shared":true,"jetpack_social_options":{"image_generator_settings":{"template":"highway","default_image_id":0,"font":"","enabled":false},"version":2},"_wpas_customize_per_network":false},"product_brand":[],"product_cat":[1383,1370],"product_tag":[],"class_list":{"0":"post-10355","1":"product","2":"type-product","3":"status-publish","4":"has-post-thumbnail","6":"product_cat-necklaces","7":"product_cat-one-of-a-kind","9":"first","10":"outofstock","11":"taxable","12":"shipping-taxable","13":"purchasable","14":"product-type-simple"},"jetpack_publicize_connections":[],"jetpack_likes_enabled":false,"jetpack_sharing_enabled":false,"_links":{"self":[{"href":"https:\/\/925catrinelinder.com\/no\/wp-json\/wp\/v2\/product\/10355","targetHints":{"allow":["GET"]}}],"collection":[{"href":"https:\/\/925catrinelinder.com\/no\/wp-json\/wp\/v2\/product"}],"about":[{"href":"https:\/\/925catrinelinder.com\/no\/wp-json\/wp\/v2\/types\/product"}],"replies":[{"embeddable":true,"href":"https:\/\/925catrinelinder.com\/no\/wp-json\/wp\/v2\/comments?post=10355"}],"version-history":[{"count":0,"href":"https:\/\/925catrinelinder.com\/no\/wp-json\/wp\/v2\/product\/10355\/revisions"}],"wp:featuredmedia":[{"embeddable":true,"href":"https:\/\/925catrinelinder.com\/no\/wp-json\/wp\/v2\/media\/10357"}],"wp:attachment":[{"href":"https:\/\/925catrinelinder.com\/no\/wp-json\/wp\/v2\/media?parent=10355"}],"wp:term":[{"taxonomy":"product_brand","embeddable":true,"href":"https:\/\/925catrinelinder.com\/no\/wp-json\/wp\/v2\/product_brand?post=10355"},{"taxonomy":"product_cat","embeddable":true,"href":"https:\/\/925catrinelinder.com\/no\/wp-json\/wp\/v2\/product_cat?post=10355"},{"taxonomy":"product_tag","embeddable":true,"href":"https:\/\/925catrinelinder.com\/no\/wp-json\/wp\/v2\/product_tag?post=10355"}],"curies":[{"name":"wp","href":"https:\/\/api.w.org\/{rel}","templated":true}]}}