{"id":10456,"date":"2023-03-17T12:20:45","date_gmt":"2023-03-17T11:20:45","guid":{"rendered":"http:\/\/925catrinelinder.wpcomstaging.com\/?post_type=product&#038;p=10456"},"modified":"2026-03-12T15:36:24","modified_gmt":"2026-03-12T14:36:24","slug":"h2o_halskjede","status":"publish","type":"product","link":"https:\/\/925catrinelinder.com\/no\/product\/h2o_necklace\/","title":{"rendered":"H2O Halskjede"},"content":{"rendered":"<p>H2O Halskjede for alles rett til rent vann. En dr\u00e5pe formet i 925 sterlings\u00f8lv som henger tungt og vakkert som en vanndr\u00e5pe rundt halsen din. Det faste kulekjedet i 2 mm m\u00e5ler ca. 80 cm. Dr\u00e5pen m\u00e5ler ca. 50 x 32 mm. M\u00e5lene kan variere noe da de er h\u00e5ndlaget.<\/p>","protected":false},"excerpt":{"rendered":"<p class=\"ai-optimize-29\">H2O Halskjede for alles rett til rent vann. En dr\u00e5pe formet i 925 sterlings\u00f8lv som henger tungt og vakkert som en vanndr\u00e5pe rundt halsen din. Kulekjedet i 2 mm m\u00e5ler ca. 80 cm. Dr\u00e5pen m\u00e5ler ca. 50 x 32 mm. M\u00e5lene kan variere noe da de er h\u00e5ndlaget.<\/p>","protected":false},"featured_media":10525,"comment_status":"open","ping_status":"closed","template":"","meta":{"inline_featured_image":false,"jetpack_publicize_message":"","jetpack_publicize_feature_enabled":true,"jetpack_social_post_already_shared":true,"jetpack_social_options":{"image_generator_settings":{"template":"highway","default_image_id":0,"font":"","enabled":false},"version":2},"_wpas_customize_per_network":false},"product_brand":[],"product_cat":[1383],"product_tag":[],"class_list":{"0":"post-10456","1":"product","2":"type-product","3":"status-publish","4":"has-post-thumbnail","6":"product_cat-necklaces","8":"first","9":"instock","10":"taxable","11":"shipping-taxable","12":"purchasable","13":"product-type-simple"},"jetpack_publicize_connections":[],"jetpack_likes_enabled":false,"jetpack_sharing_enabled":false,"_links":{"self":[{"href":"https:\/\/925catrinelinder.com\/no\/wp-json\/wp\/v2\/product\/10456","targetHints":{"allow":["GET"]}}],"collection":[{"href":"https:\/\/925catrinelinder.com\/no\/wp-json\/wp\/v2\/product"}],"about":[{"href":"https:\/\/925catrinelinder.com\/no\/wp-json\/wp\/v2\/types\/product"}],"replies":[{"embeddable":true,"href":"https:\/\/925catrinelinder.com\/no\/wp-json\/wp\/v2\/comments?post=10456"}],"version-history":[{"count":0,"href":"https:\/\/925catrinelinder.com\/no\/wp-json\/wp\/v2\/product\/10456\/revisions"}],"wp:featuredmedia":[{"embeddable":true,"href":"https:\/\/925catrinelinder.com\/no\/wp-json\/wp\/v2\/media\/10525"}],"wp:attachment":[{"href":"https:\/\/925catrinelinder.com\/no\/wp-json\/wp\/v2\/media?parent=10456"}],"wp:term":[{"taxonomy":"product_brand","embeddable":true,"href":"https:\/\/925catrinelinder.com\/no\/wp-json\/wp\/v2\/product_brand?post=10456"},{"taxonomy":"product_cat","embeddable":true,"href":"https:\/\/925catrinelinder.com\/no\/wp-json\/wp\/v2\/product_cat?post=10456"},{"taxonomy":"product_tag","embeddable":true,"href":"https:\/\/925catrinelinder.com\/no\/wp-json\/wp\/v2\/product_tag?post=10456"}],"curies":[{"name":"wp","href":"https:\/\/api.w.org\/{rel}","templated":true}]}}