{"id":10493,"date":"2023-03-31T16:30:20","date_gmt":"2023-03-31T14:30:20","guid":{"rendered":"http:\/\/25catrinelinder.wpcomstaging.com\/?post_type=product&#038;p=10493"},"modified":"2026-03-03T01:13:15","modified_gmt":"2026-03-03T00:13:15","slug":"blomsterhalskjede","status":"publish","type":"product","link":"https:\/\/925catrinelinder.com\/no\/product\/flower-necklace\/","title":{"rendered":"Blomster Arv halskjede"},"content":{"rendered":"<p><span style=\"font-weight: 400;\">Flower Necklace har en solid s\u00f8lvperle montert p\u00e5 et fint kjede. Perlen m\u00e5ler ca. 8 x 4 mm og kjedet er 46 cm langt. Wear Norwegian er laget av resirkulert 925 sterlings\u00f8lv.<\/span><\/p>","protected":false},"excerpt":{"rendered":"<p><span style=\"font-weight: 400;\">\"Gi aldri slipp p\u00e5 ditt indre barn!\" Lytt til den stemmen - ikke glem eller ignorer din naturlige lekenhet, kreativitet og fantasi. Et forfriskende, kj\u00f8nns- og aldersuavhengig h\u00e5ndlaget smykke fra Norge. Flower Necklace - passer for alle venner som \u00f8nsker \u00e5 v\u00e6re i \u00f8yeblikket.\u00a0<\/span><\/p>\n<p>Hvis bare tilgjengelig p\u00e5 restordre, begynner jeg \u00e5 lage etter hvert som du bestiller. Takk for at du kj\u00f8per h\u00e5ndlaget - det er bedre, og du vet hvorfor.<\/p>","protected":false},"featured_media":10524,"comment_status":"open","ping_status":"closed","template":"","meta":{"inline_featured_image":false,"jetpack_publicize_message":"","jetpack_publicize_feature_enabled":true,"jetpack_social_post_already_shared":true,"jetpack_social_options":{"image_generator_settings":{"template":"highway","default_image_id":0,"font":"","enabled":false},"version":2},"_wpas_customize_per_network":false},"product_brand":[],"product_cat":[1383],"product_tag":[],"class_list":{"0":"post-10493","1":"product","2":"type-product","3":"status-publish","4":"has-post-thumbnail","6":"product_cat-necklaces","8":"first","9":"outofstock","10":"taxable","11":"shipping-taxable","12":"purchasable","13":"product-type-simple"},"jetpack_publicize_connections":[],"jetpack_likes_enabled":false,"jetpack_sharing_enabled":false,"_links":{"self":[{"href":"https:\/\/925catrinelinder.com\/no\/wp-json\/wp\/v2\/product\/10493","targetHints":{"allow":["GET"]}}],"collection":[{"href":"https:\/\/925catrinelinder.com\/no\/wp-json\/wp\/v2\/product"}],"about":[{"href":"https:\/\/925catrinelinder.com\/no\/wp-json\/wp\/v2\/types\/product"}],"replies":[{"embeddable":true,"href":"https:\/\/925catrinelinder.com\/no\/wp-json\/wp\/v2\/comments?post=10493"}],"version-history":[{"count":1,"href":"https:\/\/925catrinelinder.com\/no\/wp-json\/wp\/v2\/product\/10493\/revisions"}],"predecessor-version":[{"id":14769,"href":"https:\/\/925catrinelinder.com\/no\/wp-json\/wp\/v2\/product\/10493\/revisions\/14769"}],"wp:featuredmedia":[{"embeddable":true,"href":"https:\/\/925catrinelinder.com\/no\/wp-json\/wp\/v2\/media\/10524"}],"wp:attachment":[{"href":"https:\/\/925catrinelinder.com\/no\/wp-json\/wp\/v2\/media?parent=10493"}],"wp:term":[{"taxonomy":"product_brand","embeddable":true,"href":"https:\/\/925catrinelinder.com\/no\/wp-json\/wp\/v2\/product_brand?post=10493"},{"taxonomy":"product_cat","embeddable":true,"href":"https:\/\/925catrinelinder.com\/no\/wp-json\/wp\/v2\/product_cat?post=10493"},{"taxonomy":"product_tag","embeddable":true,"href":"https:\/\/925catrinelinder.com\/no\/wp-json\/wp\/v2\/product_tag?post=10493"}],"curies":[{"name":"wp","href":"https:\/\/api.w.org\/{rel}","templated":true}]}}