{"id":10610,"date":"2023-05-21T17:05:22","date_gmt":"2023-05-21T15:05:22","guid":{"rendered":"http:\/\/25catrinelinder.wpcomstaging.com\/?post_type=product&#038;p=10610"},"modified":"2026-03-03T01:10:48","modified_gmt":"2026-03-03T00:10:48","slug":"arvestykke-perlearmband","status":"publish","type":"product","link":"https:\/\/925catrinelinder.com\/no\/product\/heirloom-beads-bracelet\/","title":{"rendered":"Armb\u00e5nd med arvestykkeperler"},"content":{"rendered":"<p class=\"whitespace-pre-wrap break-words\"><strong>Details:<\/strong><\/p>\n<ul class=\"[&amp;:not(:last-child)_ul]:pb-1 [&amp;:not(:last-child)_ol]:pb-1 list-disc space-y-1.5 pl-7\">\n<li class=\"whitespace-normal break-words\">Handcrafted from premium 925 sterling silver<\/li>\n<li class=\"whitespace-normal break-words\">Distinctive, substantial beads inspired by childhood crafts<\/li>\n<li class=\"whitespace-normal break-words\">Heavy-duty secure clasp<\/li>\n<li class=\"whitespace-normal break-words\">Comfortable yet substantial weight<\/li>\n<li class=\"whitespace-normal break-words\">Custom sizes available upon request<\/li>\n<li class=\"whitespace-normal break-words\">Each piece individually made to order<\/li>\n<li class=\"whitespace-normal break-words\">Comes in signature gift packaging<\/li>\n<\/ul>\n<p class=\"whitespace-pre-wrap break-words\">Whether celebrating your own childhood memories or honoring the creative spirit of someone you love, our Heirloom Beads bracelet stands as a timeless bridge between playful nostalgia and refined elegance.<\/p>\n","protected":false},"excerpt":{"rendered":"<p class=\"whitespace-pre-wrap break-words\">Forvandle kj\u00e6re minner til kunst som kan b\u00e6res med v\u00e5rt signaturarmb\u00e5nd Heirloom Beads. Dette solide armb\u00e5ndet er omhyggelig h\u00e5ndlaget i massivt 925 sterlings\u00f8lv, og er en nyfortolkning av barndommens fargerike plastperlearmb\u00e5nd som en luksuri\u00f8s skatt for voksne.<\/p>\n<p class=\"whitespace-pre-wrap break-words\">Hvert armb\u00e5nd har v\u00e5re eksklusivt designede s\u00f8lvkuler, som er n\u00f8ye proporsjonert for b\u00e5de visuell effekt og komfortabel bruk. Den betydelige vekten gir en betryggende tilstedev\u00e6relse p\u00e5 h\u00e5ndleddet, mens v\u00e5r f\u00f8rsteklasses, sikre l\u00e5s s\u00f8rger for at de dyrebare minnene dine holder seg trygt p\u00e5 plass.<\/p>\n<p class=\"whitespace-pre-wrap break-words\">Heirloom Beads-kolleksjonen ble til etter en fars \u00f8nske om \u00e5 forevige datterens h\u00e5ndlagde gave, og n\u00e5 kan hvem som helst forvandle barndommens nostalgiske kreasjoner til sofistikerte smykker i sterlings\u00f8lv som kan g\u00e5 i arv gjennom generasjoner.<\/p>\n<p>\u00a0La ditt Heirloom Beads-armb\u00e5nd fylles med dine egne personlige historier, tro og minner. Et flott smykke som kan g\u00e5 i arv i generasjoner. V\u00e6r oppmerksom p\u00e5 at hvert armb\u00e5nd er unikt, og rekkef\u00f8lgen p\u00e5 perlene kan variere. For \u00e5 velge riktig st\u00f8rrelse, vennligst m\u00e5l h\u00e5ndleddet ditt og informer meg om du foretrekker en tettsittende eller komfortabel passform via melding under bestillingsprosessen. Jeg vil f\u00f8lge deg tett opp for \u00e5 sikre en n\u00f8yaktig m\u00e5ling f\u00f8r jeg lager ditt Heirloom Bracelet, som har 10 mm massive s\u00f8lvperler. Bestill i dag, s\u00e5 begynner jeg \u00e5 lage ditt!<\/p>\n<p>&nbsp;<\/p>","protected":false},"featured_media":11615,"comment_status":"open","ping_status":"closed","template":"","meta":{"inline_featured_image":false,"jetpack_publicize_message":"","jetpack_publicize_feature_enabled":true,"jetpack_social_post_already_shared":true,"jetpack_social_options":{"image_generator_settings":{"template":"highway","default_image_id":0,"font":"","enabled":false},"version":2},"_wpas_customize_per_network":false},"product_brand":[],"product_cat":[1451],"product_tag":[],"class_list":{"0":"post-10610","1":"product","2":"type-product","3":"status-publish","4":"has-post-thumbnail","6":"product_cat-bracelets","8":"first","9":"onbackorder","10":"taxable","11":"shipping-taxable","12":"purchasable","13":"product-type-variable"},"jetpack_publicize_connections":[],"jetpack_likes_enabled":false,"jetpack_sharing_enabled":false,"_links":{"self":[{"href":"https:\/\/925catrinelinder.com\/no\/wp-json\/wp\/v2\/product\/10610","targetHints":{"allow":["GET"]}}],"collection":[{"href":"https:\/\/925catrinelinder.com\/no\/wp-json\/wp\/v2\/product"}],"about":[{"href":"https:\/\/925catrinelinder.com\/no\/wp-json\/wp\/v2\/types\/product"}],"replies":[{"embeddable":true,"href":"https:\/\/925catrinelinder.com\/no\/wp-json\/wp\/v2\/comments?post=10610"}],"version-history":[{"count":3,"href":"https:\/\/925catrinelinder.com\/no\/wp-json\/wp\/v2\/product\/10610\/revisions"}],"predecessor-version":[{"id":14561,"href":"https:\/\/925catrinelinder.com\/no\/wp-json\/wp\/v2\/product\/10610\/revisions\/14561"}],"wp:featuredmedia":[{"embeddable":true,"href":"https:\/\/925catrinelinder.com\/no\/wp-json\/wp\/v2\/media\/11615"}],"wp:attachment":[{"href":"https:\/\/925catrinelinder.com\/no\/wp-json\/wp\/v2\/media?parent=10610"}],"wp:term":[{"taxonomy":"product_brand","embeddable":true,"href":"https:\/\/925catrinelinder.com\/no\/wp-json\/wp\/v2\/product_brand?post=10610"},{"taxonomy":"product_cat","embeddable":true,"href":"https:\/\/925catrinelinder.com\/no\/wp-json\/wp\/v2\/product_cat?post=10610"},{"taxonomy":"product_tag","embeddable":true,"href":"https:\/\/925catrinelinder.com\/no\/wp-json\/wp\/v2\/product_tag?post=10610"}],"curies":[{"name":"wp","href":"https:\/\/api.w.org\/{rel}","templated":true}]}}