{"id":10806,"date":"2023-08-03T15:41:04","date_gmt":"2023-08-03T13:41:04","guid":{"rendered":"https:\/\/925catrinelinder.com\/?post_type=product&#038;p=10806"},"modified":"2026-03-17T12:59:05","modified_gmt":"2026-03-17T11:59:05","slug":"nord-dobbel-ring","status":"publish","type":"product","link":"https:\/\/925catrinelinder.com\/no\/product\/north-double-ring\/","title":{"rendered":"North Double Ring"},"content":{"rendered":"<p><span style=\"font-weight: 400;\">North-ringen m\u00e5ler ca. 20 x 20 mm og har perler p\u00e5 ca. 2 mm. Laget av resirkulert 925 Sterling s\u00f8lv selvf\u00f8lgelig. St\u00f8rrelsen er justerbar fra ca. 50-58 europeisk st\u00f8rrelse.\u00a0<\/span><\/p>","protected":false},"excerpt":{"rendered":"<p><span style=\"font-weight: 400;\">North Collection med arv fra det arktiske nord - et symbol p\u00e5 styrke og identitet.<\/span><\/p>\n<div class=\"x11i5rnm xat24cr x1mh8g0r x1vvkbs xtlvy1s x126k92a\">\n<div dir=\"auto\">Dobbel lykke med denne justerbare ringen! Den speiler f\u00f8lelsen av det herlige rommet der noen av oss elsker \u00e5 v\u00e6re - der tiden st\u00e5r stille - n\u00e5r du er ingensteds og overalt - n\u00e5r du er p\u00e5 reise - og du er i det \"til og fra\"-rommet. Denne ringen bringer enhet til favorittstedene mine!<\/div>\n<\/div>\n<p><span style=\"font-weight: 400;\">B\u00e6res vakkert p\u00e5 for eksempel pekefingeren sammen med <a href=\"https:\/\/925catrinelinder.com\/no\/produkt\/north-signet-enamel-ring\/\" target=\"_blank\" rel=\"noopener\">Nord signetring<\/a> p\u00e5 lillefingeren. komfortable til hverdagsbruk, slik at du kan ta dem med deg uansett hvor du g\u00e5r. Hvis du liker sett og matchende<\/span><span style=\"font-weight: 400;\">kan du ta en titt p\u00e5 <a href=\"\/no\/25catrinelinder-wpcomstaging-com\/produkt\/north-necklace\/\" target=\"_blank\" rel=\"noopener\">Halskjede fra Nord<\/a>.\u00a0<\/span><\/p>\n<p><span style=\"font-weight: 400;\">Felles tro bringer mennesker sammen - vi tror p\u00e5 naturen!<\/span><\/p>\n<p>&nbsp;<\/p>\n<div class=\"x11i5rnm xat24cr x1mh8g0r x1vvkbs xtlvy1s x126k92a\"><\/div>\n<div class=\"x11i5rnm xat24cr x1mh8g0r x1vvkbs xtlvy1s x126k92a\">\n<div dir=\"auto\"><\/div>\n<\/div>","protected":false},"featured_media":10843,"comment_status":"open","ping_status":"closed","template":"","meta":{"inline_featured_image":false,"jetpack_publicize_message":"","jetpack_publicize_feature_enabled":true,"jetpack_social_post_already_shared":true,"jetpack_social_options":{"image_generator_settings":{"template":"highway","default_image_id":0,"font":"","enabled":false},"version":2},"_wpas_customize_per_network":false},"product_brand":[],"product_cat":[1457],"product_tag":[],"class_list":{"0":"post-10806","1":"product","2":"type-product","3":"status-publish","4":"has-post-thumbnail","6":"product_cat-rings","7":"pa_metal-925-sterling-silver","9":"first","10":"onbackorder","11":"taxable","12":"shipping-taxable","13":"purchasable","14":"product-type-simple"},"jetpack_publicize_connections":[],"jetpack_likes_enabled":false,"jetpack_sharing_enabled":false,"_links":{"self":[{"href":"https:\/\/925catrinelinder.com\/no\/wp-json\/wp\/v2\/product\/10806","targetHints":{"allow":["GET"]}}],"collection":[{"href":"https:\/\/925catrinelinder.com\/no\/wp-json\/wp\/v2\/product"}],"about":[{"href":"https:\/\/925catrinelinder.com\/no\/wp-json\/wp\/v2\/types\/product"}],"replies":[{"embeddable":true,"href":"https:\/\/925catrinelinder.com\/no\/wp-json\/wp\/v2\/comments?post=10806"}],"version-history":[{"count":2,"href":"https:\/\/925catrinelinder.com\/no\/wp-json\/wp\/v2\/product\/10806\/revisions"}],"predecessor-version":[{"id":14965,"href":"https:\/\/925catrinelinder.com\/no\/wp-json\/wp\/v2\/product\/10806\/revisions\/14965"}],"wp:featuredmedia":[{"embeddable":true,"href":"https:\/\/925catrinelinder.com\/no\/wp-json\/wp\/v2\/media\/10843"}],"wp:attachment":[{"href":"https:\/\/925catrinelinder.com\/no\/wp-json\/wp\/v2\/media?parent=10806"}],"wp:term":[{"taxonomy":"product_brand","embeddable":true,"href":"https:\/\/925catrinelinder.com\/no\/wp-json\/wp\/v2\/product_brand?post=10806"},{"taxonomy":"product_cat","embeddable":true,"href":"https:\/\/925catrinelinder.com\/no\/wp-json\/wp\/v2\/product_cat?post=10806"},{"taxonomy":"product_tag","embeddable":true,"href":"https:\/\/925catrinelinder.com\/no\/wp-json\/wp\/v2\/product_tag?post=10806"}],"curies":[{"name":"wp","href":"https:\/\/api.w.org\/{rel}","templated":true}]}}