{"id":11098,"date":"2023-10-26T00:51:28","date_gmt":"2023-10-25T22:51:28","guid":{"rendered":"https:\/\/925catrinelinder.com\/?post_type=product&#038;p=11098"},"modified":"2026-03-03T01:00:13","modified_gmt":"2026-03-03T00:00:13","slug":"nordbolgen-halskjede","status":"publish","type":"product","link":"https:\/\/925catrinelinder.com\/no\/product\/north-wave-necklace\/","title":{"rendered":"North Wave Halskjede"},"content":{"rendered":"<p>North Wave-anhenget m\u00e5ler ca. 12 x 22 mm i diameter uten kroken. Total lengde inkludert krok er 30 mm. Leveres p\u00e5 et 45 cm \/ 18 tommer matchende kulekjede. Enkelt \u00e5 montere p\u00e5 et annet kjede du allerede har hvis du foretrekker \u00e5 kj\u00f8pe kun anheng.<\/p>","protected":false},"excerpt":{"rendered":"<p><span style=\"font-weight: 400;\">The North Wave er selvsagt inspirert av de store b\u00f8lgene oppe i det arktiske nord. Den japanske kunstneren Hokusai og hans Store b\u00f8lge utenfor Kanagawa har v\u00e6rt ber\u00f8mt siden 1830-tallet. Thich Nat Hanh, buddhistmunk og aktivist fra Vietnam, som med en metafor om b\u00f8lgen som et hav delte hvordan den menneskelige bevissthet innser at den ikke er atskilt fra den universelle bevisstheten. Nord er et symbol p\u00e5 identitet, enhet og helhet.<\/span><\/p>\n<p><span style=\"font-weight: 400;\">Design, metallarbeid og emaljering av Catrine Linder. H\u00e5ndgravert av Kerstin \u00d6stberg.<\/span><\/p>\n<p>&nbsp;<\/p>","protected":false},"featured_media":11293,"comment_status":"closed","ping_status":"closed","template":"","meta":{"inline_featured_image":false,"jetpack_publicize_message":"","jetpack_publicize_feature_enabled":true,"jetpack_social_post_already_shared":true,"jetpack_social_options":{"image_generator_settings":{"template":"highway","default_image_id":0,"font":"","enabled":false},"version":2},"_wpas_customize_per_network":false},"product_brand":[],"product_cat":[1383],"product_tag":[],"class_list":{"0":"post-11098","1":"product","2":"type-product","3":"status-publish","4":"has-post-thumbnail","6":"product_cat-necklaces","7":"pa_metal-gold-vermeil","8":"pa_metal-925-sterling-silver","9":"pa_metal-oxidised-silver","11":"first","12":"instock","13":"taxable","14":"shipping-taxable","15":"purchasable","16":"product-type-variable"},"jetpack_publicize_connections":[],"jetpack_likes_enabled":false,"jetpack_sharing_enabled":false,"_links":{"self":[{"href":"https:\/\/925catrinelinder.com\/no\/wp-json\/wp\/v2\/product\/11098","targetHints":{"allow":["GET"]}}],"collection":[{"href":"https:\/\/925catrinelinder.com\/no\/wp-json\/wp\/v2\/product"}],"about":[{"href":"https:\/\/925catrinelinder.com\/no\/wp-json\/wp\/v2\/types\/product"}],"replies":[{"embeddable":true,"href":"https:\/\/925catrinelinder.com\/no\/wp-json\/wp\/v2\/comments?post=11098"}],"version-history":[{"count":1,"href":"https:\/\/925catrinelinder.com\/no\/wp-json\/wp\/v2\/product\/11098\/revisions"}],"predecessor-version":[{"id":14767,"href":"https:\/\/925catrinelinder.com\/no\/wp-json\/wp\/v2\/product\/11098\/revisions\/14767"}],"wp:featuredmedia":[{"embeddable":true,"href":"https:\/\/925catrinelinder.com\/no\/wp-json\/wp\/v2\/media\/11293"}],"wp:attachment":[{"href":"https:\/\/925catrinelinder.com\/no\/wp-json\/wp\/v2\/media?parent=11098"}],"wp:term":[{"taxonomy":"product_brand","embeddable":true,"href":"https:\/\/925catrinelinder.com\/no\/wp-json\/wp\/v2\/product_brand?post=11098"},{"taxonomy":"product_cat","embeddable":true,"href":"https:\/\/925catrinelinder.com\/no\/wp-json\/wp\/v2\/product_cat?post=11098"},{"taxonomy":"product_tag","embeddable":true,"href":"https:\/\/925catrinelinder.com\/no\/wp-json\/wp\/v2\/product_tag?post=11098"}],"curies":[{"name":"wp","href":"https:\/\/api.w.org\/{rel}","templated":true}]}}