{"id":11156,"date":"2023-10-19T19:30:18","date_gmt":"2023-10-19T17:30:18","guid":{"rendered":"https:\/\/925catrinelinder.com\/?post_type=product&#038;p=11156"},"modified":"2026-01-19T00:54:15","modified_gmt":"2026-01-18T23:54:15","slug":"arvestykke-blomst-kreolsk","status":"publish","type":"product","link":"https:\/\/925catrinelinder.com\/no\/product\/heirloom-flower-creole\/","title":{"rendered":"Arveblomst kreolsk"},"content":{"rendered":"<div data-elementor-type=\"product-post\" data-elementor-id=\"11156\" class=\"elementor elementor-11156\" data-elementor-post-type=\"product\">\n\t\t\t\t\t\t<section class=\"elementor-section elementor-top-section elementor-element elementor-element-60bad8be elementor-section-boxed elementor-section-height-default elementor-section-height-default\" data-id=\"60bad8be\" data-element_type=\"section\" data-e-type=\"section\">\n\t\t\t\t\t\t<div class=\"elementor-container elementor-column-gap-default\">\n\t\t\t\t\t<div class=\"elementor-column elementor-col-100 elementor-top-column elementor-element elementor-element-984ae82\" data-id=\"984ae82\" data-element_type=\"column\" data-e-type=\"column\">\n\t\t\t<div class=\"elementor-widget-wrap elementor-element-populated\">\n\t\t\t\t\t\t<div class=\"elementor-element elementor-element-43986158 elementor-widget elementor-widget-text-editor\" data-id=\"43986158\" data-element_type=\"widget\" data-e-type=\"widget\" data-widget_type=\"text-editor.default\">\n\t\t\t\t<div class=\"elementor-widget-container\">\n\t\t\t\t\t\t\t\t\t<p><span style=\"font-weight: 400;\">\u00d8redobber med blomstercreoler - Perlen m\u00e5ler ca. 10 x 4 mm. Total lengde p\u00e5 creolen er ca. 20 mm. Brukes i tre forskjellige stiler: Du kan ta av den tykke blomsterperlen, snu den rundt og bruke den med glassemaljert r\u00f8dt senter foran, bruke den med helt s\u00f8lvfarget front - eller bare bruke kreolene som de er.  Disse <em>selges stykkvis<\/em> - s\u00e5 hvis du vil ha paret, m\u00e5 du huske \u00e5 velge dette n\u00e5r du legger dem i handlekurven.&nbsp;<\/span><\/p>\t\t\t\t\t\t\t\t<\/div>\n\t\t\t\t<\/div>\n\t\t\t\t\t<\/div>\n\t\t<\/div>\n\t\t\t\t\t<\/div>\n\t\t<\/section>\n\t\t\t\t<\/div>","protected":false},"excerpt":{"rendered":"<p class=\"whitespace-pre-wrap break-words\"><strong>Blomstrende minner i sterlings\u00f8lv - f\u00e5s som enkel \u00f8rering.<\/strong><\/p>\n<p class=\"whitespace-pre-wrap break-words\">Vi presenterer det nyeste tilskuddet til Heirloom Beads-kolleksjonen v\u00e5r: Heritage Flower Creole. Denne delikate ringen i sterlings\u00f8lv har v\u00e5re karakteristiske h\u00e5ndlagde blomsterperler, som gjenoppliver barndommens h\u00e5ndverksnostalgi i luksuri\u00f8st 925 s\u00f8lv.<\/p>\n<p class=\"whitespace-pre-wrap break-words\">Hver Heritage Flower Creole er omhyggelig utformet som et enkeltst\u00e5ende smykke, noe som gir deg friheten til \u00e5 b\u00e6re den alene for et subtilt uttrykk, parre den med en annen for symmetri, eller mikse den med andre \u00f8redobber for \u00e5 skape ditt eget unike uttrykk. De gjennomtenkte proporsjonene gj\u00f8r at smykket er solid nok til \u00e5 formidle kvalitet, samtidig som det er lett nok til at du kan ha det p\u00e5 deg hele dagen.<\/p>\n<p class=\"whitespace-pre-wrap break-words\">Som alle smykkene i Heirloom Beads-kolleksjonen forvandler disse kreolene lekne designelementer fra barndommen til sofistikerte s\u00f8lvsmykker - og forener ungdommelig kreativitet med raffinert h\u00e5ndverk. Hver blomsterperle fanger lyset p\u00e5 en vakker m\u00e5te og skaper en subtil dimensjon n\u00e5r du beveger deg.<\/p>","protected":false},"featured_media":11211,"comment_status":"open","ping_status":"closed","template":"","meta":{"inline_featured_image":false,"jetpack_publicize_message":"","jetpack_publicize_feature_enabled":true,"jetpack_social_post_already_shared":true,"jetpack_social_options":{"image_generator_settings":{"template":"highway","default_image_id":0,"font":"","enabled":false},"version":2},"_wpas_customize_per_network":false},"product_brand":[],"product_cat":[1443],"product_tag":[],"class_list":{"0":"post-11156","1":"product","2":"type-product","3":"status-publish","4":"has-post-thumbnail","6":"product_cat-earrings","7":"pa_metal-gold-vermeil","8":"pa_metal-925-sterling-silver","10":"first","11":"instock","12":"taxable","13":"shipping-taxable","14":"purchasable","15":"product-type-variable"},"jetpack_publicize_connections":[],"jetpack_likes_enabled":false,"jetpack_sharing_enabled":false,"_links":{"self":[{"href":"https:\/\/925catrinelinder.com\/no\/wp-json\/wp\/v2\/product\/11156","targetHints":{"allow":["GET"]}}],"collection":[{"href":"https:\/\/925catrinelinder.com\/no\/wp-json\/wp\/v2\/product"}],"about":[{"href":"https:\/\/925catrinelinder.com\/no\/wp-json\/wp\/v2\/types\/product"}],"replies":[{"embeddable":true,"href":"https:\/\/925catrinelinder.com\/no\/wp-json\/wp\/v2\/comments?post=11156"}],"version-history":[{"count":3,"href":"https:\/\/925catrinelinder.com\/no\/wp-json\/wp\/v2\/product\/11156\/revisions"}],"predecessor-version":[{"id":14557,"href":"https:\/\/925catrinelinder.com\/no\/wp-json\/wp\/v2\/product\/11156\/revisions\/14557"}],"wp:featuredmedia":[{"embeddable":true,"href":"https:\/\/925catrinelinder.com\/no\/wp-json\/wp\/v2\/media\/11211"}],"wp:attachment":[{"href":"https:\/\/925catrinelinder.com\/no\/wp-json\/wp\/v2\/media?parent=11156"}],"wp:term":[{"taxonomy":"product_brand","embeddable":true,"href":"https:\/\/925catrinelinder.com\/no\/wp-json\/wp\/v2\/product_brand?post=11156"},{"taxonomy":"product_cat","embeddable":true,"href":"https:\/\/925catrinelinder.com\/no\/wp-json\/wp\/v2\/product_cat?post=11156"},{"taxonomy":"product_tag","embeddable":true,"href":"https:\/\/925catrinelinder.com\/no\/wp-json\/wp\/v2\/product_tag?post=11156"}],"curies":[{"name":"wp","href":"https:\/\/api.w.org\/{rel}","templated":true}]}}