{"id":11297,"date":"2023-11-13T20:57:15","date_gmt":"2023-11-13T19:57:15","guid":{"rendered":"https:\/\/925catrinelinder.com\/?post_type=product&#038;p=11297"},"modified":"2026-03-03T00:57:44","modified_gmt":"2026-03-02T23:57:44","slug":"halskjede-i-emalje-fra-north-wave","status":"publish","type":"product","link":"https:\/\/925catrinelinder.com\/no\/product\/north-wave-enamel-necklace\/","title":{"rendered":"North Wave Emalje halskjede"},"content":{"rendered":"<div data-elementor-type=\"product-post\" data-elementor-id=\"11297\" class=\"elementor elementor-11297\" data-elementor-post-type=\"product\">\n\t\t\t\t\t\t<section class=\"elementor-section elementor-top-section elementor-element elementor-element-685500ea elementor-section-boxed elementor-section-height-default elementor-section-height-default\" data-id=\"685500ea\" data-element_type=\"section\" data-e-type=\"section\">\n\t\t\t\t\t\t<div class=\"elementor-container elementor-column-gap-default\">\n\t\t\t\t\t<div class=\"elementor-column elementor-col-100 elementor-top-column elementor-element elementor-element-636e6151\" data-id=\"636e6151\" data-element_type=\"column\" data-e-type=\"column\">\n\t\t\t<div class=\"elementor-widget-wrap elementor-element-populated\">\n\t\t\t\t\t\t<div class=\"elementor-element elementor-element-5073a379 elementor-widget elementor-widget-text-editor\" data-id=\"5073a379\" data-element_type=\"widget\" data-e-type=\"widget\" data-widget_type=\"text-editor.default\">\n\t\t\t\t<div class=\"elementor-widget-container\">\n\t\t\t\t\t\t\t\t\tNorth Wave-anhenget m\u00e5ler ca. 12 x 22 mm i diameter uten kroken. Total lengde inkludert krok er 30 mm. Leveres p\u00e5 et 42 cm \/ 16 tommer matchende ballkjede.\t\t\t\t\t\t\t\t<\/div>\n\t\t\t\t<\/div>\n\t\t\t\t\t<\/div>\n\t\t<\/div>\n\t\t\t\t\t<\/div>\n\t\t<\/section>\n\t\t\t\t<\/div>","protected":false},"excerpt":{"rendered":"<p><span style=\"font-weight: 400;\">North Collection - en arv med farger og historier fra det arktiske nord. Felles tro bringer mennesker sammen - vi tror p\u00e5 naturen! North Enamel Necklace er omhyggelig h\u00e5ndmalt med glassemalje - en gammel teknikk som krever dyktighet og t\u00e5lmodighet. Det gjennomsiktige glasset gir en vakker og evigvarende glans. North Wave er selvsagt inspirert av de store b\u00f8lgene oppe i det arktiske nord. Den japanske kunstneren Hokusai og hans Store b\u00f8lge utenfor Kanagawa har v\u00e6rt ber\u00f8mt siden 1830-tallet. Thich Nat Hanh, buddhistmunk og aktivist fra Vietnam, som med en metafor om b\u00f8lgen som et hav delte hvordan den menneskelige bevissthet innser at den ikke er atskilt fra den universelle bevisstheten. Nord er et symbol p\u00e5 identitet, enhet og helhet.<\/span><\/p>\n<p><span style=\"font-weight: 400;\">Design, metallarbeid og emaljering av Catrine Linder. H\u00e5ndgravert av Kerstin \u00d6stberg.<\/span><\/p>","protected":false},"featured_media":12285,"comment_status":"closed","ping_status":"closed","template":"","meta":{"inline_featured_image":false,"jetpack_publicize_message":"","jetpack_publicize_feature_enabled":true,"jetpack_social_post_already_shared":true,"jetpack_social_options":{"image_generator_settings":{"template":"highway","default_image_id":0,"font":"","enabled":false},"version":2},"_wpas_customize_per_network":false},"product_brand":[],"product_cat":[1383],"product_tag":[],"class_list":{"0":"post-11297","1":"product","2":"type-product","3":"status-publish","4":"has-post-thumbnail","6":"product_cat-necklaces","8":"first","9":"instock","10":"taxable","11":"shipping-taxable","12":"purchasable","13":"product-type-variable"},"jetpack_publicize_connections":[],"jetpack_likes_enabled":false,"jetpack_sharing_enabled":false,"_links":{"self":[{"href":"https:\/\/925catrinelinder.com\/no\/wp-json\/wp\/v2\/product\/11297","targetHints":{"allow":["GET"]}}],"collection":[{"href":"https:\/\/925catrinelinder.com\/no\/wp-json\/wp\/v2\/product"}],"about":[{"href":"https:\/\/925catrinelinder.com\/no\/wp-json\/wp\/v2\/types\/product"}],"replies":[{"embeddable":true,"href":"https:\/\/925catrinelinder.com\/no\/wp-json\/wp\/v2\/comments?post=11297"}],"version-history":[{"count":1,"href":"https:\/\/925catrinelinder.com\/no\/wp-json\/wp\/v2\/product\/11297\/revisions"}],"predecessor-version":[{"id":14766,"href":"https:\/\/925catrinelinder.com\/no\/wp-json\/wp\/v2\/product\/11297\/revisions\/14766"}],"wp:featuredmedia":[{"embeddable":true,"href":"https:\/\/925catrinelinder.com\/no\/wp-json\/wp\/v2\/media\/12285"}],"wp:attachment":[{"href":"https:\/\/925catrinelinder.com\/no\/wp-json\/wp\/v2\/media?parent=11297"}],"wp:term":[{"taxonomy":"product_brand","embeddable":true,"href":"https:\/\/925catrinelinder.com\/no\/wp-json\/wp\/v2\/product_brand?post=11297"},{"taxonomy":"product_cat","embeddable":true,"href":"https:\/\/925catrinelinder.com\/no\/wp-json\/wp\/v2\/product_cat?post=11297"},{"taxonomy":"product_tag","embeddable":true,"href":"https:\/\/925catrinelinder.com\/no\/wp-json\/wp\/v2\/product_tag?post=11297"}],"curies":[{"name":"wp","href":"https:\/\/api.w.org\/{rel}","templated":true}]}}