{"id":11666,"date":"2024-03-17T23:33:15","date_gmt":"2024-03-17T22:33:15","guid":{"rendered":"https:\/\/925catrinelinder.com\/?post_type=product&#038;p=11666"},"modified":"2025-11-06T20:57:42","modified_gmt":"2025-11-06T19:57:42","slug":"stetind-fjellmedaljong-anheng","status":"publish","type":"product","link":"https:\/\/925catrinelinder.com\/no\/product\/stetind-mountain-medallion-pendant\/","title":{"rendered":"Stetind Mountain Medaljong - Anheng"},"content":{"rendered":"<div data-elementor-type=\"product-post\" data-elementor-id=\"11666\" class=\"elementor elementor-11666\" data-elementor-post-type=\"product\">\n\t\t\t\t\t\t<section class=\"elementor-section elementor-top-section elementor-element elementor-element-7e58673c elementor-section-boxed elementor-section-height-default elementor-section-height-default\" data-id=\"7e58673c\" data-element_type=\"section\" data-e-type=\"section\">\n\t\t\t\t\t\t<div class=\"elementor-container elementor-column-gap-default\">\n\t\t\t\t\t<div class=\"elementor-column elementor-col-100 elementor-top-column elementor-element elementor-element-5f0291a7\" data-id=\"5f0291a7\" data-element_type=\"column\" data-e-type=\"column\">\n\t\t\t<div class=\"elementor-widget-wrap elementor-element-populated\">\n\t\t\t\t\t\t<div class=\"elementor-element elementor-element-25718242 elementor-widget elementor-widget-text-editor\" data-id=\"25718242\" data-element_type=\"widget\" data-e-type=\"widget\" data-widget_type=\"text-editor.default\">\n\t\t\t\t<div class=\"elementor-widget-container\">\n\t\t\t\t\t\t\t\t\t<p><span style=\"font-weight: 400;\">Massivt, resirkulert 925 sterlings\u00f8lv og Swarovski-krystaller. Stemplet med registrert ansvarsmerke. Den ovale Mountain Medallion m\u00e5ler 25 x 30 mm i seg selv. OBS: Kun anheng. Hvis du \u00f8nsker \u00e5 bestille som halskjede med kjede, se dette. Design og smiearbeid av Catrine Linder. Graveringer p\u00e5 fjellet av Kerstin \u00d6stberg.\u00a0<\/span><\/p>\t\t\t\t\t\t\t\t<\/div>\n\t\t\t\t<\/div>\n\t\t\t\t\t<\/div>\n\t\t<\/div>\n\t\t\t\t\t<\/div>\n\t\t<\/section>\n\t\t\t\t<\/div>","protected":false},"excerpt":{"rendered":"<p class=\"whitespace-normal break-words\"><strong>Stetind Mountain Medaljong<\/strong><\/p>\n<p class=\"whitespace-normal break-words\">H\u00e5ndlaget i s\u00f8lv med h\u00e5ndgraverte detaljer av Stetind - Norges nasjonalfjell - som reiser seg mot en h\u00e5ndgravert s\u00f8lvhimmel. Tre Swarovskikrystaller markerer stjernene over.<\/p>\n<p class=\"whitespace-normal break-words\">Fjellene l\u00e6rer oss hva som er viktig: utholdenhet n\u00e5r forholdene snur, ydmykhet overfor skalaen, klarheten som kommer med h\u00f8yden. De krever b\u00e5de styrke og fleksibilitet, forberedelse og tilstedev\u00e6relse.<\/p>\n<p class=\"whitespace-normal break-words\">B\u00e6r denne som en p\u00e5minnelse om toppene du har n\u00e5dd og de som fortsatt kaller. La den inneholde dine egne historier - den tidlige starten, v\u00e6ret som holdt, de stille \u00f8yeblikkene p\u00e5 toppen. Stiene som forandret deg.<\/p>\n<p class=\"whitespace-normal break-words\">For de som vet at fjellet alltid har noe \u00e5 l\u00e6re bort.<\/p>\n<p data-pm-slice=\"1 1 []\">","protected":false},"featured_media":11691,"comment_status":"open","ping_status":"closed","template":"","meta":{"inline_featured_image":false,"jetpack_publicize_message":"","jetpack_publicize_feature_enabled":true,"jetpack_social_post_already_shared":true,"jetpack_social_options":{"image_generator_settings":{"template":"highway","default_image_id":0,"font":"","enabled":false},"version":2},"_wpas_customize_per_network":false},"product_brand":[],"product_cat":[1978],"product_tag":[],"class_list":{"0":"post-11666","1":"product","2":"type-product","3":"status-publish","4":"has-post-thumbnail","6":"product_cat-pendants","8":"first","9":"instock","10":"taxable","11":"shipping-taxable","12":"purchasable","13":"product-type-simple"},"jetpack_publicize_connections":[],"jetpack_likes_enabled":false,"jetpack_sharing_enabled":false,"_links":{"self":[{"href":"https:\/\/925catrinelinder.com\/no\/wp-json\/wp\/v2\/product\/11666","targetHints":{"allow":["GET"]}}],"collection":[{"href":"https:\/\/925catrinelinder.com\/no\/wp-json\/wp\/v2\/product"}],"about":[{"href":"https:\/\/925catrinelinder.com\/no\/wp-json\/wp\/v2\/types\/product"}],"replies":[{"embeddable":true,"href":"https:\/\/925catrinelinder.com\/no\/wp-json\/wp\/v2\/comments?post=11666"}],"version-history":[{"count":0,"href":"https:\/\/925catrinelinder.com\/no\/wp-json\/wp\/v2\/product\/11666\/revisions"}],"wp:featuredmedia":[{"embeddable":true,"href":"https:\/\/925catrinelinder.com\/no\/wp-json\/wp\/v2\/media\/11691"}],"wp:attachment":[{"href":"https:\/\/925catrinelinder.com\/no\/wp-json\/wp\/v2\/media?parent=11666"}],"wp:term":[{"taxonomy":"product_brand","embeddable":true,"href":"https:\/\/925catrinelinder.com\/no\/wp-json\/wp\/v2\/product_brand?post=11666"},{"taxonomy":"product_cat","embeddable":true,"href":"https:\/\/925catrinelinder.com\/no\/wp-json\/wp\/v2\/product_cat?post=11666"},{"taxonomy":"product_tag","embeddable":true,"href":"https:\/\/925catrinelinder.com\/no\/wp-json\/wp\/v2\/product_tag?post=11666"}],"curies":[{"name":"wp","href":"https:\/\/api.w.org\/{rel}","templated":true}]}}