{"id":11719,"date":"2024-03-20T15:17:53","date_gmt":"2024-03-20T14:17:53","guid":{"rendered":"https:\/\/925catrinelinder.com\/?post_type=product&#038;p=11719"},"modified":"2025-11-06T14:35:11","modified_gmt":"2025-11-06T13:35:11","slug":"harmansjetter-1","status":"publish","type":"product","link":"https:\/\/925catrinelinder.com\/no\/product\/hair-cuffs-1\/","title":{"rendered":"H\u00e5rmanchetter 1"},"content":{"rendered":"<div data-elementor-type=\"product-post\" data-elementor-id=\"11719\" class=\"elementor elementor-11719\" data-elementor-post-type=\"product\">\n\t\t\t\t\t\t<section class=\"elementor-section elementor-top-section elementor-element elementor-element-7e58673c elementor-section-boxed elementor-section-height-default elementor-section-height-default\" data-id=\"7e58673c\" data-element_type=\"section\" data-e-type=\"section\">\n\t\t\t\t\t\t<div class=\"elementor-container elementor-column-gap-default\">\n\t\t\t\t\t<div class=\"elementor-column elementor-col-100 elementor-top-column elementor-element elementor-element-5f0291a7\" data-id=\"5f0291a7\" data-element_type=\"column\" data-e-type=\"column\">\n\t\t\t<div class=\"elementor-widget-wrap elementor-element-populated\">\n\t\t\t\t\t\t<div class=\"elementor-element elementor-element-25718242 elementor-widget elementor-widget-text-editor\" data-id=\"25718242\" data-element_type=\"widget\" data-e-type=\"widget\" data-widget_type=\"text-editor.default\">\n\t\t\t\t<div class=\"elementor-widget-container\">\n\t\t\t\t\t\t\t\t\t<p>Ta den med til fjells ... disse glir p\u00e5 h\u00e5rb\u00e5ndene dine og sitter veldig godt. Enest\u00e5ende i sitt slag <em>ingen vil noensinne v\u00e6re helt lik din<\/em>. Nordlandsk stil - h\u00e5ndlaget, kult og uformelt fra 925 Catrine Linder.<\/p>\t\t\t\t\t\t\t\t<\/div>\n\t\t\t\t<\/div>\n\t\t\t\t\t<\/div>\n\t\t<\/div>\n\t\t\t\t\t<\/div>\n\t\t<\/section>\n\t\t\t\t<\/div>","protected":false},"excerpt":{"rendered":"<p><span style=\"font-weight: 400;\">Solide resirkulerte 925 Sterling s\u00f8lv h\u00e5rmanchetter til flettene dine. Stemplet med registrert ansvarsmerke. M\u00e5ler 22 mm og er ca. 15 mm brede. Northern country-stil til flettene dine er en kul og avslappet m\u00e5te \u00e5 b\u00e6re smykker p\u00e5. Hair Cuffs sitter trygt p\u00e5 n\u00e5r du skyver dem p\u00e5 h\u00e5rb\u00e5ndet ditt. Ta det med til fjells - de vil elske det - eller stort sett hvilket som helst eventyr du m\u00e5tte finne p\u00e5.  Ser veldig bra ut sammen med <a href=\"https:\/\/925catrinelinder.com\/no\/produkt\/kreolske-oreringer-med-blomster\/\" target=\"_blank\" rel=\"noopener\">Blomsterkreoler<\/a> i \u00f8rene dine.\u00a0<\/span><\/p>","protected":false},"featured_media":11720,"comment_status":"open","ping_status":"closed","template":"","meta":{"inline_featured_image":false,"jetpack_publicize_message":"","jetpack_publicize_feature_enabled":true,"jetpack_social_post_already_shared":true,"jetpack_social_options":{"image_generator_settings":{"template":"highway","default_image_id":0,"font":"","enabled":false},"version":2},"_wpas_customize_per_network":false},"product_brand":[],"product_cat":[2246],"product_tag":[],"class_list":{"0":"post-11719","1":"product","2":"type-product","3":"status-publish","4":"has-post-thumbnail","6":"product_cat-hair-jewellery","8":"first","9":"outofstock","10":"taxable","11":"shipping-taxable","12":"purchasable","13":"product-type-simple"},"jetpack_publicize_connections":[],"jetpack_likes_enabled":false,"jetpack_sharing_enabled":false,"_links":{"self":[{"href":"https:\/\/925catrinelinder.com\/no\/wp-json\/wp\/v2\/product\/11719","targetHints":{"allow":["GET"]}}],"collection":[{"href":"https:\/\/925catrinelinder.com\/no\/wp-json\/wp\/v2\/product"}],"about":[{"href":"https:\/\/925catrinelinder.com\/no\/wp-json\/wp\/v2\/types\/product"}],"replies":[{"embeddable":true,"href":"https:\/\/925catrinelinder.com\/no\/wp-json\/wp\/v2\/comments?post=11719"}],"version-history":[{"count":0,"href":"https:\/\/925catrinelinder.com\/no\/wp-json\/wp\/v2\/product\/11719\/revisions"}],"wp:featuredmedia":[{"embeddable":true,"href":"https:\/\/925catrinelinder.com\/no\/wp-json\/wp\/v2\/media\/11720"}],"wp:attachment":[{"href":"https:\/\/925catrinelinder.com\/no\/wp-json\/wp\/v2\/media?parent=11719"}],"wp:term":[{"taxonomy":"product_brand","embeddable":true,"href":"https:\/\/925catrinelinder.com\/no\/wp-json\/wp\/v2\/product_brand?post=11719"},{"taxonomy":"product_cat","embeddable":true,"href":"https:\/\/925catrinelinder.com\/no\/wp-json\/wp\/v2\/product_cat?post=11719"},{"taxonomy":"product_tag","embeddable":true,"href":"https:\/\/925catrinelinder.com\/no\/wp-json\/wp\/v2\/product_tag?post=11719"}],"curies":[{"name":"wp","href":"https:\/\/api.w.org\/{rel}","templated":true}]}}