{"id":12019,"date":"2024-09-02T19:04:04","date_gmt":"2024-09-02T17:04:04","guid":{"rendered":"https:\/\/925catrinelinder.com\/?post_type=product&#038;p=12019"},"modified":"2025-11-06T14:35:09","modified_gmt":"2025-11-06T13:35:09","slug":"luksurios-gavepose","status":"publish","type":"product","link":"https:\/\/925catrinelinder.com\/no\/product\/luxy-gift-bag\/","title":{"rendered":"Litt Luxus gavepose"},"content":{"rendered":"<p>Lyxy Gift Bag er til n\u00e5r du skal gi noe ekstra til en helt spesiell person ved en viktig anledning. Eller kanskje bare fordi du vil at det skal pakkes spesielt vakkert inn. Den luksuri\u00f8se gaveposen kommer med et ark silkepapir inni. I naturfargede noter med gylne, sm\u00e5 dots for \u00e5 f\u00e5 gaven til \u00e5 glitre.<\/p>\n<p>Disse sm\u00e5 luksusgaveposene m\u00e5ler 20 x 15 x 70 cm og er laget av \u00f8ko friendly FSC-sertifisert papir, akkurat som de gratis gaveeskene fra 925 Catrine Linder. FSC-sertifiserte skoger m\u00e5 forvaltes i henhold til de h\u00f8yeste milj\u00f8messige, sosiale og \u00f8konomiske standarder - akkurat slik vi liker at det skal v\u00e6re.<\/p>","protected":false},"excerpt":{"rendered":"<p>Lyxy Gift Bag is for when you&#8217;re giving something extra to a very special person on a significant occasion. Or maybe just because you like it to be wrapped especially beautiful. Your luxury gift bag comes with a sheet of&#8230;<\/p>","protected":false},"featured_media":12021,"comment_status":"open","ping_status":"closed","template":"","meta":{"inline_featured_image":false,"jetpack_publicize_message":"","jetpack_publicize_feature_enabled":true,"jetpack_social_post_already_shared":true,"jetpack_social_options":{"image_generator_settings":{"template":"highway","default_image_id":0,"font":"","enabled":false},"version":2},"_wpas_customize_per_network":false},"product_brand":[],"product_cat":[2262],"product_tag":[],"class_list":{"0":"post-12019","1":"product","2":"type-product","3":"status-publish","4":"has-post-thumbnail","6":"product_cat-luxy-gift-wrapping","8":"first","9":"instock","10":"taxable","11":"shipping-taxable","12":"purchasable","13":"product-type-simple"},"jetpack_publicize_connections":[],"jetpack_likes_enabled":false,"jetpack_sharing_enabled":false,"_links":{"self":[{"href":"https:\/\/925catrinelinder.com\/no\/wp-json\/wp\/v2\/product\/12019","targetHints":{"allow":["GET"]}}],"collection":[{"href":"https:\/\/925catrinelinder.com\/no\/wp-json\/wp\/v2\/product"}],"about":[{"href":"https:\/\/925catrinelinder.com\/no\/wp-json\/wp\/v2\/types\/product"}],"replies":[{"embeddable":true,"href":"https:\/\/925catrinelinder.com\/no\/wp-json\/wp\/v2\/comments?post=12019"}],"version-history":[{"count":0,"href":"https:\/\/925catrinelinder.com\/no\/wp-json\/wp\/v2\/product\/12019\/revisions"}],"wp:featuredmedia":[{"embeddable":true,"href":"https:\/\/925catrinelinder.com\/no\/wp-json\/wp\/v2\/media\/12021"}],"wp:attachment":[{"href":"https:\/\/925catrinelinder.com\/no\/wp-json\/wp\/v2\/media?parent=12019"}],"wp:term":[{"taxonomy":"product_brand","embeddable":true,"href":"https:\/\/925catrinelinder.com\/no\/wp-json\/wp\/v2\/product_brand?post=12019"},{"taxonomy":"product_cat","embeddable":true,"href":"https:\/\/925catrinelinder.com\/no\/wp-json\/wp\/v2\/product_cat?post=12019"},{"taxonomy":"product_tag","embeddable":true,"href":"https:\/\/925catrinelinder.com\/no\/wp-json\/wp\/v2\/product_tag?post=12019"}],"curies":[{"name":"wp","href":"https:\/\/api.w.org\/{rel}","templated":true}]}}