{"id":12170,"date":"2024-10-15T15:15:34","date_gmt":"2024-10-15T13:15:34","guid":{"rendered":"https:\/\/925catrinelinder.com\/?post_type=product&#038;p=12170"},"modified":"2026-03-01T13:54:09","modified_gmt":"2026-03-01T12:54:09","slug":"havhalskjede","status":"publish","type":"product","link":"https:\/\/925catrinelinder.com\/no\/product\/ocean-necklace\/","title":{"rendered":"Ocean Halskjede"},"content":{"rendered":"<p>Laget av 925 sterlings\u00f8lv. Designm\u00e5l 10\u00d710 mm + krok. Ocean Necklace er laget av resirkulert 925 sterlings\u00f8lv og kommer p\u00e5 et 45 cm langt, vakkert ankerkjede. Velg mellom s\u00f8lv og s\u00f8lv med 14k gull. <em>Designet og produsert i Norge<\/em> - den perfekte gaven til deg eller en venn som bryr seg om og elsker havet.<\/p>","protected":false},"excerpt":{"rendered":"<p>Ocean Necklace er inspirert av den fortryllende skj\u00f8nnheten til kr\u00e5kebollene som finnes i verdenshavene, og er en eksklusiv del av Ocean Collection. Hvert halskjede har to sm\u00e5 firkantede anheng som dingler vakkert. De fanger og reflekterer lyset med hver bevegelse du gj\u00f8r.<\/p>\n<p>Dette lette og behagelige halskjedet er en fin p\u00e5minnelse om dine kj\u00e6reste minner ved havet - enten du har padlet kajakk i Henningsv\u00e6r i Lofoten eller bare nyter roen ved \u00e5 bo n\u00e6r havet. Husker du det lykkelige \u00f8yeblikket da du oppdaget en hel, tom kr\u00e5kebolle p\u00e5 stranden? Dette halskjedet fremkaller den samme gleden, og gir deg en bit av den arktiske naturens skj\u00f8nnhet n\u00e6r hjertet ditt.<\/p>\n<p>Visste du at lilla kr\u00e5keboller bruker hele kroppen som \u00f8yne? Med dette halskjedet kan du ta med deg et snev av havets undere hvor enn du g\u00e5r.<\/p>\n<p>Utforsk hele Ocean Collection, inkludert <a href=\"https:\/\/925catrinelinder.com\/no\/produkt\/ocean-studs\/\" target=\"_blank\" rel=\"noopener\">Ocean Studs<\/a>, <a href=\"https:\/\/925catrinelinder.com\/no\/produkt\/havboyler\/\" target=\"_blank\" rel=\"noopener\">Ocean Hoops<\/a>, <a href=\"https:\/\/925catrinelinder.com\/no\/produkt\/havring\/\" target=\"_blank\" rel=\"noopener\">Ocean Ring<\/a>, og <a href=\"https:\/\/925catrinelinder.com\/no\/produkt\/havoreringer\/\" target=\"_blank\" rel=\"noopener\">Ocean \u00d8redobber<\/a>. Har du bestemt deg for \u00e5 gi denne til en venn? Ikke glem \u00e5 krysse av i boksen for levering til en annen adresse. Bare skriv alle detaljer, s\u00e5 s\u00f8rger vi for \u00e5 sende en vakkert innpakket gaveeske som til og med inneholder noen spesielle overraskelser med sanser fra nord.<\/p>\n<p>&nbsp;<\/p>","protected":false},"featured_media":11932,"comment_status":"open","ping_status":"closed","template":"","meta":{"inline_featured_image":false,"jetpack_publicize_message":"","jetpack_publicize_feature_enabled":true,"jetpack_social_post_already_shared":true,"jetpack_social_options":{"image_generator_settings":{"template":"highway","default_image_id":0,"font":"","enabled":false},"version":2},"_wpas_customize_per_network":false},"product_brand":[],"product_cat":[1383],"product_tag":[2296],"class_list":{"0":"post-12170","1":"product","2":"type-product","3":"status-publish","4":"has-post-thumbnail","6":"product_cat-necklaces","7":"product_tag-surf-lovers","8":"pa_metal-gold-vermeil","9":"pa_metal-925-sterling-silver","11":"first","12":"instock","13":"taxable","14":"shipping-taxable","15":"purchasable","16":"product-type-variable"},"jetpack_publicize_connections":[],"jetpack_likes_enabled":false,"jetpack_sharing_enabled":false,"_links":{"self":[{"href":"https:\/\/925catrinelinder.com\/no\/wp-json\/wp\/v2\/product\/12170","targetHints":{"allow":["GET"]}}],"collection":[{"href":"https:\/\/925catrinelinder.com\/no\/wp-json\/wp\/v2\/product"}],"about":[{"href":"https:\/\/925catrinelinder.com\/no\/wp-json\/wp\/v2\/types\/product"}],"replies":[{"embeddable":true,"href":"https:\/\/925catrinelinder.com\/no\/wp-json\/wp\/v2\/comments?post=12170"}],"version-history":[{"count":1,"href":"https:\/\/925catrinelinder.com\/no\/wp-json\/wp\/v2\/product\/12170\/revisions"}],"predecessor-version":[{"id":14713,"href":"https:\/\/925catrinelinder.com\/no\/wp-json\/wp\/v2\/product\/12170\/revisions\/14713"}],"wp:featuredmedia":[{"embeddable":true,"href":"https:\/\/925catrinelinder.com\/no\/wp-json\/wp\/v2\/media\/11932"}],"wp:attachment":[{"href":"https:\/\/925catrinelinder.com\/no\/wp-json\/wp\/v2\/media?parent=12170"}],"wp:term":[{"taxonomy":"product_brand","embeddable":true,"href":"https:\/\/925catrinelinder.com\/no\/wp-json\/wp\/v2\/product_brand?post=12170"},{"taxonomy":"product_cat","embeddable":true,"href":"https:\/\/925catrinelinder.com\/no\/wp-json\/wp\/v2\/product_cat?post=12170"},{"taxonomy":"product_tag","embeddable":true,"href":"https:\/\/925catrinelinder.com\/no\/wp-json\/wp\/v2\/product_tag?post=12170"}],"curies":[{"name":"wp","href":"https:\/\/api.w.org\/{rel}","templated":true}]}}