{"id":12395,"date":"2024-11-05T17:18:15","date_gmt":"2024-11-05T16:18:15","guid":{"rendered":"https:\/\/925catrinelinder.com\/?post_type=product&#038;p=12395"},"modified":"2025-11-06T14:35:06","modified_gmt":"2025-11-06T13:35:06","slug":"det-opphoyde-mellom-fjellkjedet","status":"publish","type":"product","link":"https:\/\/925catrinelinder.com\/no\/product\/the-raised-between-mountains-necklace\/","title":{"rendered":"Raised Between Mountains halskjede"},"content":{"rendered":"<div data-elementor-type=\"product-post\" data-elementor-id=\"12395\" class=\"elementor elementor-12395\" data-elementor-post-type=\"product\">\n\t\t\t\t\t\t<section class=\"elementor-section elementor-top-section elementor-element elementor-element-60a4e927 elementor-section-boxed elementor-section-height-default elementor-section-height-default\" data-id=\"60a4e927\" data-element_type=\"section\" data-e-type=\"section\">\n\t\t\t\t\t\t<div class=\"elementor-container elementor-column-gap-default\">\n\t\t\t\t\t<div class=\"elementor-column elementor-col-100 elementor-top-column elementor-element elementor-element-58f34dfe\" data-id=\"58f34dfe\" data-element_type=\"column\" data-e-type=\"column\">\n\t\t\t<div class=\"elementor-widget-wrap elementor-element-populated\">\n\t\t\t\t\t\t<div class=\"elementor-element elementor-element-2cfcd92b elementor-widget elementor-widget-text-editor\" data-id=\"2cfcd92b\" data-element_type=\"widget\" data-e-type=\"widget\" data-widget_type=\"text-editor.default\">\n\t\t\t\t<div class=\"elementor-widget-container\">\n\t\t\t\t\t\t\t\t\t<p><b>Halskjedet \"Oppvokst mellom fjell\"<\/b><span style=\"font-weight: 400;\"> er en del av smykkekolleksjonen inspirert av den Lofoten-baserte artisten Birris album<\/span><a href=\"https:\/\/www.birrimusic.com\/kjop\" target=\"_blank\" rel=\"noopener nofollow\"> <i><span style=\"font-weight: 400;\">\"For alle de s\u00f8rgende\"<\/span><\/i><\/a><span style=\"font-weight: 400;\">et konseptalbum som utforsker sorgens ti stadier. Kolleksjonen tar med seg den emosjonelle tyngden i musikken hennes inn i b\u00e6rbar kunst. Halskjedet \"Raised Between Mountains\" har det typografiske fjellsymbolet fra albumets artwork, som representerer <em>Styrke<\/em> og <em>Motstandsdyktighet<\/em> fase i sorgprosessen. Catrine Linder har laget halskjedet \"Raised Between Mountains\" av resirkulert 925 sterlings\u00f8lv. Det er en perfekt gave sammen med albumet \"For All Those in Mourning\".\u00a0<\/span><\/p><p><span style=\"font-weight: 400;\">Halskjededesign og h\u00e5ndverk av Catrine Linder. Symboldesign av Helga Ellingsen og Birri. Kunstfoto av Martin Brunn. Produktfoto Catrine Linder.<\/span><\/p><p><span style=\"font-weight: 400;\">Lytt til sangen og se musikkvideoen fra Birri<\/span><a href=\"https:\/\/youtu.be\/fXvL4SWVZtk\" target=\"_blank\" rel=\"noopener nofollow\"> <span style=\"font-weight: 400;\">her<\/span><\/a><span style=\"font-weight: 400;\">.\u00a0<\/span><\/p>\t\t\t\t\t\t\t\t<\/div>\n\t\t\t\t<\/div>\n\t\t\t\t\t<\/div>\n\t\t<\/div>\n\t\t\t\t\t<\/div>\n\t\t<\/section>\n\t\t\t\t<\/div>","protected":false},"excerpt":{"rendered":"<p><span style=\"font-weight: 400;\">Halskjedet Raised Between Mountains er laget av resirkulert 925 sterlings\u00f8lv. Designm\u00e5l 10\u00d710 mm + krok. Du kan velge mellom et 45 eller 60 cm vakkert ankerkjede, eller bare kj\u00f8pe anhenget. <\/span><i><span style=\"font-weight: 400;\">Designet og produsert i Norge. Den perfekte gaven til deg, din motstandsdyktige venn, din musikkelskende onkel eller hvem som helst som m\u00f8ter livets opp- og nedturer. Vi inviterer deg til \u00e5 b\u00e6re disse symbolene p\u00e5 musikk og indre styrke med deg.<\/span><\/i><\/p>","protected":false},"featured_media":12699,"comment_status":"open","ping_status":"closed","template":"","meta":{"inline_featured_image":false,"jetpack_publicize_message":"","jetpack_publicize_feature_enabled":true,"jetpack_social_post_already_shared":true,"jetpack_social_options":{"image_generator_settings":{"template":"highway","default_image_id":0,"font":"","enabled":false},"version":2},"_wpas_customize_per_network":false},"product_brand":[],"product_cat":[2280,1383],"product_tag":[2258],"class_list":{"0":"post-12395","1":"product","2":"type-product","3":"status-publish","4":"has-post-thumbnail","6":"product_cat-birri_music_collab","7":"product_cat-necklaces","8":"product_tag-art-collaboration","10":"first","11":"instock","12":"taxable","13":"shipping-taxable","14":"purchasable","15":"product-type-variable"},"jetpack_publicize_connections":[],"jetpack_likes_enabled":false,"jetpack_sharing_enabled":false,"_links":{"self":[{"href":"https:\/\/925catrinelinder.com\/no\/wp-json\/wp\/v2\/product\/12395","targetHints":{"allow":["GET"]}}],"collection":[{"href":"https:\/\/925catrinelinder.com\/no\/wp-json\/wp\/v2\/product"}],"about":[{"href":"https:\/\/925catrinelinder.com\/no\/wp-json\/wp\/v2\/types\/product"}],"replies":[{"embeddable":true,"href":"https:\/\/925catrinelinder.com\/no\/wp-json\/wp\/v2\/comments?post=12395"}],"version-history":[{"count":0,"href":"https:\/\/925catrinelinder.com\/no\/wp-json\/wp\/v2\/product\/12395\/revisions"}],"wp:featuredmedia":[{"embeddable":true,"href":"https:\/\/925catrinelinder.com\/no\/wp-json\/wp\/v2\/media\/12699"}],"wp:attachment":[{"href":"https:\/\/925catrinelinder.com\/no\/wp-json\/wp\/v2\/media?parent=12395"}],"wp:term":[{"taxonomy":"product_brand","embeddable":true,"href":"https:\/\/925catrinelinder.com\/no\/wp-json\/wp\/v2\/product_brand?post=12395"},{"taxonomy":"product_cat","embeddable":true,"href":"https:\/\/925catrinelinder.com\/no\/wp-json\/wp\/v2\/product_cat?post=12395"},{"taxonomy":"product_tag","embeddable":true,"href":"https:\/\/925catrinelinder.com\/no\/wp-json\/wp\/v2\/product_tag?post=12395"}],"curies":[{"name":"wp","href":"https:\/\/api.w.org\/{rel}","templated":true}]}}