{"id":12971,"date":"2025-02-28T14:31:40","date_gmt":"2025-02-28T13:31:40","guid":{"rendered":"https:\/\/925catrinelinder.com\/?post_type=product&#038;p=12971"},"modified":"2026-03-03T00:48:57","modified_gmt":"2026-03-02T23:48:57","slug":"friendly-mini-halskjede-rock-svart","status":"publish","type":"product","link":"https:\/\/925catrinelinder.com\/no\/product\/friendly-mini-necklace-rock-black\/","title":{"rendered":"Friendly Mini-halskjede Rock Black"},"content":{"rendered":"<p>Friendly Mini Neckless Rock Black - anheng og kjede i massivt - og selvf\u00f8lgelig resirkulert 925 Sterlings\u00f8lv med Rhodium Black. Leveres p\u00e5 valgfritt Ball-kjede i 42 eller 45 cm. Mini er perfekt til sarte halser hvis du f\u00f8ler at det autentiske <a href=\"\/no\/25catrinelinder-wpcomstaging-com\/produkt\/vennlig-halskjede-solv\/\" target=\"_blank\" rel=\"noopener\">Friendly halskjede<\/a> er for stor. Friendly Collection er inspirert av fjellklatring, fjell og friluftsliv. Et flott symbol p\u00e5 vennskap, tillit og trygghet. Smykket m\u00e5ler ca. 10\u00d77 mm (0,47\u00d70,27 tommer) - ca. 20 mm inkludert \u00f8skenet. B\u00e5ret av mange venner! Klatre videre - p\u00e5 fjell, is, i livet og p\u00e5 jobb!<\/p>\n<p>Ser fantastisk ut p\u00e5 dette delikate 1 mm ankerkjedet - kanskje en liten klatrerbabygave? For baby\/barn-st\u00f8rrelse anbefaler jeg den ene <a href=\"https:\/\/925catrinelinder.com\/no\/produkt\/friendly-mini-halskjede-solv\/\" target=\"_blank\" rel=\"noopener\">i s\u00f8lv p\u00e5 et 36 cm langt kjede<\/a>.<\/p>","protected":false},"excerpt":{"rendered":"<p><span style=\"font-weight: 400;\">En friendly-gave inspirert av fjellklatring, fjell og friluftsliv. Et symbol p\u00e5 vennskap, tillit og trygghet.\u00a0\u00a0<\/span><\/p>\n<p>Friendly Mini Neckless Rock Black, laget av resirkulert 925 sterlings\u00f8lv og Rhodium Black-belegg. Velg Oxidised Black Ball-kjede i 42 eller 45 cm. Friendly Collection er inspirert av fjellklatring, fjell og friluftsliv. Designet er et symbol p\u00e5 vennskap, tillit og trygghet. Smykket m\u00e5ler ca. 10\u00d77 mm (0,47\u00d70,27 tommer) - ca. 20 mm inkludert \u00f8skenet. Klatre videre - p\u00e5 fjell, is, i livet og p\u00e5 jobben!<\/p>\n<p>Ser fantastisk ut p\u00e5 dette delikate 1 mm ankerkjedet - kanskje en liten klatrerbabygave? For baby\/barn-st\u00f8rrelse anbefaler jeg den ene <a href=\"https:\/\/925catrinelinder.com\/no\/produkt\/friendly-mini-halskjede-solv\/\" target=\"_blank\" rel=\"noopener\">i s\u00f8lv p\u00e5 et 36 cm langt kjede<\/a>.<\/p>\n<p>\ud83d\udda4 webspesial<\/p>","protected":false},"featured_media":13114,"comment_status":"closed","ping_status":"closed","template":"","meta":{"inline_featured_image":false,"jetpack_publicize_message":"","jetpack_publicize_feature_enabled":true,"jetpack_social_post_already_shared":true,"jetpack_social_options":{"image_generator_settings":{"template":"highway","default_image_id":0,"font":"","enabled":false},"version":2},"_wpas_customize_per_network":false},"product_brand":[],"product_cat":[2290,1383],"product_tag":[2259,2260],"class_list":{"0":"post-12971","1":"product","2":"type-product","3":"status-publish","4":"has-post-thumbnail","6":"product_cat-friendly-collection","7":"product_cat-necklaces","8":"product_tag-climbing-lovers","9":"product_tag-refined-equipment","10":"pa_metal-rhodium-black","12":"first","13":"instock","14":"taxable","15":"shipping-taxable","16":"purchasable","17":"product-type-variable"},"jetpack_publicize_connections":[],"jetpack_likes_enabled":false,"jetpack_sharing_enabled":false,"_links":{"self":[{"href":"https:\/\/925catrinelinder.com\/no\/wp-json\/wp\/v2\/product\/12971","targetHints":{"allow":["GET"]}}],"collection":[{"href":"https:\/\/925catrinelinder.com\/no\/wp-json\/wp\/v2\/product"}],"about":[{"href":"https:\/\/925catrinelinder.com\/no\/wp-json\/wp\/v2\/types\/product"}],"replies":[{"embeddable":true,"href":"https:\/\/925catrinelinder.com\/no\/wp-json\/wp\/v2\/comments?post=12971"}],"version-history":[{"count":1,"href":"https:\/\/925catrinelinder.com\/no\/wp-json\/wp\/v2\/product\/12971\/revisions"}],"predecessor-version":[{"id":14674,"href":"https:\/\/925catrinelinder.com\/no\/wp-json\/wp\/v2\/product\/12971\/revisions\/14674"}],"wp:featuredmedia":[{"embeddable":true,"href":"https:\/\/925catrinelinder.com\/no\/wp-json\/wp\/v2\/media\/13114"}],"wp:attachment":[{"href":"https:\/\/925catrinelinder.com\/no\/wp-json\/wp\/v2\/media?parent=12971"}],"wp:term":[{"taxonomy":"product_brand","embeddable":true,"href":"https:\/\/925catrinelinder.com\/no\/wp-json\/wp\/v2\/product_brand?post=12971"},{"taxonomy":"product_cat","embeddable":true,"href":"https:\/\/925catrinelinder.com\/no\/wp-json\/wp\/v2\/product_cat?post=12971"},{"taxonomy":"product_tag","embeddable":true,"href":"https:\/\/925catrinelinder.com\/no\/wp-json\/wp\/v2\/product_tag?post=12971"}],"curies":[{"name":"wp","href":"https:\/\/api.w.org\/{rel}","templated":true}]}}