{"id":12992,"date":"2025-03-06T23:52:26","date_gmt":"2025-03-06T22:52:26","guid":{"rendered":"https:\/\/925catrinelinder.com\/?post_type=product&#038;p=12992"},"modified":"2025-12-16T00:07:13","modified_gmt":"2025-12-15T23:07:13","slug":"vi-er-en-familie","status":"publish","type":"product","link":"https:\/\/925catrinelinder.com\/no\/product\/we-are-family\/","title":{"rendered":"We Are Family"},"content":{"rendered":"<div class=\"mb-3\">\n<h3 class=\"uppercase text-xs lg:text-sm font-bold mb-3\">Description<\/h3>\n<div class=\"wysiwyg-p:my-0 wysiwyg-ul:my-0 lg:wysiwyg-li:text-sm wysiwyg-li:text-xs lg:wysiwyg-p:text-sm wysiwyg-p:text-xs check-icon-list-bullet\">\n<ul>\n<li>Set-in sleeve<\/li>\n<li>1&#215;1 rib at neck collar and sleeve cuffs<\/li>\n<li>Double needles topstitches at bottom hem<\/li>\n<li>Inside back neck tape in self fabric<\/li>\n<li>Slightly rougher fabric characteristic<\/li>\n<li>Runs large in sizes &#8211; a medium is like a large<\/li>\n<\/ul>\n<\/div>\n<\/div>\n<div class=\"mb-3\">\n<h3 class=\"uppercase text-xs lg:text-sm font-bold mb-3\">Composition<\/h3>\n<div class=\"child-p:mb-2 last:child-p:mb-0\">\n<p class=\"text-xs lg:text-sm\">Shell: Single Jersey, 100% Cotton &#8211; Organic Open End \/ Heather Haze : 70% Organic Cotton &#8211; 30% Recycled Cotton, Open End, Fabric washed<\/p>\n<\/div>\n<\/div>\n<div class=\"mb-3\">\n<h3 class=\"uppercase text-xs lg:text-sm font-bold mb-3\">Care Instruction<\/h3>\n<div class=\"flex flex-col md:flex-row gap-4 items-start\">\n<p class=\"text-xs lg:text-sm flex-1\">Wash similar colours together, no ironing on print, wash and iron inside out. High quality shirt from Stanley\/Stella a truly ethical brand that believe in sustainability in the textile industry.<\/p>\n<div class=\"flex flex-1 items-center flex-wrap gap-3\"><img data-recalc-dims=\"1\" decoding=\"async\" class=\"w-8 h-8 shrink-0\" title=\"Washing - 30\u00b0\" src=\"https:\/\/i0.wp.com\/stanleystella.com\/media\/amasty\/shopby\/option_images\/slider\/was_30.png?resize=32%2C32&#038;ssl=1\" alt=\"Washing - 30\u00b0\" width=\"32\" height=\"32\" \/><img data-recalc-dims=\"1\" decoding=\"async\" class=\"w-8 h-8 shrink-0\" title=\"Bleaching - No\" src=\"https:\/\/i0.wp.com\/stanleystella.com\/media\/amasty\/shopby\/option_images\/slider\/ble_not.png?resize=32%2C32&#038;ssl=1\" alt=\"Bleaching - No\" width=\"32\" height=\"32\" \/><img data-recalc-dims=\"1\" decoding=\"async\" class=\"w-8 h-8 shrink-0\" title=\"Drying - Tumble Dry No\" src=\"https:\/\/i0.wp.com\/stanleystella.com\/media\/amasty\/shopby\/option_images\/slider\/dry_not.png?resize=32%2C32&#038;ssl=1\" alt=\"Drying - Tumble Dry No\" width=\"32\" height=\"32\" \/><img data-recalc-dims=\"1\" loading=\"lazy\" decoding=\"async\" class=\"w-8 h-8 shrink-0\" title=\"Ironing - 110\u00b0\" src=\"https:\/\/i0.wp.com\/stanleystella.com\/media\/amasty\/shopby\/option_images\/slider\/iro_max_110.png?resize=32%2C32&#038;ssl=1\" alt=\"Ironing - 110\u00b0\" width=\"32\" height=\"32\" \/><img loading=\"lazy\" decoding=\"async\" class=\"w-8 h-8 shrink-0\" title=\"Cleaning - No\" src=\"https:\/\/stanleystella.com\/media\/amasty\/shopby\/option_images\/slider\/EU-Symbol_DryCleaning.svg\" alt=\"Cleaning - No\" width=\"32\" height=\"32\" \/><\/div>\n<\/div>\n<\/div>\n<div>\n<div class=\"min-h-[72px] my-6\">\n<div class=\"grid grid-cols-4 items-center justify-items-center gap-4\"><img data-recalc-dims=\"1\" loading=\"lazy\" decoding=\"async\" class=\"object-contain h-[72px]\" title=\"GOTS\" src=\"https:\/\/i0.wp.com\/stanleystella.com\/media\/amasty\/shopby\/option_images\/slider\/GOTSOrganic.png?resize=59%2C60&#038;ssl=1\" alt=\"GOTS Organic\" width=\"59\" height=\"60\" \/><img data-recalc-dims=\"1\" loading=\"lazy\" decoding=\"async\" class=\"object-contain h-[72px]\" title=\"OEKO-TEX organic garments\" src=\"https:\/\/i0.wp.com\/stanleystella.com\/media\/amasty\/shopby\/option_images\/slider\/OekoTex2012163_2.png?resize=54%2C59&#038;ssl=1\" alt=\"OEKO-TEX organic garments\" width=\"54\" height=\"59\" \/><img data-recalc-dims=\"1\" loading=\"lazy\" decoding=\"async\" class=\"object-contain h-[72px]\" title=\"Vegan\" src=\"https:\/\/i0.wp.com\/stanleystella.com\/media\/amasty\/shopby\/option_images\/slider\/PETAVegan_1.png?resize=137%2C50&#038;ssl=1\" alt=\"Vegan\" width=\"137\" height=\"50\" \/><img data-recalc-dims=\"1\" loading=\"lazy\" decoding=\"async\" class=\"object-contain h-[72px]\" title=\"Fairwear\" src=\"https:\/\/i0.wp.com\/stanleystella.com\/media\/amasty\/shopby\/option_images\/slider\/Fairwear_1.png?resize=68%2C40&#038;ssl=1\" alt=\"Fairwear\" width=\"68\" height=\"40\" \/><\/div>\n<\/div>\n<\/div>\n","protected":false},"excerpt":{"rendered":"<h1 class=\"text-2xl font-bold mt-1 text-text-100\">We Are Family langermet<\/h1>\n<p class=\"whitespace-normal break-words\"><strong>Toppen. Strandlinjen. Den uventede avstikkeren som ble ditt favorittminne.<\/strong><\/p>\n<p class=\"whitespace-normal break-words\">Noen av livets beste \u00f8yeblikk skjer langt hjemmefra - men p\u00e5 en eller annen m\u00e5te f\u00e5r de deg til \u00e5 f\u00f8le deg mest knyttet til de menneskene som betyr noe.<\/p>\n<p class=\"whitespace-normal break-words\">Jeg designet denne langermete plagget i en tid preget av avstand. Familien min var spredt over flere kontinenter, og de n\u00e6rmeste vennene mine var spredt mellom fjellbyer og kystbyer. Vi sendte bilder fra stier og havner, og sa alltid \u201cskulle \u00f8nske du var her\u201d. En dag, i stedet for \u00e5 \u00f8nske, skapte jeg noe vi alle kunne b\u00e6re med oss.<\/p>\n<p class=\"whitespace-normal break-words\"><strong>We Are Family<\/strong> handler ikke bare om blodsb\u00e5nd. Det handler om klatrepartneren som snakket deg gjennom den eksponerte pitchen. Vennen som dukket opp med kaffe f\u00f8r den tidlige fergen. Mannskapet som f\u00f8les som hjemme, uansett hvilken tidssone du sender tekstmeldinger fra.<\/p>\n<p class=\"whitespace-normal break-words\">Denne skjorten er for toppfotografier og b\u00e5l ved sj\u00f8en. For folk som forst\u00e5r at familien noen ganger er utvalgt, ofte fjern, og alltid verdt \u00e5 feire. Bruk den p\u00e5 eventyrene dine. Gi den i gave til noen som f\u00f8ler seg som hjemme.<\/p>\n<p class=\"whitespace-normal break-words\">Hvert plagg er laget av f\u00f8rsteklasses \u00f8ko-friendly, veganske og rettferdig produserte materialer. Trykket lokalt utenfor Stockholm, Sverige, av et selskap som deler v\u00e5re verdier.<\/p>\n<p class=\"whitespace-normal break-words\"><strong>\u00c9n produksjonsserie. Begrenset antall.<\/strong><\/p>\n<p class=\"whitespace-normal break-words\"><strong>Merknad om st\u00f8rrelse:<\/strong> Disse er store - bestill en st\u00f8rrelse mindre (Small passer som Medium).<br \/>\n<strong>Ingen retur<\/strong> p\u00e5 grunn av tilpasset produksjon.<\/p>\n<p class=\"whitespace-normal break-words\">Finn menneskene dine. B\u00e6r historien din.<\/p>\n<p class=\"whitespace-normal break-words\"><strong>Bestill n\u00e5 \u2764\ufe0f\ud83d\udc9b\ud83e\udde1\ud83d\udc99\ud83e\udd0e<\/strong><\/p>","protected":false},"featured_media":13001,"comment_status":"open","ping_status":"closed","template":"","meta":{"inline_featured_image":false,"jetpack_publicize_message":"","jetpack_publicize_feature_enabled":true,"jetpack_social_post_already_shared":true,"jetpack_social_options":{"image_generator_settings":{"template":"highway","default_image_id":0,"font":"","enabled":false},"version":2},"_wpas_customize_per_network":false},"product_brand":[],"product_cat":[2263],"product_tag":[],"class_list":{"0":"post-12992","1":"product","2":"type-product","3":"status-publish","4":"has-post-thumbnail","6":"product_cat-we-are-family","8":"first","9":"instock","10":"taxable","11":"shipping-taxable","12":"purchasable","13":"product-type-variable"},"jetpack_publicize_connections":[],"jetpack_likes_enabled":false,"jetpack_sharing_enabled":false,"_links":{"self":[{"href":"https:\/\/925catrinelinder.com\/no\/wp-json\/wp\/v2\/product\/12992","targetHints":{"allow":["GET"]}}],"collection":[{"href":"https:\/\/925catrinelinder.com\/no\/wp-json\/wp\/v2\/product"}],"about":[{"href":"https:\/\/925catrinelinder.com\/no\/wp-json\/wp\/v2\/types\/product"}],"replies":[{"embeddable":true,"href":"https:\/\/925catrinelinder.com\/no\/wp-json\/wp\/v2\/comments?post=12992"}],"version-history":[{"count":0,"href":"https:\/\/925catrinelinder.com\/no\/wp-json\/wp\/v2\/product\/12992\/revisions"}],"wp:featuredmedia":[{"embeddable":true,"href":"https:\/\/925catrinelinder.com\/no\/wp-json\/wp\/v2\/media\/13001"}],"wp:attachment":[{"href":"https:\/\/925catrinelinder.com\/no\/wp-json\/wp\/v2\/media?parent=12992"}],"wp:term":[{"taxonomy":"product_brand","embeddable":true,"href":"https:\/\/925catrinelinder.com\/no\/wp-json\/wp\/v2\/product_brand?post=12992"},{"taxonomy":"product_cat","embeddable":true,"href":"https:\/\/925catrinelinder.com\/no\/wp-json\/wp\/v2\/product_cat?post=12992"},{"taxonomy":"product_tag","embeddable":true,"href":"https:\/\/925catrinelinder.com\/no\/wp-json\/wp\/v2\/product_tag?post=12992"}],"curies":[{"name":"wp","href":"https:\/\/api.w.org\/{rel}","templated":true}]}}