{"id":13344,"date":"2025-06-15T19:18:59","date_gmt":"2025-06-15T17:18:59","guid":{"rendered":"https:\/\/925catrinelinder.com\/?post_type=product&#038;p=13344"},"modified":"2026-04-13T13:20:46","modified_gmt":"2026-04-13T11:20:46","slug":"concylie-emalje-halskjede","status":"publish","type":"product","link":"https:\/\/925catrinelinder.com\/no\/product\/concylie-enamel-necklace\/","title":{"rendered":"Concylie halskjede i emalje"},"content":{"rendered":"<div data-elementor-type=\"product-post\" data-elementor-id=\"13344\" class=\"elementor elementor-13344\" data-elementor-post-type=\"product\">\n\t\t\t\t\t\t<section class=\"elementor-section elementor-top-section elementor-element elementor-element-685500ea elementor-section-boxed elementor-section-height-default elementor-section-height-default\" data-id=\"685500ea\" data-element_type=\"section\" data-e-type=\"section\">\n\t\t\t\t\t\t<div class=\"elementor-container elementor-column-gap-default\">\n\t\t\t\t\t<div class=\"elementor-column elementor-col-100 elementor-top-column elementor-element elementor-element-636e6151\" data-id=\"636e6151\" data-element_type=\"column\" data-e-type=\"column\">\n\t\t\t<div class=\"elementor-widget-wrap\">\n\t\t\t\t\t\t\t<\/div>\n\t\t<\/div>\n\t\t\t\t\t<\/div>\n\t\t<\/section>\n\t\t\t\t<\/div>","protected":false},"excerpt":{"rendered":"<p class=\"ai-optimize-31\"><span style=\"font-weight: 400;\">N\u00e5r jeg g\u00e5r langs kysten, samler jeg alltid skjell og steiner. Disse spesielle sm\u00e5 Concylie-skallene fikk jeg av en venninne, og de talte til meg - den buede beskyttelsen deres gir plass til noe \u00f8mt. Jeg har bare noen f\u00e5, og jeg bestemte meg for \u00e5 lage dem i s\u00f8lv med min dyrebare h\u00e5ndmalte emalje p\u00e5 innsiden.\u00a0<\/span><\/p>\n<p class=\"ai-optimize-32\"><span style=\"font-weight: 400;\">Det 70 cm lange kjedet lar den hvile der den h\u00f8rer hjemme. H\u00e5ndmalt med emaljeringsteknikken som har v\u00e6rt brukt i over 2000 \u00e5r, der farget glass smelter sammen med s\u00f8lv ved hjelp av varme.<\/span><\/p>\n<p class=\"ai-optimize-33\"><span style=\"font-weight: 400;\">F\u00f8dt av nordlige farvann og arktisk f\u00f8lsomhet.<\/span><\/p>\n<p>&nbsp;<\/p>\n<p class=\"ai-optimize-34\"><span style=\"font-weight: 400;\">H\u00e5ndlaget i Skandinavia med resirkulert 925 sterlings\u00f8lv og glasemalje.<\/span><\/p>","protected":false},"featured_media":13354,"comment_status":"open","ping_status":"closed","template":"","meta":{"inline_featured_image":false,"jetpack_publicize_message":"","jetpack_publicize_feature_enabled":true,"jetpack_social_post_already_shared":true,"jetpack_social_options":{"image_generator_settings":{"template":"highway","default_image_id":0,"font":"","enabled":false},"version":2},"_wpas_customize_per_network":false},"product_brand":[],"product_cat":[1383],"product_tag":[],"class_list":{"0":"post-13344","1":"product","2":"type-product","3":"status-publish","4":"has-post-thumbnail","6":"product_cat-necklaces","8":"first","9":"instock","10":"taxable","11":"shipping-taxable","12":"purchasable","13":"product-type-variable"},"jetpack_publicize_connections":[],"jetpack_likes_enabled":false,"jetpack_sharing_enabled":false,"_links":{"self":[{"href":"https:\/\/925catrinelinder.com\/no\/wp-json\/wp\/v2\/product\/13344","targetHints":{"allow":["GET"]}}],"collection":[{"href":"https:\/\/925catrinelinder.com\/no\/wp-json\/wp\/v2\/product"}],"about":[{"href":"https:\/\/925catrinelinder.com\/no\/wp-json\/wp\/v2\/types\/product"}],"replies":[{"embeddable":true,"href":"https:\/\/925catrinelinder.com\/no\/wp-json\/wp\/v2\/comments?post=13344"}],"version-history":[{"count":1,"href":"https:\/\/925catrinelinder.com\/no\/wp-json\/wp\/v2\/product\/13344\/revisions"}],"predecessor-version":[{"id":14858,"href":"https:\/\/925catrinelinder.com\/no\/wp-json\/wp\/v2\/product\/13344\/revisions\/14858"}],"wp:featuredmedia":[{"embeddable":true,"href":"https:\/\/925catrinelinder.com\/no\/wp-json\/wp\/v2\/media\/13354"}],"wp:attachment":[{"href":"https:\/\/925catrinelinder.com\/no\/wp-json\/wp\/v2\/media?parent=13344"}],"wp:term":[{"taxonomy":"product_brand","embeddable":true,"href":"https:\/\/925catrinelinder.com\/no\/wp-json\/wp\/v2\/product_brand?post=13344"},{"taxonomy":"product_cat","embeddable":true,"href":"https:\/\/925catrinelinder.com\/no\/wp-json\/wp\/v2\/product_cat?post=13344"},{"taxonomy":"product_tag","embeddable":true,"href":"https:\/\/925catrinelinder.com\/no\/wp-json\/wp\/v2\/product_tag?post=13344"}],"curies":[{"name":"wp","href":"https:\/\/api.w.org\/{rel}","templated":true}]}}