{"id":1406,"date":"2019-04-08T23:53:07","date_gmt":"2019-04-08T23:53:07","guid":{"rendered":"http:\/\/925catrinelinder.com\/?post_type=product&#038;p=1406"},"modified":"2026-03-01T13:53:29","modified_gmt":"2026-03-01T12:53:29","slug":"fiskehale-surfer-halskjede","status":"publish","type":"product","link":"https:\/\/925catrinelinder.com\/no\/product\/fishtail-surfer-necklace\/","title":{"rendered":"Fishtail Surfer-halskjede"},"content":{"rendered":"","protected":false},"excerpt":{"rendered":"<p>Heng l\u00f8st med Fishtail Surfer-halskjedet. Laget av resirkulert 925 sterlings\u00f8lv i Norge.  Selve surfebrettet m\u00e5ler ca. 25 mm. Kjedet m\u00e5ler 50 cm.<\/p>\n<p>&nbsp;<\/p>","protected":false},"featured_media":6974,"comment_status":"open","ping_status":"closed","template":"","meta":{"inline_featured_image":false,"jetpack_publicize_message":"","jetpack_publicize_feature_enabled":true,"jetpack_social_post_already_shared":true,"jetpack_social_options":{"image_generator_settings":{"template":"highway","default_image_id":0,"font":"","enabled":false},"version":2},"_wpas_customize_per_network":false},"product_brand":[],"product_cat":[1383],"product_tag":[2296],"class_list":{"0":"post-1406","1":"product","2":"type-product","3":"status-publish","4":"has-post-thumbnail","6":"product_cat-necklaces","7":"product_tag-surf-lovers","9":"first","10":"outofstock","11":"taxable","12":"shipping-taxable","13":"purchasable","14":"product-type-simple"},"jetpack_publicize_connections":[],"jetpack_likes_enabled":false,"jetpack_sharing_enabled":false,"_links":{"self":[{"href":"https:\/\/925catrinelinder.com\/no\/wp-json\/wp\/v2\/product\/1406","targetHints":{"allow":["GET"]}}],"collection":[{"href":"https:\/\/925catrinelinder.com\/no\/wp-json\/wp\/v2\/product"}],"about":[{"href":"https:\/\/925catrinelinder.com\/no\/wp-json\/wp\/v2\/types\/product"}],"replies":[{"embeddable":true,"href":"https:\/\/925catrinelinder.com\/no\/wp-json\/wp\/v2\/comments?post=1406"}],"version-history":[{"count":1,"href":"https:\/\/925catrinelinder.com\/no\/wp-json\/wp\/v2\/product\/1406\/revisions"}],"predecessor-version":[{"id":14694,"href":"https:\/\/925catrinelinder.com\/no\/wp-json\/wp\/v2\/product\/1406\/revisions\/14694"}],"wp:featuredmedia":[{"embeddable":true,"href":"https:\/\/925catrinelinder.com\/no\/wp-json\/wp\/v2\/media\/6974"}],"wp:attachment":[{"href":"https:\/\/925catrinelinder.com\/no\/wp-json\/wp\/v2\/media?parent=1406"}],"wp:term":[{"taxonomy":"product_brand","embeddable":true,"href":"https:\/\/925catrinelinder.com\/no\/wp-json\/wp\/v2\/product_brand?post=1406"},{"taxonomy":"product_cat","embeddable":true,"href":"https:\/\/925catrinelinder.com\/no\/wp-json\/wp\/v2\/product_cat?post=1406"},{"taxonomy":"product_tag","embeddable":true,"href":"https:\/\/925catrinelinder.com\/no\/wp-json\/wp\/v2\/product_tag?post=1406"}],"curies":[{"name":"wp","href":"https:\/\/api.w.org\/{rel}","templated":true}]}}