{"id":1421,"date":"2019-04-08T23:53:07","date_gmt":"2019-04-08T23:53:07","guid":{"rendered":"http:\/\/925catrinelinder.com\/?post_type=product&#038;p=1421"},"modified":"2026-04-14T13:52:47","modified_gmt":"2026-04-14T11:52:47","slug":"spekkhogger-spekkhogger-halskjede","status":"publish","type":"product","link":"https:\/\/925catrinelinder.com\/no\/product\/orca-killer-wahle-spekkhogger-necklace\/","title":{"rendered":"Spekkhogger - Spekkhogger halskjede"},"content":{"rendered":"<p>Spekkhogger halskjede - Spekkhogger Spekkhogger: Et spesielt og h\u00e5ndlaget minne om den spesielle opplevelsen du hadde med \u00e5 m\u00f8te en spekkhogger i Arktis. Spekkhoggeren kalles ofte spekkhogger p\u00e5 norsk. Visste du at det finnes rundt 3000 spekkhoggere i Norskehavet og Barentshavet? De lever vanligvis i flokker p\u00e5 6-40 hvaler som bor sammen, og de har en ganske sofistikert jaktmetode. Hvis du er i Lofoten, kan du noen ganger se dem fra land. Det er noe spesielt med \u00e5 oppleve disse p\u00e5 n\u00e6rt hold - en enorm kraft som p\u00e5 en eller annen m\u00e5te p\u00e5virker oss helt inn i hjertet. Alt resirkulert 925 sterlings\u00f8lv og 100 % laget i Skandinavia.<\/p>\n<p>&nbsp;<\/p>","protected":false},"excerpt":{"rendered":"<p>Spekkhogger - Spekkhogger halskjede: Visste du at Norge er det landet med flest spekkhoggere? Spekkhoggeren er det st\u00f8rste familiemedlemmet i delfinfamilien og er lett gjenkjennelig p\u00e5 sin karakteristiske farge og fremtredende ryggfinne. De er svarte og hvite, kan veie fra 3 800-5 500 kg og lever vanligvis i alt fra 30-90 \u00e5r. Har du opplevd \u00e5 v\u00e6re tett p\u00e5 disse fantastiske skapningene?  Det er litt av et eventyr som etterlater deg med stor respekt og beundring, ikke sant? La oss holde havene rene og levende for disse fantastiske dyrene.<\/p>\n<p>Laget av resirkulert s\u00f8lv og leveres p\u00e5 et 42 cm langt kulekjede i s\u00f8lv, med mindre du ber om noe annet i meldingen n\u00e5r du bestiller.<\/p>\n<p>&nbsp;<\/p>\n<p>&nbsp;<\/p>","protected":false},"featured_media":3583,"comment_status":"open","ping_status":"closed","template":"","meta":{"inline_featured_image":false,"jetpack_publicize_message":"","jetpack_publicize_feature_enabled":true,"jetpack_social_post_already_shared":true,"jetpack_social_options":{"image_generator_settings":{"template":"highway","default_image_id":0,"font":"","enabled":false},"version":2},"_wpas_customize_per_network":false},"product_brand":[],"product_cat":[1383],"product_tag":[],"class_list":{"0":"post-1421","1":"product","2":"type-product","3":"status-publish","4":"has-post-thumbnail","6":"product_cat-necklaces","8":"first","9":"instock","10":"taxable","11":"shipping-taxable","12":"purchasable","13":"product-type-simple"},"jetpack_publicize_connections":[],"jetpack_likes_enabled":false,"jetpack_sharing_enabled":false,"_links":{"self":[{"href":"https:\/\/925catrinelinder.com\/no\/wp-json\/wp\/v2\/product\/1421","targetHints":{"allow":["GET"]}}],"collection":[{"href":"https:\/\/925catrinelinder.com\/no\/wp-json\/wp\/v2\/product"}],"about":[{"href":"https:\/\/925catrinelinder.com\/no\/wp-json\/wp\/v2\/types\/product"}],"replies":[{"embeddable":true,"href":"https:\/\/925catrinelinder.com\/no\/wp-json\/wp\/v2\/comments?post=1421"}],"version-history":[{"count":6,"href":"https:\/\/925catrinelinder.com\/no\/wp-json\/wp\/v2\/product\/1421\/revisions"}],"predecessor-version":[{"id":14861,"href":"https:\/\/925catrinelinder.com\/no\/wp-json\/wp\/v2\/product\/1421\/revisions\/14861"}],"wp:featuredmedia":[{"embeddable":true,"href":"https:\/\/925catrinelinder.com\/no\/wp-json\/wp\/v2\/media\/3583"}],"wp:attachment":[{"href":"https:\/\/925catrinelinder.com\/no\/wp-json\/wp\/v2\/media?parent=1421"}],"wp:term":[{"taxonomy":"product_brand","embeddable":true,"href":"https:\/\/925catrinelinder.com\/no\/wp-json\/wp\/v2\/product_brand?post=1421"},{"taxonomy":"product_cat","embeddable":true,"href":"https:\/\/925catrinelinder.com\/no\/wp-json\/wp\/v2\/product_cat?post=1421"},{"taxonomy":"product_tag","embeddable":true,"href":"https:\/\/925catrinelinder.com\/no\/wp-json\/wp\/v2\/product_tag?post=1421"}],"curies":[{"name":"wp","href":"https:\/\/api.w.org\/{rel}","templated":true}]}}