{"id":1423,"date":"2019-04-08T23:53:07","date_gmt":"2019-04-08T23:53:07","guid":{"rendered":"http:\/\/925catrinelinder.com\/?post_type=product&#038;p=1423"},"modified":"2026-03-01T13:56:34","modified_gmt":"2026-03-01T12:56:34","slug":"leve-havet-halskjede","status":"publish","type":"product","link":"https:\/\/925catrinelinder.com\/no\/product\/leve-havet-necklace\/","title":{"rendered":"Leve Havet Halskjede"},"content":{"rendered":"<p>Catrine Linder er begeistret over hvordan denne lille fisken har blitt en fiskestim. Hun reiser i Norge, Sverige og Skandinavia - men ogs\u00e5 i Italia, Spania, Tyskland, USA, Australia og de eksotiske \u00f8yene Azorene og Hawaii. H\u00f8rer gjerne fra deg hvis du ogs\u00e5 har en. Hjertelig velkommen til \u00e5 legge inn en linje under vurderinger.<\/p>","protected":false},"excerpt":{"rendered":"<p><span style=\"font-weight: 400;\">Leve Havet Halskjede - en liten fisk som sv\u00f8mmer for livet! <\/span><\/p>\n<p><span style=\"font-weight: 400;\">Denne kunsten betyr noe! Havet er norsk og kan oversettes til \"Lev Havet\" E<\/span><span style=\"font-weight: 400;\">Hver solgte Leve Havet-fisk bidrar til \u00e5 holde de arktiske havene rene. Catrine Linder gir \u00e5rlig tilbake til WWF Norge for deres arbeid med \u00e5 redde de s\u00e5rbare havene. Fordi vi elsker havet og tror p\u00e5 naturen. <\/span><\/p>\n<p>Leveres p\u00e5 et 45 cm langt s\u00f8lvkjede eller gullbelagt s\u00f8lvkjede til gullfisken.<\/p>","protected":false},"featured_media":8358,"comment_status":"open","ping_status":"closed","template":"","meta":{"inline_featured_image":false,"jetpack_publicize_message":"","jetpack_publicize_feature_enabled":true,"jetpack_social_post_already_shared":true,"jetpack_social_options":{"image_generator_settings":{"template":"highway","default_image_id":0,"font":"","enabled":false},"version":2},"_wpas_customize_per_network":false},"product_brand":[],"product_cat":[1383],"product_tag":[2296],"class_list":{"0":"post-1423","1":"product","2":"type-product","3":"status-publish","4":"has-post-thumbnail","6":"product_cat-necklaces","7":"product_tag-surf-lovers","8":"pa_metal-gold-vermeil","9":"pa_metal-925-sterling-silver","11":"first","12":"instock","13":"taxable","14":"shipping-taxable","15":"purchasable","16":"product-type-variable"},"jetpack_publicize_connections":[],"jetpack_likes_enabled":false,"jetpack_sharing_enabled":false,"_links":{"self":[{"href":"https:\/\/925catrinelinder.com\/no\/wp-json\/wp\/v2\/product\/1423","targetHints":{"allow":["GET"]}}],"collection":[{"href":"https:\/\/925catrinelinder.com\/no\/wp-json\/wp\/v2\/product"}],"about":[{"href":"https:\/\/925catrinelinder.com\/no\/wp-json\/wp\/v2\/types\/product"}],"replies":[{"embeddable":true,"href":"https:\/\/925catrinelinder.com\/no\/wp-json\/wp\/v2\/comments?post=1423"}],"version-history":[{"count":2,"href":"https:\/\/925catrinelinder.com\/no\/wp-json\/wp\/v2\/product\/1423\/revisions"}],"predecessor-version":[{"id":14671,"href":"https:\/\/925catrinelinder.com\/no\/wp-json\/wp\/v2\/product\/1423\/revisions\/14671"}],"wp:featuredmedia":[{"embeddable":true,"href":"https:\/\/925catrinelinder.com\/no\/wp-json\/wp\/v2\/media\/8358"}],"wp:attachment":[{"href":"https:\/\/925catrinelinder.com\/no\/wp-json\/wp\/v2\/media?parent=1423"}],"wp:term":[{"taxonomy":"product_brand","embeddable":true,"href":"https:\/\/925catrinelinder.com\/no\/wp-json\/wp\/v2\/product_brand?post=1423"},{"taxonomy":"product_cat","embeddable":true,"href":"https:\/\/925catrinelinder.com\/no\/wp-json\/wp\/v2\/product_cat?post=1423"},{"taxonomy":"product_tag","embeddable":true,"href":"https:\/\/925catrinelinder.com\/no\/wp-json\/wp\/v2\/product_tag?post=1423"}],"curies":[{"name":"wp","href":"https:\/\/api.w.org\/{rel}","templated":true}]}}