{"id":1427,"date":"2019-04-08T23:53:07","date_gmt":"2019-04-08T23:53:07","guid":{"rendered":"http:\/\/925catrinelinder.com\/?post_type=product&#038;p=1427"},"modified":"2026-03-01T13:56:51","modified_gmt":"2026-03-01T12:56:51","slug":"h2o-studs","status":"publish","type":"product","link":"https:\/\/925catrinelinder.com\/no\/product\/h2o-studs\/","title":{"rendered":"H2O Studs"},"content":{"rendered":"<p>H2O Studs for alles rett til rent vann. En dr\u00e5pe formet i 925 sterlings\u00f8lv som henger vakkert som en vanndr\u00e5pe. Dr\u00e5pen m\u00e5ler ca. 15 x 25 x 2 mm. M\u00e5lene kan variere noe da de er h\u00e5ndlaget.<\/p>","protected":false},"excerpt":{"rendered":"<p>ALLE har rett til rent vann. Gi tilbake smykker for \u00e5 holde havet rent! 925 Catrine Linder gir tilbake til WWF Norge. En klassisk \u00f8rering h\u00e5ndlaget i Skandinavia. Kj\u00f8p h\u00e5ndlaget, - det er bedre!<\/p>","protected":false},"featured_media":10519,"comment_status":"open","ping_status":"closed","template":"","meta":{"inline_featured_image":false,"jetpack_publicize_message":"","jetpack_publicize_feature_enabled":true,"jetpack_social_post_already_shared":true,"jetpack_social_options":{"image_generator_settings":{"template":"highway","default_image_id":0,"font":"","enabled":false},"version":2},"_wpas_customize_per_network":false},"product_brand":[],"product_cat":[1443],"product_tag":[2296],"class_list":{"0":"post-1427","1":"product","2":"type-product","3":"status-publish","4":"has-post-thumbnail","6":"product_cat-earrings","7":"product_tag-surf-lovers","9":"first","10":"instock","11":"taxable","12":"shipping-taxable","13":"purchasable","14":"product-type-simple"},"jetpack_publicize_connections":[],"jetpack_likes_enabled":false,"jetpack_sharing_enabled":false,"_links":{"self":[{"href":"https:\/\/925catrinelinder.com\/no\/wp-json\/wp\/v2\/product\/1427","targetHints":{"allow":["GET"]}}],"collection":[{"href":"https:\/\/925catrinelinder.com\/no\/wp-json\/wp\/v2\/product"}],"about":[{"href":"https:\/\/925catrinelinder.com\/no\/wp-json\/wp\/v2\/types\/product"}],"replies":[{"embeddable":true,"href":"https:\/\/925catrinelinder.com\/no\/wp-json\/wp\/v2\/comments?post=1427"}],"version-history":[{"count":1,"href":"https:\/\/925catrinelinder.com\/no\/wp-json\/wp\/v2\/product\/1427\/revisions"}],"predecessor-version":[{"id":14718,"href":"https:\/\/925catrinelinder.com\/no\/wp-json\/wp\/v2\/product\/1427\/revisions\/14718"}],"wp:featuredmedia":[{"embeddable":true,"href":"https:\/\/925catrinelinder.com\/no\/wp-json\/wp\/v2\/media\/10519"}],"wp:attachment":[{"href":"https:\/\/925catrinelinder.com\/no\/wp-json\/wp\/v2\/media?parent=1427"}],"wp:term":[{"taxonomy":"product_brand","embeddable":true,"href":"https:\/\/925catrinelinder.com\/no\/wp-json\/wp\/v2\/product_brand?post=1427"},{"taxonomy":"product_cat","embeddable":true,"href":"https:\/\/925catrinelinder.com\/no\/wp-json\/wp\/v2\/product_cat?post=1427"},{"taxonomy":"product_tag","embeddable":true,"href":"https:\/\/925catrinelinder.com\/no\/wp-json\/wp\/v2\/product_tag?post=1427"}],"curies":[{"name":"wp","href":"https:\/\/api.w.org\/{rel}","templated":true}]}}