{"id":1434,"date":"2019-04-08T23:53:07","date_gmt":"2019-04-08T21:53:07","guid":{"rendered":"http:\/\/925catrinelinder.com\/?post_type=product&#038;p=1434"},"modified":"2026-04-13T13:04:56","modified_gmt":"2026-04-13T11:04:56","slug":"blonde-studs","status":"publish","type":"product","link":"https:\/\/925catrinelinder.com\/no\/product\/blonde-studs\/","title":{"rendered":"Blonde Studs"},"content":{"rendered":"<p><span style=\"font-weight: 400;\">Det f\u00f8rste paret Blonde s\u00f8lvringer laget jeg av blonder fra min bestemor Annas' gamle kjole. Den skreddersydde kjolen var laget av blonder og gammelt gardinstoff som hun hadde p\u00e5 seg under den \u00e5rlige byfesten, Vintervestuka i Narvik, hjembyen min. Med minner fra hennes historier om hvordan hun m\u00f8tte bestefaren min, hvor kjekk hun syntes han var og hvor mye moro de pleide \u00e5 ha sammen, er denne kolleksjonen en m\u00e5te \u00e5 bevare dyrebare minner p\u00e5.\u00a0<\/span><\/p>\n<p><span style=\"font-weight: 400;\">Tre generasjoner av kvinner i familien min har brukt denne kjolen, s\u00e5 den var naturlig nok veldig skj\u00f8r. \u00c5 skape Blonde-kolleksjonen er min m\u00e5te \u00e5 f\u00e5 denne historien til \u00e5 vare. Lace betyr blonde p\u00e5 norsk, derav navnet. De svart-hvite bildene er av min mormor Anna og min mamma Berit.\u00a0<\/span><\/p>\n<p><span style=\"font-weight: 400;\">Kolleksjonen har et skj\u00f8rt, men feminint preg, og plaggene f\u00f8les lette og behagelige. Den er fylt med kj\u00e6rlighet og tradisjonsrik arv, og dette er kanskje en av de mest personlige gavene jeg har laget. Jeg liker virkelig tanken p\u00e5 at smykker g\u00e5r i arv fra en generasjon til den neste, og hvordan historien lever videre og utvikler seg til \u00e5 bli din egen etter hvert som tiden g\u00e5r.<\/span><\/p>","protected":false},"excerpt":{"rendered":"<p><span style=\"font-weight: 400;\">Det f\u00f8rste paret Blonde s\u00f8lvringer laget jeg av blonder fra min bestemor Annas' gamle kjole. Den skreddersydde kjolen var laget av blonder og gammelt gardinstoff som hun hadde p\u00e5 seg under den \u00e5rlige byfesten, Vintervestuka i Narvik, hjembyen min. Med minner fra hennes historier om hvordan hun m\u00f8tte bestefaren min, hvor kjekk hun syntes han var og hvor mye moro de pleide \u00e5 ha sammen, er denne kolleksjonen en m\u00e5te \u00e5 bevare dyrebare minner p\u00e5.\u00a0<\/span><\/p>\n<p><span style=\"font-weight: 400;\">Tre generasjoner av kvinner i familien min har brukt denne kjolen, s\u00e5 den var naturlig nok veldig skj\u00f8r. \u00c5 skape Blonde-kolleksjonen er min m\u00e5te \u00e5 f\u00e5 denne historien til \u00e5 vare. Lace betyr blond p\u00e5 norsk, derav navnet.<\/span><\/p>\n<p><span style=\"font-weight: 400;\">Kolleksjonen har et skj\u00f8rt, men feminint preg, og plaggene f\u00f8les lette og behagelige. Fylt av kj\u00e6rlighet og tradisjonsrik arv er dette kanskje en av de mest personlige gavene fra arbeidet mitt. Jeg liker virkelig tanken p\u00e5 at smykker g\u00e5r i arv fra en generasjon til den neste, og hvordan historien lever videre og utvikler seg til \u00e5 bli din egen etter hvert som tiden g\u00e5r.<\/span><\/p>","protected":false},"featured_media":10531,"comment_status":"closed","ping_status":"closed","template":"","meta":{"inline_featured_image":false,"jetpack_publicize_message":"","jetpack_publicize_feature_enabled":true,"jetpack_social_post_already_shared":true,"jetpack_social_options":{"image_generator_settings":{"template":"highway","default_image_id":0,"font":"","enabled":false},"version":2},"_wpas_customize_per_network":false},"product_brand":[],"product_cat":[1443],"product_tag":[],"class_list":{"0":"post-1434","1":"product","2":"type-product","3":"status-publish","4":"has-post-thumbnail","6":"product_cat-earrings","8":"first","9":"instock","10":"taxable","11":"shipping-taxable","12":"purchasable","13":"product-type-simple"},"jetpack_publicize_connections":[],"jetpack_likes_enabled":false,"jetpack_sharing_enabled":false,"_links":{"self":[{"href":"https:\/\/925catrinelinder.com\/no\/wp-json\/wp\/v2\/product\/1434","targetHints":{"allow":["GET"]}}],"collection":[{"href":"https:\/\/925catrinelinder.com\/no\/wp-json\/wp\/v2\/product"}],"about":[{"href":"https:\/\/925catrinelinder.com\/no\/wp-json\/wp\/v2\/types\/product"}],"replies":[{"embeddable":true,"href":"https:\/\/925catrinelinder.com\/no\/wp-json\/wp\/v2\/comments?post=1434"}],"version-history":[{"count":1,"href":"https:\/\/925catrinelinder.com\/no\/wp-json\/wp\/v2\/product\/1434\/revisions"}],"predecessor-version":[{"id":14800,"href":"https:\/\/925catrinelinder.com\/no\/wp-json\/wp\/v2\/product\/1434\/revisions\/14800"}],"wp:featuredmedia":[{"embeddable":true,"href":"https:\/\/925catrinelinder.com\/no\/wp-json\/wp\/v2\/media\/10531"}],"wp:attachment":[{"href":"https:\/\/925catrinelinder.com\/no\/wp-json\/wp\/v2\/media?parent=1434"}],"wp:term":[{"taxonomy":"product_brand","embeddable":true,"href":"https:\/\/925catrinelinder.com\/no\/wp-json\/wp\/v2\/product_brand?post=1434"},{"taxonomy":"product_cat","embeddable":true,"href":"https:\/\/925catrinelinder.com\/no\/wp-json\/wp\/v2\/product_cat?post=1434"},{"taxonomy":"product_tag","embeddable":true,"href":"https:\/\/925catrinelinder.com\/no\/wp-json\/wp\/v2\/product_tag?post=1434"}],"curies":[{"name":"wp","href":"https:\/\/api.w.org\/{rel}","templated":true}]}}