{"id":14441,"date":"2025-12-01T18:15:15","date_gmt":"2025-12-01T17:15:15","guid":{"rendered":"https:\/\/925catrinelinder.com\/?post_type=product&#038;p=14441"},"modified":"2026-03-03T00:43:27","modified_gmt":"2026-03-02T23:43:27","slug":"dots-emaljeringsring-vermeil","status":"publish","type":"product","link":"https:\/\/925catrinelinder.com\/no\/product\/dots-enamel-ring-vermeil\/","title":{"rendered":"Dots Emaljeringsring Vermeil"},"content":{"rendered":"<div data-elementor-type=\"product-post\" data-elementor-id=\"14441\" class=\"elementor elementor-14441\" data-elementor-post-type=\"product\">\n\t\t\t\t\t\t<section class=\"elementor-section elementor-top-section elementor-element elementor-element-11ae9657 elementor-section-boxed elementor-section-height-default elementor-section-height-default\" data-id=\"11ae9657\" data-element_type=\"section\" data-e-type=\"section\">\n\t\t\t\t\t\t<div class=\"elementor-container elementor-column-gap-default\">\n\t\t\t\t\t<div class=\"elementor-column elementor-col-100 elementor-top-column elementor-element elementor-element-44c7e7b6\" data-id=\"44c7e7b6\" data-element_type=\"column\" data-e-type=\"column\">\n\t\t\t<div class=\"elementor-widget-wrap elementor-element-populated\">\n\t\t\t\t\t\t<div class=\"elementor-element elementor-element-1540c5dd elementor-widget elementor-widget-text-editor\" data-id=\"1540c5dd\" data-element_type=\"widget\" data-e-type=\"widget\" data-widget_type=\"text-editor.default\">\n\t\t\t\t<div class=\"elementor-widget-container\">\n\t\t\t\t\t\t\t\t\t<span style=\"font-weight: 400;\">Miks og match ulike farger og st\u00f8rrelser p\u00e5 \u00f8restikker, halskjede og ringer. Dots er for alltid! Denne enkle designen g\u00e5r aldri av moten og er designet for \u00e5 v\u00e6re behagelig \u00e5 ha p\u00e5 seg p\u00e5 dine eventyr. Dot m\u00e5ler ca. 12 mm, og ringen kan justeres slik at den passer opp til ca. st\u00f8rrelse 59. P\u00e5 lager betyr at den kan sendes innen en dag eller to. Hvis fargen du har valgt er i restordre, begynner jeg \u00e5 lage smykket ditt n\u00e5r du bestiller. Det vil variere fra gang til gang, men du m\u00e5 regne med 2-6 uker fra bestilling til den er klar. H\u00e5ndlaget og emaljert i Norge og\/eller Sverige av Catrine Linder. Vennligst les hvordan du tar vare p\u00e5 emaljesmykkene dine <a href=\"https:\/\/925catrinelinder.com\/no\/pleie-av-smykker\/\" target=\"_blank\" rel=\"noopener\">her<\/a>.\u00a0<\/span>\t\t\t\t\t\t\t\t<\/div>\n\t\t\t\t<\/div>\n\t\t\t\t\t<\/div>\n\t\t<\/div>\n\t\t\t\t\t<\/div>\n\t\t<\/section>\n\t\t\t\t<section class=\"elementor-section elementor-top-section elementor-element elementor-element-6f32829 elementor-section-boxed elementor-section-height-default elementor-section-height-default\" data-id=\"6f32829\" data-element_type=\"section\" data-e-type=\"section\">\n\t\t\t\t\t\t<div class=\"elementor-container elementor-column-gap-default\">\n\t\t\t\t\t<div class=\"elementor-column elementor-col-100 elementor-top-column elementor-element elementor-element-eeffa59\" data-id=\"eeffa59\" data-element_type=\"column\" data-e-type=\"column\">\n\t\t\t<div class=\"elementor-widget-wrap elementor-element-populated\">\n\t\t\t\t\t\t<div class=\"elementor-element elementor-element-f9d4b7b elementor-widget elementor-widget-text-editor\" data-id=\"f9d4b7b\" data-element_type=\"widget\" data-e-type=\"widget\" data-widget_type=\"text-editor.default\">\n\t\t\t\t<div class=\"elementor-widget-container\">\n\t\t\t\t\t\t\t\t\t<p>Lorem ipsum dolor sit amet, consectetur adipiscing elit. Ut elit tellus, luctus nec ullamcorper mattis, pulvinar dapibus leo.<\/p>\t\t\t\t\t\t\t\t<\/div>\n\t\t\t\t<\/div>\n\t\t\t\t\t<\/div>\n\t\t<\/div>\n\t\t\t\t\t<\/div>\n\t\t<\/section>\n\t\t\t\t<\/div>","protected":false},"excerpt":{"rendered":"<p class=\"whitespace-normal break-words ai-optimize-29\"><strong>Dots er for alltid<\/strong> - Jeg h\u00e5ndmaler hvert smykke med glasemalje for \u00e5 skape smykker som elsker \u00e5 v\u00e6re med p\u00e5 utend\u00f8rsopplevelsene dine. Hvert eneste smykke er h\u00e5ndlaget i Norge og Sverige.<\/p>\n<p class=\"whitespace-normal break-words ai-optimize-30\"><strong>Antikkens kunstnerskap m\u00f8ter moderne eventyr<\/strong> Kunsth\u00e5ndverkere har brukt emaljering til \u00e5 fargelegge smykker i over 2000 \u00e5r. Denne eldgamle teknikken smelter sammen farget glass med fint metall, noe som gir smykkene dine str\u00e5lende, b\u00e6rekraftige farger som aldri blekner eller forandrer seg.<\/p>\n<p class=\"whitespace-normal break-words ai-optimize-31\"><strong>Mesterlig h\u00e5ndverk<\/strong> Emaljering er en kunst som krever dyktighet og t\u00e5lmodighet. Hvert smykke gjennomg\u00e5r mange omhyggelige trinn f\u00f8r det n\u00e5r deg. Gjennomsiktig emalje skaper et vakkert, rent lys i hvilken som helst farge du velger. Vermeilene er belagt med 18 karat gull p\u00e5 925 sterlings\u00f8lv. Hvis du har et spesifikt \u00f8nske om farge, kan du kontakte meg, da jeg lager de fleste av disse p\u00e5 bestilling p\u00e5 grunn av den \u00f8kte prisen p\u00e5 gull den siste tiden.<\/p>\n<p class=\"whitespace-normal break-words ai-optimize-32\"><strong>Arktisk-inspirert skj\u00f8nnhet<\/strong> Nyt din klassiske Dots i farger inspirert av Arktis. Jeg introduserte Dots i 2010, og de er fortsatt en av mine mest popul\u00e6re gaver i dag.<\/p>\n<p class=\"whitespace-normal break-words ai-optimize-33\"><strong>St\u00f8tter bevaring av havet<\/strong> Hvert stykke du kj\u00f8per bidrar til min \u00e5rlige donasjon til WWF-Norge, som bidrar til \u00e5 holde v\u00e5re arktiske hav rene.<\/p>","protected":false},"featured_media":14407,"comment_status":"open","ping_status":"closed","template":"","meta":{"inline_featured_image":false,"jetpack_publicize_message":"","jetpack_publicize_feature_enabled":true,"jetpack_social_post_already_shared":true,"jetpack_social_options":{"image_generator_settings":{"template":"highway","default_image_id":0,"font":"","enabled":false},"version":2},"_wpas_customize_per_network":false},"product_brand":[],"product_cat":[2279,1457],"product_tag":[1962],"class_list":{"0":"post-14441","1":"product","2":"type-product","3":"status-publish","4":"has-post-thumbnail","6":"product_cat-dots","7":"product_cat-rings","8":"product_tag-adjustable-rings","9":"pa_metal-925-sterling-silver","11":"first","12":"instock","13":"taxable","14":"shipping-taxable","15":"purchasable","16":"product-type-variable"},"jetpack_publicize_connections":[],"jetpack_likes_enabled":false,"jetpack_sharing_enabled":false,"_links":{"self":[{"href":"https:\/\/925catrinelinder.com\/no\/wp-json\/wp\/v2\/product\/14441","targetHints":{"allow":["GET"]}}],"collection":[{"href":"https:\/\/925catrinelinder.com\/no\/wp-json\/wp\/v2\/product"}],"about":[{"href":"https:\/\/925catrinelinder.com\/no\/wp-json\/wp\/v2\/types\/product"}],"replies":[{"embeddable":true,"href":"https:\/\/925catrinelinder.com\/no\/wp-json\/wp\/v2\/comments?post=14441"}],"version-history":[{"count":1,"href":"https:\/\/925catrinelinder.com\/no\/wp-json\/wp\/v2\/product\/14441\/revisions"}],"predecessor-version":[{"id":14759,"href":"https:\/\/925catrinelinder.com\/no\/wp-json\/wp\/v2\/product\/14441\/revisions\/14759"}],"wp:featuredmedia":[{"embeddable":true,"href":"https:\/\/925catrinelinder.com\/no\/wp-json\/wp\/v2\/media\/14407"}],"wp:attachment":[{"href":"https:\/\/925catrinelinder.com\/no\/wp-json\/wp\/v2\/media?parent=14441"}],"wp:term":[{"taxonomy":"product_brand","embeddable":true,"href":"https:\/\/925catrinelinder.com\/no\/wp-json\/wp\/v2\/product_brand?post=14441"},{"taxonomy":"product_cat","embeddable":true,"href":"https:\/\/925catrinelinder.com\/no\/wp-json\/wp\/v2\/product_cat?post=14441"},{"taxonomy":"product_tag","embeddable":true,"href":"https:\/\/925catrinelinder.com\/no\/wp-json\/wp\/v2\/product_tag?post=14441"}],"curies":[{"name":"wp","href":"https:\/\/api.w.org\/{rel}","templated":true}]}}