{"id":14461,"date":"2025-12-01T18:28:38","date_gmt":"2025-12-01T17:28:38","guid":{"rendered":"https:\/\/925catrinelinder.com\/?post_type=product&#038;p=14461"},"modified":"2026-03-03T00:42:01","modified_gmt":"2026-03-02T23:42:01","slug":"dots-emalje-studs-i-vermeil","status":"publish","type":"product","link":"https:\/\/925catrinelinder.com\/no\/product\/dots-enamel-studs-vermeil\/","title":{"rendered":"Dots Emalje-\u00f8reringer Vermeil"},"content":{"rendered":"<div data-elementor-type=\"product-post\" data-elementor-id=\"14461\" class=\"elementor elementor-14461\" data-elementor-post-type=\"product\">\n\t\t\t\t\t\t<section class=\"elementor-section elementor-top-section elementor-element elementor-element-4b91b73 elementor-section-boxed elementor-section-height-default elementor-section-height-default\" data-id=\"4b91b73\" data-element_type=\"section\" data-e-type=\"section\">\n\t\t\t\t\t\t<div class=\"elementor-container elementor-column-gap-default\">\n\t\t\t\t\t<div class=\"elementor-column elementor-col-100 elementor-top-column elementor-element elementor-element-37edf4a\" data-id=\"37edf4a\" data-element_type=\"column\" data-e-type=\"column\">\n\t\t\t<div class=\"elementor-widget-wrap elementor-element-populated\">\n\t\t\t\t\t\t<div class=\"elementor-element elementor-element-5e1bf29 elementor-widget elementor-widget-text-editor\" data-id=\"5e1bf29\" data-element_type=\"widget\" data-e-type=\"widget\" data-widget_type=\"text-editor.default\">\n\t\t\t\t<div class=\"elementor-widget-container\">\n\t\t\t\t\t\t\t\t\t<p>Miks og match forskjellige farger og st\u00f8rrelser p\u00e5 \u00f8restikker, halskjeder og ringer. Prikker varer evig! Denne designen g\u00e5r aldri av moten, er behagelig \u00e5 ha p\u00e5 seg og elsker \u00e5 v\u00e6re med deg p\u00e5 eventyr. Velg st\u00f8rrelse S (ca. 9 mm) eller M (ca. 11 mm). Farger som er p\u00e5 lager, sendes innen en dag eller to etter bestilling.  Vennligst klikk p\u00e5 farge <i>og s<\/i>ize for \u00e5 se hva som er tilgjengelig, - du m\u00e5 velge alternativet \"velg emaljefarge\" for \u00e5 bytte mellom fargealternativene. Beklager uleiligheten. Disse er alle p\u00e5 lager og klare til \u00e5 sendes.&nbsp;<\/p>\t\t\t\t\t\t\t\t<\/div>\n\t\t\t\t<\/div>\n\t\t\t\t\t<\/div>\n\t\t<\/div>\n\t\t\t\t\t<\/div>\n\t\t<\/section>\n\t\t\t\t<\/div>","protected":false},"excerpt":{"rendered":"<p class=\"whitespace-normal break-words ai-optimize-29\"><strong>Dots er for alltid<\/strong> - Jeg h\u00e5ndmaler hvert smykke med glasemalje for \u00e5 skape smykker som elsker \u00e5 v\u00e6re med p\u00e5 utend\u00f8rsopplevelsene dine. Hvert eneste smykke er h\u00e5ndlaget i Norge og Sverige.<\/p>\n<p class=\"whitespace-normal break-words ai-optimize-30\"><strong>Antikkens kunstnerskap m\u00f8ter moderne eventyr<\/strong> Kunsth\u00e5ndverkere har brukt emaljering til \u00e5 fargelegge smykker i over 2000 \u00e5r. Denne eldgamle teknikken smelter sammen farget glass med fint metall, noe som gir smykkene dine str\u00e5lende, b\u00e6rekraftige farger som aldri blekner eller forandrer seg.<\/p>\n<p class=\"whitespace-normal break-words ai-optimize-31\"><strong>Mesterlig h\u00e5ndverk<\/strong> Emaljering er en kunst som krever dyktighet og t\u00e5lmodighet. Hvert smykke gjennomg\u00e5r mange omhyggelige trinn f\u00f8r det n\u00e5r deg. Gjennomsiktig emalje skaper et vakkert, rent lys i hvilken som helst farge du velger. Vermeilene er belagt med 18 karat gull p\u00e5 925 sterlings\u00f8lv. Hvis du har et spesifikt \u00f8nske om farge, kan du kontakte meg, da jeg lager de fleste av disse p\u00e5 bestilling p\u00e5 grunn av den \u00f8kte prisen p\u00e5 gull den siste tiden.<\/p>\n<p class=\"whitespace-normal break-words ai-optimize-32\"><strong>Arktisk-inspirert skj\u00f8nnhet<\/strong> Nyt din klassiske Dots i farger inspirert av Arktis. Jeg introduserte Dots i 2010, og de er fortsatt en av mine mest popul\u00e6re gaver i dag.<\/p>\n<p class=\"whitespace-normal break-words ai-optimize-33\"><strong>St\u00f8tter bevaring av havet<\/strong> Hvert stykke du kj\u00f8per bidrar til min \u00e5rlige donasjon til WWF-Norge, som bidrar til \u00e5 holde v\u00e5re arktiske hav rene.<\/p>\n<p>&nbsp;<\/p>\n<p class=\"ai-optimize-31\">Dots Emaljestenger - Medium m\u00e5l ca 11 mm - Vekt 2,8 gram<\/p>\n<p class=\"ai-optimize-32\">Dots Emaljestifter \u2013 Sm\u00e5, st\u00f8rrelse ca. 9,2 mm \u2013 Vekt ca. 3 gram<\/p>","protected":false},"featured_media":14402,"comment_status":"open","ping_status":"closed","template":"","meta":{"inline_featured_image":false,"jetpack_publicize_message":"","jetpack_publicize_feature_enabled":true,"jetpack_social_post_already_shared":true,"jetpack_social_options":{"image_generator_settings":{"template":"highway","default_image_id":0,"font":"","enabled":false},"version":2},"_wpas_customize_per_network":false},"product_brand":[],"product_cat":[2279,1443],"product_tag":[],"class_list":{"0":"post-14461","1":"product","2":"type-product","3":"status-publish","4":"has-post-thumbnail","6":"product_cat-dots","7":"product_cat-earrings","8":"pa_metal-925-sterling-silver","10":"first","11":"instock","12":"taxable","13":"shipping-taxable","14":"purchasable","15":"product-type-variable","16":"has-default-attributes"},"jetpack_publicize_connections":[],"jetpack_likes_enabled":false,"jetpack_sharing_enabled":false,"_links":{"self":[{"href":"https:\/\/925catrinelinder.com\/no\/wp-json\/wp\/v2\/product\/14461","targetHints":{"allow":["GET"]}}],"collection":[{"href":"https:\/\/925catrinelinder.com\/no\/wp-json\/wp\/v2\/product"}],"about":[{"href":"https:\/\/925catrinelinder.com\/no\/wp-json\/wp\/v2\/types\/product"}],"replies":[{"embeddable":true,"href":"https:\/\/925catrinelinder.com\/no\/wp-json\/wp\/v2\/comments?post=14461"}],"version-history":[{"count":1,"href":"https:\/\/925catrinelinder.com\/no\/wp-json\/wp\/v2\/product\/14461\/revisions"}],"predecessor-version":[{"id":14758,"href":"https:\/\/925catrinelinder.com\/no\/wp-json\/wp\/v2\/product\/14461\/revisions\/14758"}],"wp:featuredmedia":[{"embeddable":true,"href":"https:\/\/925catrinelinder.com\/no\/wp-json\/wp\/v2\/media\/14402"}],"wp:attachment":[{"href":"https:\/\/925catrinelinder.com\/no\/wp-json\/wp\/v2\/media?parent=14461"}],"wp:term":[{"taxonomy":"product_brand","embeddable":true,"href":"https:\/\/925catrinelinder.com\/no\/wp-json\/wp\/v2\/product_brand?post=14461"},{"taxonomy":"product_cat","embeddable":true,"href":"https:\/\/925catrinelinder.com\/no\/wp-json\/wp\/v2\/product_cat?post=14461"},{"taxonomy":"product_tag","embeddable":true,"href":"https:\/\/925catrinelinder.com\/no\/wp-json\/wp\/v2\/product_tag?post=14461"}],"curies":[{"name":"wp","href":"https:\/\/api.w.org\/{rel}","templated":true}]}}