{"id":1579,"date":"2019-04-08T23:54:08","date_gmt":"2019-04-08T21:54:08","guid":{"rendered":"http:\/\/25catrinelinder.com\/?post_type=product&#038;p=1579"},"modified":"2026-03-03T23:21:05","modified_gmt":"2026-03-03T22:21:05","slug":"isring","status":"publish","type":"product","link":"https:\/\/925catrinelinder.com\/no\/product\/ice-ring\/","title":{"rendered":"ICE Ring"},"content":{"rendered":"<p>ICE Ring &amp; ICE Collection; Raffinert utstyr inspirert av isskruer som brukes til isklatring. Det vridde s\u00f8lvet reflekterer vakkert sn\u00f8en, isen eller solen som omgir deg.<\/p>\n<p>Passer perfekt alene eller flere sammen for en isbreeffekt. Bland og match flere metaller og st\u00f8rrelser - Designet for komfortabel og enkel bruk. Laget i Skandinavia med fokus p\u00e5 b\u00e6rekraftig og rettferdig produksjon. Kos deg med Refined Equipment!<\/p>\n<p>Hvis du ikke finner din st\u00f8rrelse, kan du bestille en av de tilgjengelige st\u00f8rrelsene og huske \u00e5 skrive riktig st\u00f8rrelse i meldingsfeltet n\u00e5r du legger inn bestillingen. Jeg lager p\u00e5 bestilling - for \u00e5 kunne tilby et bredere utvalg og for ikke \u00e5 overprodusere. Bedre for milj\u00f8et og bedre for oss. Alle smykker fra meg gir ogs\u00e5 1 % tilbake til planeten.<\/p>\n<p>&nbsp;<\/p>","protected":false},"excerpt":{"rendered":"<p>ICE Ring &amp; ICE Collection; Raffinert utstyr inspirert av isskruer som brukes til isklatring.<\/p>\n<p>ICE-ringen reflekterer vakkert sn\u00f8en, isen eller solen som omgir deg. Designet for komfortabel og enkel bruk. Laget i Skandinavia med fokus p\u00e5 b\u00e6rekraftig og rettferdig produksjon. Passer perfekt alene eller stabel flere sammen for en isbreeffekt. Mix og match flere metaller og st\u00f8rrelser - Designet for komfortabel og enkel bruk.<\/p>\n<p>Hvis du ikke finner din st\u00f8rrelse, kan du bestille en av de tilgjengelige st\u00f8rrelsene og huske \u00e5 skrive riktig st\u00f8rrelse i meldingsfeltet n\u00e5r du legger inn bestillingen. Jeg lager p\u00e5 bestilling - for \u00e5 kunne tilby et bredere utvalg og for ikke \u00e5 overprodusere. Bedre for milj\u00f8et og bedre for oss.<\/p>","protected":false},"featured_media":2354,"comment_status":"open","ping_status":"closed","template":"","meta":{"inline_featured_image":false,"jetpack_post_was_ever_published":false,"jetpack_publicize_message":"","jetpack_publicize_feature_enabled":true,"jetpack_social_post_already_shared":true,"jetpack_social_options":{"image_generator_settings":{"template":"highway","default_image_id":0,"font":"","enabled":false},"version":2},"_wpas_customize_per_network":false},"product_brand":[],"product_cat":[1457],"product_tag":[],"class_list":{"0":"post-1579","1":"product","2":"type-product","3":"status-publish","4":"has-post-thumbnail","6":"product_cat-rings","7":"pa_metal-gold-vermeil","8":"pa_metal-925-sterling-silver","9":"pa_metal-rhodium-black","11":"first","12":"onbackorder","13":"taxable","14":"shipping-taxable","15":"purchasable","16":"product-type-variable","17":"has-default-attributes"},"jetpack_publicize_connections":[],"jetpack_likes_enabled":false,"jetpack_sharing_enabled":false,"_links":{"self":[{"href":"https:\/\/925catrinelinder.com\/no\/wp-json\/wp\/v2\/product\/1579","targetHints":{"allow":["GET"]}}],"collection":[{"href":"https:\/\/925catrinelinder.com\/no\/wp-json\/wp\/v2\/product"}],"about":[{"href":"https:\/\/925catrinelinder.com\/no\/wp-json\/wp\/v2\/types\/product"}],"replies":[{"embeddable":true,"href":"https:\/\/925catrinelinder.com\/no\/wp-json\/wp\/v2\/comments?post=1579"}],"version-history":[{"count":1,"href":"https:\/\/925catrinelinder.com\/no\/wp-json\/wp\/v2\/product\/1579\/revisions"}],"predecessor-version":[{"id":14801,"href":"https:\/\/925catrinelinder.com\/no\/wp-json\/wp\/v2\/product\/1579\/revisions\/14801"}],"wp:featuredmedia":[{"embeddable":true,"href":"https:\/\/925catrinelinder.com\/no\/wp-json\/wp\/v2\/media\/2354"}],"wp:attachment":[{"href":"https:\/\/925catrinelinder.com\/no\/wp-json\/wp\/v2\/media?parent=1579"}],"wp:term":[{"taxonomy":"product_brand","embeddable":true,"href":"https:\/\/925catrinelinder.com\/no\/wp-json\/wp\/v2\/product_brand?post=1579"},{"taxonomy":"product_cat","embeddable":true,"href":"https:\/\/925catrinelinder.com\/no\/wp-json\/wp\/v2\/product_cat?post=1579"},{"taxonomy":"product_tag","embeddable":true,"href":"https:\/\/925catrinelinder.com\/no\/wp-json\/wp\/v2\/product_tag?post=1579"}],"curies":[{"name":"wp","href":"https:\/\/api.w.org\/{rel}","templated":true}]}}