{"id":1654,"date":"2019-04-08T23:54:45","date_gmt":"2019-04-08T23:54:45","guid":{"rendered":"http:\/\/925catrinelinder.com\/?post_type=product&#038;p=1654"},"modified":"2026-03-03T03:35:01","modified_gmt":"2026-03-03T02:35:01","slug":"sykkelarmband","status":"publish","type":"product","link":"https:\/\/925catrinelinder.com\/no\/product\/bikeme-bracelet\/","title":{"rendered":"BikeMe-armb\u00e5nd"},"content":{"rendered":"<p>BikeMe Bracelet - the dropout - et lite, men uunnv\u00e6rlig smykke for deg som sykler til jobben! 925 sterlings\u00f8lv p\u00e5 skinn.<\/p>","protected":false},"excerpt":{"rendered":"<p><span style=\"font-weight: 400;\">BikeMe vil ikke gj\u00f8re beina dine sterkere eller sykkelen din raskere ... men det kan styrke lidenskapen din - for sykling. BikeMe reflekterer tilbake, minner deg p\u00e5 \u00e5 komme deg ut, gj\u00f8r et statement og blir en del av dagen din. Raffinert utstyr og unisex-smykker. B\u00e6rekraftig og lokalprodusert i Norge av resirkulert 925 sterlings\u00f8lv. Ta den med p\u00e5 en tur!<\/span><\/p>\n<p>&nbsp;<\/p>","protected":false},"featured_media":2719,"comment_status":"open","ping_status":"closed","template":"","meta":{"inline_featured_image":false,"jetpack_publicize_message":"","jetpack_publicize_feature_enabled":true,"jetpack_social_post_already_shared":true,"jetpack_social_options":{"image_generator_settings":{"template":"highway","default_image_id":0,"font":"","enabled":false},"version":2},"_wpas_customize_per_network":false},"product_brand":[],"product_cat":[1451],"product_tag":[1999,2260],"class_list":{"0":"post-1654","1":"product","2":"type-product","3":"status-publish","4":"has-post-thumbnail","6":"product_cat-bracelets","7":"product_tag-bike-lovers","8":"product_tag-refined-equipment","9":"pa_leather-band-colour-black","10":"pa_leather-band-colour-black-natural","11":"pa_leather-band-colour-natural","13":"first","14":"outofstock","15":"taxable","16":"shipping-taxable","17":"purchasable","18":"product-type-variable"},"jetpack_publicize_connections":[],"jetpack_likes_enabled":false,"jetpack_sharing_enabled":false,"_links":{"self":[{"href":"https:\/\/925catrinelinder.com\/no\/wp-json\/wp\/v2\/product\/1654","targetHints":{"allow":["GET"]}}],"collection":[{"href":"https:\/\/925catrinelinder.com\/no\/wp-json\/wp\/v2\/product"}],"about":[{"href":"https:\/\/925catrinelinder.com\/no\/wp-json\/wp\/v2\/types\/product"}],"replies":[{"embeddable":true,"href":"https:\/\/925catrinelinder.com\/no\/wp-json\/wp\/v2\/comments?post=1654"}],"version-history":[{"count":1,"href":"https:\/\/925catrinelinder.com\/no\/wp-json\/wp\/v2\/product\/1654\/revisions"}],"predecessor-version":[{"id":14552,"href":"https:\/\/925catrinelinder.com\/no\/wp-json\/wp\/v2\/product\/1654\/revisions\/14552"}],"wp:featuredmedia":[{"embeddable":true,"href":"https:\/\/925catrinelinder.com\/no\/wp-json\/wp\/v2\/media\/2719"}],"wp:attachment":[{"href":"https:\/\/925catrinelinder.com\/no\/wp-json\/wp\/v2\/media?parent=1654"}],"wp:term":[{"taxonomy":"product_brand","embeddable":true,"href":"https:\/\/925catrinelinder.com\/no\/wp-json\/wp\/v2\/product_brand?post=1654"},{"taxonomy":"product_cat","embeddable":true,"href":"https:\/\/925catrinelinder.com\/no\/wp-json\/wp\/v2\/product_cat?post=1654"},{"taxonomy":"product_tag","embeddable":true,"href":"https:\/\/925catrinelinder.com\/no\/wp-json\/wp\/v2\/product_tag?post=1654"}],"curies":[{"name":"wp","href":"https:\/\/api.w.org\/{rel}","templated":true}]}}