{"id":1713,"date":"2019-04-08T23:55:13","date_gmt":"2019-04-08T23:55:13","guid":{"rendered":"http:\/\/25catrinelinder.com\/?post_type=product&#038;p=1713"},"modified":"2026-03-03T03:32:46","modified_gmt":"2026-03-03T02:32:46","slug":"radiolydring","status":"publish","type":"product","link":"https:\/\/925catrinelinder.com\/no\/product\/radio-sound-ring\/","title":{"rendered":"Radio Sound Ring"},"content":{"rendered":"","protected":false},"excerpt":{"rendered":"<p>Radioring - en hyllest til radioens, kommunikasjonens og musikkens historie. En raffinert utstyrshistorie der gamle deler av radioutstyr er kommuniserende smykker. Mottakere i ulike st\u00f8rrelser og former. Et solid og tungt smykke som er mer behagelig \u00e5 b\u00e6re enn du tror.<\/p>\n<p>Radio-kolleksjonen er en hyllest til huset der jeg har mitt verksted i Lofoten.  F\u00f8rste gang jeg kom inn i disse rommene ble jeg forelsket. Det gamle radioverkstedet oser av gamle historier og er fylt med s\u00e5 mange minner, deler og verkt\u00f8y. Et perfekt sted for min utforskning av empatisk, emosjonell design! Huset er fortsatt i samme familie som grunnleggeren av verkstedet for lenge siden, og det har fortsatt en fantastisk energi. Det tror jeg det alltid vil gj\u00f8re. Radio Ring er et uttrykk for historien om radio, kommunikasjon og musikk, en historie om raffinert utstyr der gamle deler av radioutstyr er kommuniserende smykker.<\/p>\n<p>Laget p\u00e5 bestilling.<\/p>","protected":false},"featured_media":2951,"comment_status":"open","ping_status":"closed","template":"","meta":{"inline_featured_image":false,"jetpack_post_was_ever_published":false,"jetpack_publicize_message":"","jetpack_publicize_feature_enabled":true,"jetpack_social_post_already_shared":true,"jetpack_social_options":{"image_generator_settings":{"template":"highway","default_image_id":0,"font":"","enabled":false},"version":2},"_wpas_customize_per_network":false},"product_brand":[],"product_cat":[1457],"product_tag":[2260],"class_list":{"0":"post-1713","1":"product","2":"type-product","3":"status-publish","4":"has-post-thumbnail","6":"product_cat-rings","7":"product_tag-refined-equipment","9":"first","10":"onbackorder","11":"featured","12":"taxable","13":"shipping-taxable","14":"purchasable","15":"product-type-simple"},"jetpack_publicize_connections":[],"jetpack_likes_enabled":false,"jetpack_sharing_enabled":true,"_links":{"self":[{"href":"https:\/\/925catrinelinder.com\/no\/wp-json\/wp\/v2\/product\/1713","targetHints":{"allow":["GET"]}}],"collection":[{"href":"https:\/\/925catrinelinder.com\/no\/wp-json\/wp\/v2\/product"}],"about":[{"href":"https:\/\/925catrinelinder.com\/no\/wp-json\/wp\/v2\/types\/product"}],"replies":[{"embeddable":true,"href":"https:\/\/925catrinelinder.com\/no\/wp-json\/wp\/v2\/comments?post=1713"}],"version-history":[{"count":1,"href":"https:\/\/925catrinelinder.com\/no\/wp-json\/wp\/v2\/product\/1713\/revisions"}],"predecessor-version":[{"id":14799,"href":"https:\/\/925catrinelinder.com\/no\/wp-json\/wp\/v2\/product\/1713\/revisions\/14799"}],"wp:featuredmedia":[{"embeddable":true,"href":"https:\/\/925catrinelinder.com\/no\/wp-json\/wp\/v2\/media\/2951"}],"wp:attachment":[{"href":"https:\/\/925catrinelinder.com\/no\/wp-json\/wp\/v2\/media?parent=1713"}],"wp:term":[{"taxonomy":"product_brand","embeddable":true,"href":"https:\/\/925catrinelinder.com\/no\/wp-json\/wp\/v2\/product_brand?post=1713"},{"taxonomy":"product_cat","embeddable":true,"href":"https:\/\/925catrinelinder.com\/no\/wp-json\/wp\/v2\/product_cat?post=1713"},{"taxonomy":"product_tag","embeddable":true,"href":"https:\/\/925catrinelinder.com\/no\/wp-json\/wp\/v2\/product_tag?post=1713"}],"curies":[{"name":"wp","href":"https:\/\/api.w.org\/{rel}","templated":true}]}}