{"id":1795,"date":"2019-04-08T23:55:51","date_gmt":"2019-04-08T23:55:51","guid":{"rendered":"http:\/\/25catrinelinder.com\/?post_type=product&#038;p=1795"},"modified":"2026-03-01T13:53:10","modified_gmt":"2026-03-01T12:53:10","slug":"surferring-med-fiskehale","status":"publish","type":"product","link":"https:\/\/925catrinelinder.com\/no\/product\/fishtail-surfer-ring\/","title":{"rendered":"Fishtale Surfer ring"},"content":{"rendered":"<p>Brettet m\u00e5ler ca. 25 x 7 mm - ring ca. 2 mm<\/p>\n<p>Hvis du ikke finner din st\u00f8rrelse, vennligst gi meg beskjed i en e-post med den st\u00f8rrelsen du \u00f8nsker, s\u00e5 finner vi ut av det.<\/p>","protected":false},"excerpt":{"rendered":"<p>T\u00f8nne eller Bailing - eller bare hengende l\u00f8st - i det store bl\u00e5. Laget av resirkulert s\u00f8lv og veldig kort travelle<span style=\"font-family: -apple-system, BlinkMacSystemFont, 'Segoe UI', Roboto, Oxygen-Sans, Ubuntu, Cantarell, 'Helvetica Neue', sans-serif;\">d hvis du er i Skandinavia.<\/span><span style=\"font-family: -apple-system, BlinkMacSystemFont, 'Segoe UI', Roboto, Oxygen-Sans, Ubuntu, Cantarell, 'Helvetica Neue', sans-serif;\"> Laget her oppe i nord som alle Catrine Linders smykker. Vennligst velg din ringst\u00f8rrelse i meldingen n\u00e5r du bestiller, da disse er spesiallaget for deg. 1 % g\u00e5r tilbake til 1 % for the Planet for \u00e5 holde havene v\u00e5re rene. God forn\u00f8yelse!<\/span><\/p>\n<p>Inspirert av de verdensber\u00f8mte surfeforholdene i Lofoten og et faktisk surfebrettdesign av Fletcher Chouinard ble Fishtail Surfer-ringen min til liv.<\/p>\n<p>Takk for fantastisk modellering av surfer-mama Tanya og Anki Gr\u00f8the for foto.<\/p>","protected":false},"featured_media":10158,"comment_status":"open","ping_status":"closed","template":"","meta":{"inline_featured_image":false,"jetpack_publicize_message":"","jetpack_publicize_feature_enabled":true,"jetpack_social_post_already_shared":true,"jetpack_social_options":{"image_generator_settings":{"template":"highway","default_image_id":0,"font":"","enabled":false},"version":2},"_wpas_customize_per_network":false},"product_brand":[],"product_cat":[1457],"product_tag":[2296],"class_list":{"0":"post-1795","1":"product","2":"type-product","3":"status-publish","4":"has-post-thumbnail","6":"product_cat-rings","7":"product_tag-surf-lovers","9":"first","10":"onbackorder","11":"taxable","12":"shipping-taxable","13":"purchasable","14":"product-type-variable"},"jetpack_publicize_connections":[],"jetpack_likes_enabled":false,"jetpack_sharing_enabled":false,"_links":{"self":[{"href":"https:\/\/925catrinelinder.com\/no\/wp-json\/wp\/v2\/product\/1795","targetHints":{"allow":["GET"]}}],"collection":[{"href":"https:\/\/925catrinelinder.com\/no\/wp-json\/wp\/v2\/product"}],"about":[{"href":"https:\/\/925catrinelinder.com\/no\/wp-json\/wp\/v2\/types\/product"}],"replies":[{"embeddable":true,"href":"https:\/\/925catrinelinder.com\/no\/wp-json\/wp\/v2\/comments?post=1795"}],"version-history":[{"count":1,"href":"https:\/\/925catrinelinder.com\/no\/wp-json\/wp\/v2\/product\/1795\/revisions"}],"predecessor-version":[{"id":14693,"href":"https:\/\/925catrinelinder.com\/no\/wp-json\/wp\/v2\/product\/1795\/revisions\/14693"}],"wp:featuredmedia":[{"embeddable":true,"href":"https:\/\/925catrinelinder.com\/no\/wp-json\/wp\/v2\/media\/10158"}],"wp:attachment":[{"href":"https:\/\/925catrinelinder.com\/no\/wp-json\/wp\/v2\/media?parent=1795"}],"wp:term":[{"taxonomy":"product_brand","embeddable":true,"href":"https:\/\/925catrinelinder.com\/no\/wp-json\/wp\/v2\/product_brand?post=1795"},{"taxonomy":"product_cat","embeddable":true,"href":"https:\/\/925catrinelinder.com\/no\/wp-json\/wp\/v2\/product_cat?post=1795"},{"taxonomy":"product_tag","embeddable":true,"href":"https:\/\/925catrinelinder.com\/no\/wp-json\/wp\/v2\/product_tag?post=1795"}],"curies":[{"name":"wp","href":"https:\/\/api.w.org\/{rel}","templated":true}]}}