{"id":1821,"date":"2019-04-08T23:56:28","date_gmt":"2019-04-08T21:56:28","guid":{"rendered":"http:\/\/25catrinelinder.com\/?post_type=product&#038;p=1821"},"modified":"2026-03-03T03:30:42","modified_gmt":"2026-03-03T02:30:42","slug":"friendly-mansjettknapper","status":"publish","type":"product","link":"https:\/\/925catrinelinder.com\/no\/product\/friendly-cufflinks\/","title":{"rendered":"Vennlige mansjettknapper"},"content":{"rendered":"<p>Friendly mansjettknapper - massivt 925 sterlings\u00f8lv. Et symbol p\u00e5 vennskap, tillit og trygghet. Inspirert av fjellklatring, fjell og friluftsliv. Brikkene m\u00e5ler ca. 20\u00d715 mm (0,79\u00d70,78 tommer). Hvis du m\u00e5 ha mansjettknapper - s\u00e5 er dette de rette! Klatre videre - p\u00e5 fjell, is, i livet og p\u00e5 jobb!<\/p>","protected":false},"excerpt":{"rendered":"<p>Friendly Mansjettknapper - massivt 925 sterlings\u00f8lv.<\/p>\n<p>Friendly-kolleksjonen er inspirert av kj\u00e6rligheten til fjellklatring, fjell og friluftsliv. Til og med et symbol p\u00e5 vennskap, tillit og det \u00e5 overvinne utfordringer i livet og karrieren.<\/p>","protected":false},"featured_media":10788,"comment_status":"open","ping_status":"closed","template":"","meta":{"inline_featured_image":false,"jetpack_publicize_message":"","jetpack_publicize_feature_enabled":true,"jetpack_social_post_already_shared":true,"jetpack_social_options":{"image_generator_settings":{"template":"highway","default_image_id":0,"font":"","enabled":false},"version":2},"_wpas_customize_per_network":false},"product_brand":[],"product_cat":[1463,2290],"product_tag":[2259,2260],"class_list":{"0":"post-1821","1":"product","2":"type-product","3":"status-publish","4":"has-post-thumbnail","6":"product_cat-cuff-links","7":"product_cat-friendly-collection","8":"product_tag-climbing-lovers","9":"product_tag-refined-equipment","10":"pa_metal-925-sterling-silver","12":"first","13":"instock","14":"taxable","15":"shipping-taxable","16":"purchasable","17":"product-type-simple"},"jetpack_publicize_connections":[],"jetpack_likes_enabled":false,"jetpack_sharing_enabled":false,"_links":{"self":[{"href":"https:\/\/925catrinelinder.com\/no\/wp-json\/wp\/v2\/product\/1821","targetHints":{"allow":["GET"]}}],"collection":[{"href":"https:\/\/925catrinelinder.com\/no\/wp-json\/wp\/v2\/product"}],"about":[{"href":"https:\/\/925catrinelinder.com\/no\/wp-json\/wp\/v2\/types\/product"}],"replies":[{"embeddable":true,"href":"https:\/\/925catrinelinder.com\/no\/wp-json\/wp\/v2\/comments?post=1821"}],"version-history":[{"count":1,"href":"https:\/\/925catrinelinder.com\/no\/wp-json\/wp\/v2\/product\/1821\/revisions"}],"predecessor-version":[{"id":14797,"href":"https:\/\/925catrinelinder.com\/no\/wp-json\/wp\/v2\/product\/1821\/revisions\/14797"}],"wp:featuredmedia":[{"embeddable":true,"href":"https:\/\/925catrinelinder.com\/no\/wp-json\/wp\/v2\/media\/10788"}],"wp:attachment":[{"href":"https:\/\/925catrinelinder.com\/no\/wp-json\/wp\/v2\/media?parent=1821"}],"wp:term":[{"taxonomy":"product_brand","embeddable":true,"href":"https:\/\/925catrinelinder.com\/no\/wp-json\/wp\/v2\/product_brand?post=1821"},{"taxonomy":"product_cat","embeddable":true,"href":"https:\/\/925catrinelinder.com\/no\/wp-json\/wp\/v2\/product_cat?post=1821"},{"taxonomy":"product_tag","embeddable":true,"href":"https:\/\/925catrinelinder.com\/no\/wp-json\/wp\/v2\/product_tag?post=1821"}],"curies":[{"name":"wp","href":"https:\/\/api.w.org\/{rel}","templated":true}]}}