{"id":1824,"date":"2019-04-08T23:56:28","date_gmt":"2019-04-08T23:56:28","guid":{"rendered":"http:\/\/25catrinelinder.com\/?post_type=product&#038;p=1824"},"modified":"2026-03-03T03:31:30","modified_gmt":"2026-03-03T02:31:30","slug":"radio-sound-1500-volt-mansjettknapper","status":"publish","type":"product","link":"https:\/\/925catrinelinder.com\/no\/product\/radio-sound-1500-volt-cufflinks\/","title":{"rendered":"Radio Sound 1500 volt mansjettknapper"},"content":{"rendered":"<p class=\"p1\"><span class=\"s1\">Noen dager trenger du kanskje bare 1500 volt motstand! Med Radio Cufflinks f\u00e5r du den perfekte balansen - 1500 p\u00e5 hver arm.<\/span><\/p>\n<p class=\"p1\"><span class=\"s1\">Kos deg med radioen!<\/span><\/p>","protected":false},"excerpt":{"rendered":"<p>Radio Cufflinks - 1500 Volts - en hyllest til radioens, kommunikasjonens og musikkens historie. En raffinert utstyrshistorie der gamle deler av radioutstyr er kommuniserende smykker. Mottakere i ulike st\u00f8rrelser og former. Et solid og tungt smykke som er mer behagelig \u00e5 b\u00e6re enn du tror.<\/p>\n<p>Radio-kolleksjonen er en hyllest til huset der jeg har mitt verksted i Lofoten.  F\u00f8rste gang jeg gikk inn i disse rommene ble jeg forelsket. Da jeg gjorde om det gamle radioverkstedet til smykkeverksted, var det allerede fullt av gamle historier og fylt med s\u00e5 mange minner, deler og verkt\u00f8y. Et perfekt sted for min utforskning av empatisk, emosjonell design! Huset er fortsatt i samme familie som grunnleggeren av butikken for lenge siden, og det har en fantastisk energi fremdeles. Det tror jeg det alltid vil gj\u00f8re. Radio Ring er et uttrykk for historien om radio, kommunikasjon og musikk, en historie om raffinert utstyr der gamle deler av radioutstyr er kommuniserende smykker.<\/p>\n<p>Laget p\u00e5 bestilling. Beregn 2-4 ukers leveringstid hvis den er i restordre - med mindre jeg har en klar til \u00e5 sende til deg. Radio-kolleksjonen er en del av historien om raffinert utstyr der gamle deler av radioutstyr er kommuniserende smykker. Radio mansjettknapper er eksklusive, solide og behagelige \u00e5 b\u00e6re - helt unike, akkurat som deg.<\/p>","protected":false},"featured_media":5552,"comment_status":"open","ping_status":"closed","template":"","meta":{"inline_featured_image":false,"jetpack_publicize_message":"","jetpack_publicize_feature_enabled":true,"jetpack_social_post_already_shared":true,"jetpack_social_options":{"image_generator_settings":{"template":"highway","default_image_id":0,"font":"","enabled":false},"version":2},"_wpas_customize_per_network":false},"product_brand":[],"product_cat":[1463],"product_tag":[2260],"class_list":{"0":"post-1824","1":"product","2":"type-product","3":"status-publish","4":"has-post-thumbnail","6":"product_cat-cuff-links","7":"product_tag-refined-equipment","9":"first","10":"onbackorder","11":"taxable","12":"shipping-taxable","13":"purchasable","14":"product-type-simple"},"jetpack_publicize_connections":[],"jetpack_likes_enabled":false,"jetpack_sharing_enabled":true,"_links":{"self":[{"href":"https:\/\/925catrinelinder.com\/no\/wp-json\/wp\/v2\/product\/1824","targetHints":{"allow":["GET"]}}],"collection":[{"href":"https:\/\/925catrinelinder.com\/no\/wp-json\/wp\/v2\/product"}],"about":[{"href":"https:\/\/925catrinelinder.com\/no\/wp-json\/wp\/v2\/types\/product"}],"replies":[{"embeddable":true,"href":"https:\/\/925catrinelinder.com\/no\/wp-json\/wp\/v2\/comments?post=1824"}],"version-history":[{"count":1,"href":"https:\/\/925catrinelinder.com\/no\/wp-json\/wp\/v2\/product\/1824\/revisions"}],"predecessor-version":[{"id":14798,"href":"https:\/\/925catrinelinder.com\/no\/wp-json\/wp\/v2\/product\/1824\/revisions\/14798"}],"wp:featuredmedia":[{"embeddable":true,"href":"https:\/\/925catrinelinder.com\/no\/wp-json\/wp\/v2\/media\/5552"}],"wp:attachment":[{"href":"https:\/\/925catrinelinder.com\/no\/wp-json\/wp\/v2\/media?parent=1824"}],"wp:term":[{"taxonomy":"product_brand","embeddable":true,"href":"https:\/\/925catrinelinder.com\/no\/wp-json\/wp\/v2\/product_brand?post=1824"},{"taxonomy":"product_cat","embeddable":true,"href":"https:\/\/925catrinelinder.com\/no\/wp-json\/wp\/v2\/product_cat?post=1824"},{"taxonomy":"product_tag","embeddable":true,"href":"https:\/\/925catrinelinder.com\/no\/wp-json\/wp\/v2\/product_tag?post=1824"}],"curies":[{"name":"wp","href":"https:\/\/api.w.org\/{rel}","templated":true}]}}