{"id":1952,"date":"2019-05-19T12:57:54","date_gmt":"2019-05-19T10:57:54","guid":{"rendered":"http:\/\/25catrinelinder.com\/?post_type=product&#038;p=1952"},"modified":"2026-03-13T00:07:21","modified_gmt":"2026-03-12T23:07:21","slug":"friendly-mini-halskjede-solv","status":"publish","type":"product","link":"https:\/\/925catrinelinder.com\/no\/product\/friendly-mini-necklace-silver\/","title":{"rendered":"Friendly Mini-halskjede"},"content":{"rendered":"<p>Friendly Mini Neckless - anheng og kjede i massivt - og selvf\u00f8lgelig resirkulert 925 sterlings\u00f8lv. Hvis du \u00f8nsker et delikat anker- eller kulekjede, vennligst velg 36, 38 eller 42 cm. Det kule Ball Chain p\u00e5 45 cm som p\u00e5 produktbildet foran.  Minikjedene er perfekte for sarte halser hvis du f\u00f8ler at det autentiske <a href=\"\/no\/925catrinelinder.com\/produkt\/vennlig-halskjede-solv\/\" target=\"_blank\" rel=\"noopener\">Friendly halskjede<\/a> er for stor. Friendly Collection er inspirert av fjellklatring, fjell og friluftsliv. Et flott symbol p\u00e5 vennskap, tillit og trygghet. Smykket m\u00e5ler ca. 10\u00d77 mm (0,47\u00d70,27 tommer) - ca. 20 mm inkludert \u00f8skenet. B\u00e5ret av mange venner! Klatre videre - p\u00e5 fjell, is, i livet og p\u00e5 jobb!<\/p>\n<p>Ser fantastisk ut p\u00e5 dette delikate 1 mm ankerkjedet - kanskje en liten klatrebabygave? For baby-\/barnest\u00f8rrelse anbefaler jeg \u00e5 velge 36 (eller 38) cm kjetting.<\/p>","protected":false},"excerpt":{"rendered":"<p><span style=\"font-weight: 400;\">En friendly-gave inspirert av fjellklatring, fjell og friluftsliv. Et symbol p\u00e5 vennskap, tillit og trygghet.\u00a0\u00a0<\/span><\/p>\n<p>Friendly Mini Neckless, laget av resirkulert 925 sterlings\u00f8lv. Ankerkjede 36 til 45 cm. Friendly Collection er inspirert av fjellklatring, fjell og friluftsliv. Designet er et symbol p\u00e5 vennskap, tillit og trygghet. Brikken m\u00e5ler ca. 10\u00d77 mm (0,47\u00d70,27 tommer) - ca. 20 mm inkludert \u00f8skenet. Klatre videre - p\u00e5 fjell, is, i livet og p\u00e5 jobb!<\/p>\n<p>Ser fantastisk ut p\u00e5 dette delikate ankerkjedet p\u00e5 ca. 1,5 mm - kanskje en liten klatrebabygave? For baby\/barn-st\u00f8rrelse anbefaler jeg \u00e5 velge cm kjetting, for voksne henger den perfekt i 38, 42 eller 45 cm kjetting.<\/p>\n<p>\ud83d\udda4 webspesial<\/p>","protected":false},"featured_media":11946,"comment_status":"closed","ping_status":"closed","template":"","meta":{"inline_featured_image":false,"jetpack_publicize_message":"","jetpack_publicize_feature_enabled":true,"jetpack_social_post_already_shared":true,"jetpack_social_options":{"image_generator_settings":{"template":"highway","default_image_id":0,"font":"","enabled":false},"version":2},"_wpas_customize_per_network":false},"product_brand":[],"product_cat":[2290,1383],"product_tag":[2259,2260],"class_list":{"0":"post-1952","1":"product","2":"type-product","3":"status-publish","4":"has-post-thumbnail","6":"product_cat-friendly-collection","7":"product_cat-necklaces","8":"product_tag-climbing-lovers","9":"product_tag-refined-equipment","10":"pa_metal-925-sterling-silver","12":"first","13":"instock","14":"taxable","15":"shipping-taxable","16":"purchasable","17":"product-type-variable"},"jetpack_publicize_connections":[],"jetpack_likes_enabled":false,"jetpack_sharing_enabled":false,"_links":{"self":[{"href":"https:\/\/925catrinelinder.com\/no\/wp-json\/wp\/v2\/product\/1952","targetHints":{"allow":["GET"]}}],"collection":[{"href":"https:\/\/925catrinelinder.com\/no\/wp-json\/wp\/v2\/product"}],"about":[{"href":"https:\/\/925catrinelinder.com\/no\/wp-json\/wp\/v2\/types\/product"}],"replies":[{"embeddable":true,"href":"https:\/\/925catrinelinder.com\/no\/wp-json\/wp\/v2\/comments?post=1952"}],"version-history":[{"count":2,"href":"https:\/\/925catrinelinder.com\/no\/wp-json\/wp\/v2\/product\/1952\/revisions"}],"predecessor-version":[{"id":14796,"href":"https:\/\/925catrinelinder.com\/no\/wp-json\/wp\/v2\/product\/1952\/revisions\/14796"}],"wp:featuredmedia":[{"embeddable":true,"href":"https:\/\/925catrinelinder.com\/no\/wp-json\/wp\/v2\/media\/11946"}],"wp:attachment":[{"href":"https:\/\/925catrinelinder.com\/no\/wp-json\/wp\/v2\/media?parent=1952"}],"wp:term":[{"taxonomy":"product_brand","embeddable":true,"href":"https:\/\/925catrinelinder.com\/no\/wp-json\/wp\/v2\/product_brand?post=1952"},{"taxonomy":"product_cat","embeddable":true,"href":"https:\/\/925catrinelinder.com\/no\/wp-json\/wp\/v2\/product_cat?post=1952"},{"taxonomy":"product_tag","embeddable":true,"href":"https:\/\/925catrinelinder.com\/no\/wp-json\/wp\/v2\/product_tag?post=1952"}],"curies":[{"name":"wp","href":"https:\/\/api.w.org\/{rel}","templated":true}]}}