{"id":1963,"date":"2019-05-19T12:57:54","date_gmt":"2019-05-19T10:57:54","guid":{"rendered":"http:\/\/25catrinelinder.com\/?post_type=product&#038;p=1963"},"modified":"2026-03-12T15:20:51","modified_gmt":"2026-03-12T14:20:51","slug":"vennlige-orestikker-925-sterlingsolv","status":"publish","type":"product","link":"https:\/\/925catrinelinder.com\/no\/product\/friendly-studs-925-sterling-silver\/","title":{"rendered":"Friendly Studs"},"content":{"rendered":"<p>Hvert stykke m\u00e5ler ca. 10 x 7 mm (0,47\u00d70,27 tommer) Brukt av mange venner! Klatre videre - p\u00e5 stein, is, i livet og p\u00e5 jobben!<\/p>\n<p>\ud83d\udda4 webspesial<\/p>","protected":false},"excerpt":{"rendered":"<p>Friendly Studs inspirert av fjellklatring, fjell og friluftsliv. Et symbol p\u00e5 vennskap, tillit og trygghet. Laget i Norge! Resirkulert s\u00f8lv, selvf\u00f8lgelig.<\/p>\n<p><span style=\"font-weight: 400;\">Alle plaggene du kj\u00f8per g\u00e5r tilbake til WWF Norge. God og bevisst shopping!<\/span><\/p>","protected":false},"featured_media":11463,"comment_status":"closed","ping_status":"closed","template":"","meta":{"inline_featured_image":false,"jetpack_publicize_message":"","jetpack_publicize_feature_enabled":true,"jetpack_social_post_already_shared":true,"jetpack_social_options":{"image_generator_settings":{"template":"highway","default_image_id":0,"font":"","enabled":false},"version":2},"_wpas_customize_per_network":false},"product_brand":[],"product_cat":[1443,2290],"product_tag":[2259,2260],"class_list":{"0":"post-1963","1":"product","2":"type-product","3":"status-publish","4":"has-post-thumbnail","6":"product_cat-earrings","7":"product_cat-friendly-collection","8":"product_tag-climbing-lovers","9":"product_tag-refined-equipment","10":"pa_metal-gold-vermeil","11":"pa_metal-925-sterling-silver","12":"pa_metal-rhodium-black","14":"first","15":"instock","16":"taxable","17":"shipping-taxable","18":"purchasable","19":"product-type-variable"},"jetpack_publicize_connections":[],"jetpack_likes_enabled":false,"jetpack_sharing_enabled":false,"_links":{"self":[{"href":"https:\/\/925catrinelinder.com\/no\/wp-json\/wp\/v2\/product\/1963","targetHints":{"allow":["GET"]}}],"collection":[{"href":"https:\/\/925catrinelinder.com\/no\/wp-json\/wp\/v2\/product"}],"about":[{"href":"https:\/\/925catrinelinder.com\/no\/wp-json\/wp\/v2\/types\/product"}],"replies":[{"embeddable":true,"href":"https:\/\/925catrinelinder.com\/no\/wp-json\/wp\/v2\/comments?post=1963"}],"version-history":[{"count":0,"href":"https:\/\/925catrinelinder.com\/no\/wp-json\/wp\/v2\/product\/1963\/revisions"}],"wp:featuredmedia":[{"embeddable":true,"href":"https:\/\/925catrinelinder.com\/no\/wp-json\/wp\/v2\/media\/11463"}],"wp:attachment":[{"href":"https:\/\/925catrinelinder.com\/no\/wp-json\/wp\/v2\/media?parent=1963"}],"wp:term":[{"taxonomy":"product_brand","embeddable":true,"href":"https:\/\/925catrinelinder.com\/no\/wp-json\/wp\/v2\/product_brand?post=1963"},{"taxonomy":"product_cat","embeddable":true,"href":"https:\/\/925catrinelinder.com\/no\/wp-json\/wp\/v2\/product_cat?post=1963"},{"taxonomy":"product_tag","embeddable":true,"href":"https:\/\/925catrinelinder.com\/no\/wp-json\/wp\/v2\/product_tag?post=1963"}],"curies":[{"name":"wp","href":"https:\/\/api.w.org\/{rel}","templated":true}]}}