{"id":1964,"date":"2019-05-19T12:57:54","date_gmt":"2019-05-19T10:57:54","guid":{"rendered":"http:\/\/25catrinelinder.com\/?post_type=product&#038;p=1964"},"modified":"2026-03-12T15:20:49","modified_gmt":"2026-03-12T14:20:49","slug":"vennlig-armband","status":"publish","type":"product","link":"https:\/\/925catrinelinder.com\/no\/product\/friendly-bracelet\/","title":{"rendered":"Friendly armb\u00e5nd"},"content":{"rendered":"<p><span style=\"font-weight: 400;\">Raffinert utstyr - inspirert av fjellklatring, fjell og friluftsliv. Justerbart armb\u00e5nd. Metallet m\u00e5ler ca. 20 x 15 x 2 mm \/ 0,79\u00d70,78 tommer. 925 sterlings\u00f8lv - selvf\u00f8lgelig resirkulert.<\/span><\/p>","protected":false},"excerpt":{"rendered":"<p><span style=\"font-weight: 400;\">Friendly Bracelet - En hyllest til eventyrlysten!<\/span><\/p>\n<p><span style=\"font-weight: 400;\">Inspirert av utstyr som brukes i fjellklatring, symboliserer dette armb\u00e5ndet vennskap, tillit og sikkerhet. Enten du klatrer i fjell, erobrer is eller takler livets utfordringer, er Friendly Bracelet en p\u00e5minnelse om b\u00e5ndene som holder oss sammen n\u00e5r vi virkelig trenger dem.<\/span><span style=\"font-weight: 400;\">Den er laget med en solid, justerbar taustreng eller l\u00e6r, og kombinerer styrke med stil i en tidl\u00f8s design som er like robust som den er raffinert. En perfekt match for klatrere, friluftsentusiaster og alle som setter pris p\u00e5 naturen.\n\nH\u00e5ndlaget i resirkulert 925 sterling s\u00f8lv med solid, justerbar taustreng eller premium l\u00e6r. Friendly armb\u00e5ndet er  foredlet utstyr; tidl\u00f8st, robust og raffinert. Perfekt for dedikerte klatrere, friluftsmennesker og alle som verdsetter naturen.<\/span><\/p>\n<p><span style=\"font-weight: 400;\">Et form\u00e5lstjenlig kj\u00f8p: <\/span><span style=\"font-weight: 400;\">Et kj\u00f8p med mening: For hvert solgte armb\u00e5nd donerer vi en del av inntektene til WWF Norge for \u00e5 beskytte havet v\u00e5rt. Nyt utstyret ditt med god samvittighet, vel vitende om at du bidrar til en renere og sunnere planet.<\/span><\/p>\n<p>Friendly-armb\u00e5ndet er et signaturstykke fra mitt Refined Equipment siden jeg begynte \u00e5 lage disse i vakre Henningsv\u00e6r i Lofoten.<\/p>\n<p><span style=\"font-weight: 400;\">Enten du bruker det som lykkeamulett eller gir det i gave til en god venn, er Friendly Bracelet mer enn bare et smykke - det er et symbol p\u00e5 en varig tilknytning. <\/span><span style=\"font-weight: 400;\">Fortsett \u00e5 klatre. Fortsett \u00e5 g\u00e5. Bruk Friendly.<\/span><\/p>","protected":false},"featured_media":8389,"comment_status":"closed","ping_status":"closed","template":"","meta":{"inline_featured_image":false,"jetpack_publicize_message":"","jetpack_publicize_feature_enabled":true,"jetpack_social_post_already_shared":true,"jetpack_social_options":{"image_generator_settings":{"template":"highway","default_image_id":0,"font":"","enabled":false},"version":2},"_wpas_customize_per_network":false},"product_brand":[],"product_cat":[1451,2290],"product_tag":[2259,2260],"class_list":{"0":"post-1964","1":"product","2":"type-product","3":"status-publish","4":"has-post-thumbnail","6":"product_cat-bracelets","7":"product_cat-friendly-collection","8":"product_tag-climbing-lovers","9":"product_tag-refined-equipment","10":"pa_metal-925-sterling-silver","11":"pa_ropestring-colour-rockhard-black","12":"pa_ropestring-colour-rockhard-black-leather","13":"pa_ropestring-colour-rockhard-blue","14":"pa_ropestring-colour-rockhard-natural-leather","15":"pa_ropestring-colour-rockhard-orange","16":"pa_ropestring-colour-rockhard-pink","17":"pa_ropestring-colour-rockhard-purple","18":"pa_ropestring-colour-rockhard-red","19":"pa_ropestring-colour-rockhard-yellow","21":"first","22":"instock","23":"taxable","24":"shipping-taxable","25":"purchasable","26":"product-type-variable"},"jetpack_publicize_connections":[],"jetpack_likes_enabled":false,"jetpack_sharing_enabled":false,"_links":{"self":[{"href":"https:\/\/925catrinelinder.com\/no\/wp-json\/wp\/v2\/product\/1964","targetHints":{"allow":["GET"]}}],"collection":[{"href":"https:\/\/925catrinelinder.com\/no\/wp-json\/wp\/v2\/product"}],"about":[{"href":"https:\/\/925catrinelinder.com\/no\/wp-json\/wp\/v2\/types\/product"}],"replies":[{"embeddable":true,"href":"https:\/\/925catrinelinder.com\/no\/wp-json\/wp\/v2\/comments?post=1964"}],"version-history":[{"count":1,"href":"https:\/\/925catrinelinder.com\/no\/wp-json\/wp\/v2\/product\/1964\/revisions"}],"predecessor-version":[{"id":14550,"href":"https:\/\/925catrinelinder.com\/no\/wp-json\/wp\/v2\/product\/1964\/revisions\/14550"}],"wp:featuredmedia":[{"embeddable":true,"href":"https:\/\/925catrinelinder.com\/no\/wp-json\/wp\/v2\/media\/8389"}],"wp:attachment":[{"href":"https:\/\/925catrinelinder.com\/no\/wp-json\/wp\/v2\/media?parent=1964"}],"wp:term":[{"taxonomy":"product_brand","embeddable":true,"href":"https:\/\/925catrinelinder.com\/no\/wp-json\/wp\/v2\/product_brand?post=1964"},{"taxonomy":"product_cat","embeddable":true,"href":"https:\/\/925catrinelinder.com\/no\/wp-json\/wp\/v2\/product_cat?post=1964"},{"taxonomy":"product_tag","embeddable":true,"href":"https:\/\/925catrinelinder.com\/no\/wp-json\/wp\/v2\/product_tag?post=1964"}],"curies":[{"name":"wp","href":"https:\/\/api.w.org\/{rel}","templated":true}]}}