{"id":2056,"date":"2019-05-25T13:48:06","date_gmt":"2019-05-25T12:48:06","guid":{"rendered":"http:\/\/25catrinelinder.com\/?post_type=product&#038;p=2056"},"modified":"2025-11-06T14:36:24","modified_gmt":"2025-11-06T13:36:24","slug":"halskjede-av-is","status":"publish","type":"product","link":"https:\/\/925catrinelinder.com\/no\/product\/ice-necklace\/","title":{"rendered":"ICE-halskjede"},"content":{"rendered":"<p>ICE Necklace &amp; ICE Collection; Raffinert utstyr inspirert av isskruer som brukes til isklatring. Det vridde s\u00f8lvet reflekterer alt lys rundt deg og gir deg ekstra glans. Anhenget m\u00e5ler 50 mm x 2 mm. Kjedet kan justeres i tre lengder p\u00e5 45, 50 og 55 cm.<\/p>\n<p>Dette designet er perfekt \u00e5 matche og style med. Passer perfekt alene eller sammen med RockHard Necklace i et lengre ballkjede. Nyt ditt raffinerte utstyr! Velg mellom blankt og oksidert s\u00f8lv.<\/p>","protected":false},"excerpt":{"rendered":"<p>ICE Collection - Raffinert utstyr<\/p>","protected":false},"featured_media":2361,"comment_status":"open","ping_status":"closed","template":"","meta":{"inline_featured_image":false,"jetpack_publicize_message":"","jetpack_publicize_feature_enabled":true,"jetpack_social_post_already_shared":true,"jetpack_social_options":{"image_generator_settings":{"template":"highway","default_image_id":0,"font":"","enabled":false},"version":2},"_wpas_customize_per_network":false},"product_brand":[],"product_cat":[1383],"product_tag":[],"class_list":{"0":"post-2056","1":"product","2":"type-product","3":"status-publish","4":"has-post-thumbnail","6":"product_cat-necklaces","7":"pa_metal-925-sterling-silver","8":"pa_metal-rhodium-black","10":"first","11":"instock","12":"featured","13":"taxable","14":"shipping-taxable","15":"purchasable","16":"product-type-variable"},"jetpack_publicize_connections":[],"jetpack_likes_enabled":false,"jetpack_sharing_enabled":false,"_links":{"self":[{"href":"https:\/\/925catrinelinder.com\/no\/wp-json\/wp\/v2\/product\/2056","targetHints":{"allow":["GET"]}}],"collection":[{"href":"https:\/\/925catrinelinder.com\/no\/wp-json\/wp\/v2\/product"}],"about":[{"href":"https:\/\/925catrinelinder.com\/no\/wp-json\/wp\/v2\/types\/product"}],"replies":[{"embeddable":true,"href":"https:\/\/925catrinelinder.com\/no\/wp-json\/wp\/v2\/comments?post=2056"}],"version-history":[{"count":0,"href":"https:\/\/925catrinelinder.com\/no\/wp-json\/wp\/v2\/product\/2056\/revisions"}],"wp:featuredmedia":[{"embeddable":true,"href":"https:\/\/925catrinelinder.com\/no\/wp-json\/wp\/v2\/media\/2361"}],"wp:attachment":[{"href":"https:\/\/925catrinelinder.com\/no\/wp-json\/wp\/v2\/media?parent=2056"}],"wp:term":[{"taxonomy":"product_brand","embeddable":true,"href":"https:\/\/925catrinelinder.com\/no\/wp-json\/wp\/v2\/product_brand?post=2056"},{"taxonomy":"product_cat","embeddable":true,"href":"https:\/\/925catrinelinder.com\/no\/wp-json\/wp\/v2\/product_cat?post=2056"},{"taxonomy":"product_tag","embeddable":true,"href":"https:\/\/925catrinelinder.com\/no\/wp-json\/wp\/v2\/product_tag?post=2056"}],"curies":[{"name":"wp","href":"https:\/\/api.w.org\/{rel}","templated":true}]}}