{"id":2628,"date":"2019-07-22T18:42:53","date_gmt":"2019-07-22T16:42:53","guid":{"rendered":"http:\/\/25catrinelinder.com\/?post_type=product&#038;p=2628"},"modified":"2026-03-03T03:14:47","modified_gmt":"2026-03-03T02:14:47","slug":"friendly-orestikker-14k-gull","status":"publish","type":"product","link":"https:\/\/925catrinelinder.com\/no\/product\/friendly-studs-14k-gold\/","title":{"rendered":"Friendly Studs 14K gull"},"content":{"rendered":"<p>Friendly Studs - massivt 14K gull. Friendly-kolleksjonen er inspirert av kj\u00e6rligheten til fjellklatring, fjell og friluftsliv. B\u00e6r dette symbolet p\u00e5 vennskap, tillit og trygghet. Smykket m\u00e5ler ca. 10\u00d77 mm (0,47\u00d70,27 tommer) B\u00e5ret av mange venner! Klatre videre - p\u00e5 fjell, is, i livet og p\u00e5 jobb! Disse knoppene gir tilbake! N\u00e5r du kj\u00f8per 925 Catrine Linder gir du tilbake til \u00e5 holde det arktiske havet rent. Hvert \u00e5r gir vi en prosentandel til WWF Norge slik at de kan fortsette det gode arbeidet. God forn\u00f8yelse med god og bevisst shopping!<\/p>","protected":false},"excerpt":{"rendered":"<p>Raffinert utstyr - smykker inspirert av kj\u00e6rligheten til fjellklatring. Bruk dine Friendly-stengler hver dag og overalt! Meningsfull design og veldig behagelig \u00e5 ha p\u00e5.<\/p>","protected":false},"featured_media":2550,"comment_status":"closed","ping_status":"closed","template":"","meta":{"inline_featured_image":false,"jetpack_publicize_message":"","jetpack_publicize_feature_enabled":true,"jetpack_social_post_already_shared":true,"jetpack_social_options":{"image_generator_settings":{"template":"highway","default_image_id":0,"font":"","enabled":false},"version":2},"_wpas_customize_per_network":false},"product_brand":[],"product_cat":[1443,2290],"product_tag":[2259,2260],"class_list":{"0":"post-2628","1":"product","2":"type-product","3":"status-publish","4":"has-post-thumbnail","6":"product_cat-earrings","7":"product_cat-friendly-collection","8":"product_tag-climbing-lovers","9":"product_tag-refined-equipment","10":"pa_metal-14k-gold","12":"first","13":"instock","14":"taxable","15":"shipping-taxable","16":"purchasable","17":"product-type-simple"},"jetpack_publicize_connections":[],"jetpack_likes_enabled":false,"jetpack_sharing_enabled":false,"_links":{"self":[{"href":"https:\/\/925catrinelinder.com\/no\/wp-json\/wp\/v2\/product\/2628","targetHints":{"allow":["GET"]}}],"collection":[{"href":"https:\/\/925catrinelinder.com\/no\/wp-json\/wp\/v2\/product"}],"about":[{"href":"https:\/\/925catrinelinder.com\/no\/wp-json\/wp\/v2\/types\/product"}],"replies":[{"embeddable":true,"href":"https:\/\/925catrinelinder.com\/no\/wp-json\/wp\/v2\/comments?post=2628"}],"version-history":[{"count":1,"href":"https:\/\/925catrinelinder.com\/no\/wp-json\/wp\/v2\/product\/2628\/revisions"}],"predecessor-version":[{"id":14652,"href":"https:\/\/925catrinelinder.com\/no\/wp-json\/wp\/v2\/product\/2628\/revisions\/14652"}],"wp:featuredmedia":[{"embeddable":true,"href":"https:\/\/925catrinelinder.com\/no\/wp-json\/wp\/v2\/media\/2550"}],"wp:attachment":[{"href":"https:\/\/925catrinelinder.com\/no\/wp-json\/wp\/v2\/media?parent=2628"}],"wp:term":[{"taxonomy":"product_brand","embeddable":true,"href":"https:\/\/925catrinelinder.com\/no\/wp-json\/wp\/v2\/product_brand?post=2628"},{"taxonomy":"product_cat","embeddable":true,"href":"https:\/\/925catrinelinder.com\/no\/wp-json\/wp\/v2\/product_cat?post=2628"},{"taxonomy":"product_tag","embeddable":true,"href":"https:\/\/925catrinelinder.com\/no\/wp-json\/wp\/v2\/product_tag?post=2628"}],"curies":[{"name":"wp","href":"https:\/\/api.w.org\/{rel}","templated":true}]}}