{"id":2818,"date":"2019-08-12T16:45:56","date_gmt":"2019-08-12T14:45:56","guid":{"rendered":"http:\/\/25catrinelinder.wpcomstaging.com\/?post_type=product&#038;p=2818"},"modified":"2025-11-09T12:14:13","modified_gmt":"2025-11-09T11:14:13","slug":"vennlig-armband-18k-gull","status":"publish","type":"product","link":"https:\/\/925catrinelinder.com\/no\/product\/friendly-bracelet-18k-gold\/","title":{"rendered":"Friendly armb\u00e5nd - massivt 18K gull"},"content":{"rendered":"<p>Friendly Bracelet - massivt 18K gull med l\u00e6rb\u00e5nd. Inspirert av fjellklatring, fjell og friluftsliv. Et symbol p\u00e5 vennskap, tillit og trygghet.  Dette eksklusive og tunge armb\u00e5ndet er laget av massivt 18K gull. Hvis ikke p\u00e5 lager, lages det p\u00e5 bestilling. Vennligst beregne 4-6 uker. Hvis du har spesielle \u00f8nsker om for eksempel h\u00e5ndgraveringer eller steininnfatninger, vennligst kontakt Catrine Linder via e-post.<\/p>\n<p>Stykket m\u00e5ler ca. 20\u00d715 mm (0,79\u00d70,78 tommer) Your Friendly Bracelet kommer p\u00e5 et justerbart l\u00e6rb\u00e5nd.  Passer til alle. Sterkt og sporty. Klatre videre - p\u00e5 stein, is, i livet og p\u00e5 jobb!<\/p>","protected":false},"excerpt":{"rendered":"<p>Raffinert utstyr - inspirert av fjellklatring, fjell og friluftsliv.<\/p>","protected":false},"featured_media":2827,"comment_status":"closed","ping_status":"closed","template":"","meta":{"inline_featured_image":false,"jetpack_publicize_message":"","jetpack_publicize_feature_enabled":true,"jetpack_social_post_already_shared":true,"jetpack_social_options":{"image_generator_settings":{"template":"highway","default_image_id":0,"font":"","enabled":false},"version":2},"_wpas_customize_per_network":false},"product_brand":[],"product_cat":[1451,2290],"product_tag":[2259,2260],"class_list":{"0":"post-2818","1":"product","2":"type-product","3":"status-publish","4":"has-post-thumbnail","6":"product_cat-bracelets","7":"product_cat-friendly-collection","8":"product_tag-climbing-lovers","9":"product_tag-refined-equipment","10":"pa_leather-band-colour-black","11":"pa_leather-band-colour-natural","12":"pa_metal-18k-gold","14":"first","15":"outofstock","16":"taxable","17":"shipping-taxable","18":"purchasable","19":"product-type-variable","20":"has-default-attributes"},"jetpack_publicize_connections":[],"jetpack_likes_enabled":false,"jetpack_sharing_enabled":false,"_links":{"self":[{"href":"https:\/\/925catrinelinder.com\/no\/wp-json\/wp\/v2\/product\/2818","targetHints":{"allow":["GET"]}}],"collection":[{"href":"https:\/\/925catrinelinder.com\/no\/wp-json\/wp\/v2\/product"}],"about":[{"href":"https:\/\/925catrinelinder.com\/no\/wp-json\/wp\/v2\/types\/product"}],"replies":[{"embeddable":true,"href":"https:\/\/925catrinelinder.com\/no\/wp-json\/wp\/v2\/comments?post=2818"}],"version-history":[{"count":0,"href":"https:\/\/925catrinelinder.com\/no\/wp-json\/wp\/v2\/product\/2818\/revisions"}],"wp:featuredmedia":[{"embeddable":true,"href":"https:\/\/925catrinelinder.com\/no\/wp-json\/wp\/v2\/media\/2827"}],"wp:attachment":[{"href":"https:\/\/925catrinelinder.com\/no\/wp-json\/wp\/v2\/media?parent=2818"}],"wp:term":[{"taxonomy":"product_brand","embeddable":true,"href":"https:\/\/925catrinelinder.com\/no\/wp-json\/wp\/v2\/product_brand?post=2818"},{"taxonomy":"product_cat","embeddable":true,"href":"https:\/\/925catrinelinder.com\/no\/wp-json\/wp\/v2\/product_cat?post=2818"},{"taxonomy":"product_tag","embeddable":true,"href":"https:\/\/925catrinelinder.com\/no\/wp-json\/wp\/v2\/product_tag?post=2818"}],"curies":[{"name":"wp","href":"https:\/\/api.w.org\/{rel}","templated":true}]}}