{"id":2915,"date":"2019-08-31T12:51:00","date_gmt":"2019-08-31T10:51:00","guid":{"rendered":"http:\/\/25catrinelinder.wpcomstaging.com\/?post_type=product&#038;p=2915"},"modified":"2026-03-01T13:55:44","modified_gmt":"2026-03-01T12:55:44","slug":"leve-havet-armband","status":"publish","type":"product","link":"https:\/\/925catrinelinder.com\/no\/product\/leve-havet-bracelet\/","title":{"rendered":"Leve Havet-armb\u00e5nd"},"content":{"rendered":"","protected":false},"excerpt":{"rendered":"<p><span style=\"font-weight: 400;\">Leve Havet Halskjede - en liten fisk som sv\u00f8mmer for livet!<\/span><\/p>\n<p><span style=\"font-weight: 400;\">LeveHavet kan oversettes til \"Live the Ocean\" og er laget for \u00e5 bidra til \u00e5 holde havene v\u00e5re rene og sunne for alltid. Som kunstner er dette min m\u00e5te \u00e5 gi et lite bidrag p\u00e5. Fordi vi elsker havet! Hvert solgte smykke fra Catrine Linder gir 1 % tilbake til planeten. God og bevisst shopping!<\/span><\/p>","protected":false},"featured_media":8365,"comment_status":"open","ping_status":"closed","template":"","meta":{"inline_featured_image":false,"jetpack_publicize_message":"","jetpack_publicize_feature_enabled":true,"jetpack_social_post_already_shared":true,"jetpack_social_options":{"image_generator_settings":{"template":"highway","default_image_id":0,"font":"","enabled":false},"version":2},"_wpas_customize_per_network":false},"product_brand":[],"product_cat":[1451],"product_tag":[2296],"class_list":{"0":"post-2915","1":"product","2":"type-product","3":"status-publish","4":"has-post-thumbnail","6":"product_cat-bracelets","7":"product_tag-surf-lovers","8":"pa_leather-band-colour-black","9":"pa_leather-band-colour-natural","10":"pa_metal-925-sterling-silver","12":"first","13":"instock","14":"taxable","15":"shipping-taxable","16":"purchasable","17":"product-type-variable"},"jetpack_publicize_connections":[],"jetpack_likes_enabled":false,"jetpack_sharing_enabled":false,"_links":{"self":[{"href":"https:\/\/925catrinelinder.com\/no\/wp-json\/wp\/v2\/product\/2915","targetHints":{"allow":["GET"]}}],"collection":[{"href":"https:\/\/925catrinelinder.com\/no\/wp-json\/wp\/v2\/product"}],"about":[{"href":"https:\/\/925catrinelinder.com\/no\/wp-json\/wp\/v2\/types\/product"}],"replies":[{"embeddable":true,"href":"https:\/\/925catrinelinder.com\/no\/wp-json\/wp\/v2\/comments?post=2915"}],"version-history":[{"count":1,"href":"https:\/\/925catrinelinder.com\/no\/wp-json\/wp\/v2\/product\/2915\/revisions"}],"predecessor-version":[{"id":14551,"href":"https:\/\/925catrinelinder.com\/no\/wp-json\/wp\/v2\/product\/2915\/revisions\/14551"}],"wp:featuredmedia":[{"embeddable":true,"href":"https:\/\/925catrinelinder.com\/no\/wp-json\/wp\/v2\/media\/8365"}],"wp:attachment":[{"href":"https:\/\/925catrinelinder.com\/no\/wp-json\/wp\/v2\/media?parent=2915"}],"wp:term":[{"taxonomy":"product_brand","embeddable":true,"href":"https:\/\/925catrinelinder.com\/no\/wp-json\/wp\/v2\/product_brand?post=2915"},{"taxonomy":"product_cat","embeddable":true,"href":"https:\/\/925catrinelinder.com\/no\/wp-json\/wp\/v2\/product_cat?post=2915"},{"taxonomy":"product_tag","embeddable":true,"href":"https:\/\/925catrinelinder.com\/no\/wp-json\/wp\/v2\/product_tag?post=2915"}],"curies":[{"name":"wp","href":"https:\/\/api.w.org\/{rel}","templated":true}]}}