{"id":3160,"date":"2019-09-29T15:41:34","date_gmt":"2019-09-29T13:41:34","guid":{"rendered":"http:\/\/25catrinelinder.wpcomstaging.com\/?post_type=product&#038;p=3160"},"modified":"2026-03-03T03:09:52","modified_gmt":"2026-03-03T02:09:52","slug":"forste-ring","status":"publish","type":"product","link":"https:\/\/925catrinelinder.com\/no\/product\/first-ring\/","title":{"rendered":"F\u00f8rste ringen"},"content":{"rendered":"","protected":false},"excerpt":{"rendered":"<p>First Ring - den f\u00f8rste ringen jeg laget og et godt valg n\u00e5r du er ny til \u00e5 g\u00e5 med ring. Med de avrundede kantene og den slankere baksiden gir den en veldig god og behagelig bruk for en s\u00e5 solid ring. Kos deg med din unisex-ring i ren, skandinavisk design.<\/p>\n<p>Hvis status er restordre, begynner jeg \u00e5 lage ringen din n\u00e5r du bestiller. Hvis ingen ringst\u00f8rrelser som tilbys i rullegardinmenyen passer deg, vennligst bestill \"feil st\u00f8rrelse\", s\u00f8rg for \u00e5 skrive inn <em>din riktige st\u00f8rrelse i meldingen<\/em> og send meg en e-post. Takk skal du ha!<\/p>\n<p>M\u00e5l 10 x 2 mm smal del bak 5 mm.<\/p>\n<p>&nbsp;<\/p>","protected":false},"featured_media":3667,"comment_status":"open","ping_status":"closed","template":"","meta":{"inline_featured_image":false,"jetpack_publicize_message":"","jetpack_publicize_feature_enabled":true,"jetpack_social_post_already_shared":true,"jetpack_social_options":{"image_generator_settings":{"template":"highway","default_image_id":0,"font":"","enabled":false},"version":2},"_wpas_customize_per_network":false},"product_brand":[],"product_cat":[1457],"product_tag":[],"class_list":{"0":"post-3160","1":"product","2":"type-product","3":"status-publish","4":"has-post-thumbnail","6":"product_cat-rings","8":"first","9":"instock","10":"taxable","11":"shipping-taxable","12":"purchasable","13":"product-type-variable"},"jetpack_publicize_connections":[],"jetpack_likes_enabled":false,"jetpack_sharing_enabled":false,"_links":{"self":[{"href":"https:\/\/925catrinelinder.com\/no\/wp-json\/wp\/v2\/product\/3160","targetHints":{"allow":["GET"]}}],"collection":[{"href":"https:\/\/925catrinelinder.com\/no\/wp-json\/wp\/v2\/product"}],"about":[{"href":"https:\/\/925catrinelinder.com\/no\/wp-json\/wp\/v2\/types\/product"}],"replies":[{"embeddable":true,"href":"https:\/\/925catrinelinder.com\/no\/wp-json\/wp\/v2\/comments?post=3160"}],"version-history":[{"count":1,"href":"https:\/\/925catrinelinder.com\/no\/wp-json\/wp\/v2\/product\/3160\/revisions"}],"predecessor-version":[{"id":14795,"href":"https:\/\/925catrinelinder.com\/no\/wp-json\/wp\/v2\/product\/3160\/revisions\/14795"}],"wp:featuredmedia":[{"embeddable":true,"href":"https:\/\/925catrinelinder.com\/no\/wp-json\/wp\/v2\/media\/3667"}],"wp:attachment":[{"href":"https:\/\/925catrinelinder.com\/no\/wp-json\/wp\/v2\/media?parent=3160"}],"wp:term":[{"taxonomy":"product_brand","embeddable":true,"href":"https:\/\/925catrinelinder.com\/no\/wp-json\/wp\/v2\/product_brand?post=3160"},{"taxonomy":"product_cat","embeddable":true,"href":"https:\/\/925catrinelinder.com\/no\/wp-json\/wp\/v2\/product_cat?post=3160"},{"taxonomy":"product_tag","embeddable":true,"href":"https:\/\/925catrinelinder.com\/no\/wp-json\/wp\/v2\/product_tag?post=3160"}],"curies":[{"name":"wp","href":"https:\/\/api.w.org\/{rel}","templated":true}]}}