{"id":3332,"date":"2019-10-07T23:20:32","date_gmt":"2019-10-07T21:20:32","guid":{"rendered":"http:\/\/25catrinelinder.wpcomstaging.com\/?post_type=product&#038;p=3332"},"modified":"2026-03-03T03:08:45","modified_gmt":"2026-03-03T02:08:45","slug":"radionette_armband","status":"publish","type":"product","link":"https:\/\/925catrinelinder.com\/no\/product\/radionette_bracelet\/","title":{"rendered":"Radionette-armb\u00e5nd"},"content":{"rendered":"","protected":false},"excerpt":{"rendered":"<p>Radionette Bracelet - en hyllest til historien om radio, kommunikasjon og musikk. En raffinert utstyrshistorie der gamle deler av radioutstyr er kommuniserende smykker. Mottakere i ulike st\u00f8rrelser og former. Et solid og tungt smykke som er mer behagelig \u00e5 b\u00e6re enn du tror.<\/p>\n<p>Radio-kolleksjonen er en hyllest til huset der jeg har mitt verksted i Lofoten.  F\u00f8rste gang jeg gikk inn i disse rommene ble jeg forelsket. Da jeg gjorde om det gamle radioverkstedet til smykkeverksted, var det allerede fullt av gamle historier og fylt med s\u00e5 mange minner, deler og verkt\u00f8y. Et perfekt sted for min utforskning av empatisk, emosjonell design! Huset er fortsatt i samme familie som grunnleggeren av butikken for lenge siden, og det har en fantastisk energi fremdeles. Det tror jeg det alltid vil gj\u00f8re. Radio Ring er et uttrykk for historien om radio, kommunikasjon og musikk, en historie om raffinert utstyr der gamle deler av radioutstyr er kommuniserende smykker.<\/p>\n<p>Laget p\u00e5 bestilling. Beregn 2-4 ukers leveringstid hvis den er i restordre - med mindre jeg har en klar til \u00e5 sende til deg. Radio-kolleksjonen er en del av historien om raffinert utstyr der gamle deler av radioutstyr blir kommuniserende smykker. Radionette er et solid og behagelig smykke \u00e5 ha p\u00e5 seg - helt unikt, akkurat som deg.<\/p>","protected":false},"featured_media":3514,"comment_status":"open","ping_status":"closed","template":"","meta":{"inline_featured_image":false,"jetpack_publicize_message":"","jetpack_publicize_feature_enabled":true,"jetpack_social_post_already_shared":true,"jetpack_social_options":{"image_generator_settings":{"template":"highway","default_image_id":0,"font":"","enabled":false},"version":2},"_wpas_customize_per_network":false},"product_brand":[],"product_cat":[1451],"product_tag":[2260],"class_list":{"0":"post-3332","1":"product","2":"type-product","3":"status-publish","4":"has-post-thumbnail","6":"product_cat-bracelets","7":"product_tag-refined-equipment","9":"first","10":"onbackorder","11":"featured","12":"taxable","13":"shipping-taxable","14":"purchasable","15":"product-type-simple"},"jetpack_publicize_connections":[],"jetpack_likes_enabled":false,"jetpack_sharing_enabled":true,"_links":{"self":[{"href":"https:\/\/925catrinelinder.com\/no\/wp-json\/wp\/v2\/product\/3332","targetHints":{"allow":["GET"]}}],"collection":[{"href":"https:\/\/925catrinelinder.com\/no\/wp-json\/wp\/v2\/product"}],"about":[{"href":"https:\/\/925catrinelinder.com\/no\/wp-json\/wp\/v2\/types\/product"}],"replies":[{"embeddable":true,"href":"https:\/\/925catrinelinder.com\/no\/wp-json\/wp\/v2\/comments?post=3332"}],"version-history":[{"count":2,"href":"https:\/\/925catrinelinder.com\/no\/wp-json\/wp\/v2\/product\/3332\/revisions"}],"predecessor-version":[{"id":14794,"href":"https:\/\/925catrinelinder.com\/no\/wp-json\/wp\/v2\/product\/3332\/revisions\/14794"}],"wp:featuredmedia":[{"embeddable":true,"href":"https:\/\/925catrinelinder.com\/no\/wp-json\/wp\/v2\/media\/3514"}],"wp:attachment":[{"href":"https:\/\/925catrinelinder.com\/no\/wp-json\/wp\/v2\/media?parent=3332"}],"wp:term":[{"taxonomy":"product_brand","embeddable":true,"href":"https:\/\/925catrinelinder.com\/no\/wp-json\/wp\/v2\/product_brand?post=3332"},{"taxonomy":"product_cat","embeddable":true,"href":"https:\/\/925catrinelinder.com\/no\/wp-json\/wp\/v2\/product_cat?post=3332"},{"taxonomy":"product_tag","embeddable":true,"href":"https:\/\/925catrinelinder.com\/no\/wp-json\/wp\/v2\/product_tag?post=3332"}],"curies":[{"name":"wp","href":"https:\/\/api.w.org\/{rel}","templated":true}]}}