{"id":3342,"date":"2019-10-12T10:24:45","date_gmt":"2019-10-12T08:24:45","guid":{"rendered":"http:\/\/25catrinelinder.wpcomstaging.com\/?post_type=product&#038;p=3342"},"modified":"2025-11-06T14:36:19","modified_gmt":"2025-11-06T13:36:19","slug":"isboyler","status":"publish","type":"product","link":"https:\/\/925catrinelinder.com\/no\/product\/ice-hoops\/","title":{"rendered":"ICE Hoops"},"content":{"rendered":"<p>ICE Hoops &amp; ICE Collection; Raffinert utstyr inspirert av isskruer som brukes til isklatring. Det vridde s\u00f8lvet reflekterer alt lys som omgir deg og gir ekstra glans! Passer perfekt alene eller sammen med andre <a href=\"\/no\/25catrinelinder-wpcomstaging-com\/produkt\/rockhard-necklace-silver\/\" target=\"_blank\" rel=\"noopener\">RockHard halskjede<\/a> i et lengre ballkjede. La dem ta deg h\u00f8yt! Nyt ditt raffinerte utstyr! Velg mellom gullbelagt s\u00f8lv, blankt eller oksidert s\u00f8lv. M\u00e5l 35 mm x 2 mm - ca. 1,3 tommer x 0,07.<\/p>","protected":false},"excerpt":{"rendered":"<p>ICE Collection - Raffinert utstyr<\/p>\n<p>En kolleksjon inspirert av utstyret fra isklatring. Det vridde s\u00f8lvet gir en ekstra glans som gir kreolene dine ekstra kraft. Hoops er en empowerment-\u00f8redobb i seg selv, og akkurat disse har litt ekstra ladning. H\u00e5ndlaget er bedre!<\/p>","protected":false},"featured_media":4417,"comment_status":"open","ping_status":"closed","template":"","meta":{"inline_featured_image":false,"jetpack_publicize_message":"","jetpack_publicize_feature_enabled":true,"jetpack_social_post_already_shared":true,"jetpack_social_options":{"image_generator_settings":{"template":"highway","default_image_id":0,"font":"","enabled":false},"version":2},"_wpas_customize_per_network":false},"product_brand":[],"product_cat":[1443],"product_tag":[],"class_list":{"0":"post-3342","1":"product","2":"type-product","3":"status-publish","4":"has-post-thumbnail","6":"product_cat-earrings","7":"pa_metal-gold-vermeil","8":"pa_metal-925-sterling-silver","9":"pa_metal-rhodium-black","11":"first","12":"instock","13":"featured","14":"taxable","15":"shipping-taxable","16":"purchasable","17":"product-type-variable"},"jetpack_publicize_connections":[],"jetpack_likes_enabled":false,"jetpack_sharing_enabled":false,"_links":{"self":[{"href":"https:\/\/925catrinelinder.com\/no\/wp-json\/wp\/v2\/product\/3342","targetHints":{"allow":["GET"]}}],"collection":[{"href":"https:\/\/925catrinelinder.com\/no\/wp-json\/wp\/v2\/product"}],"about":[{"href":"https:\/\/925catrinelinder.com\/no\/wp-json\/wp\/v2\/types\/product"}],"replies":[{"embeddable":true,"href":"https:\/\/925catrinelinder.com\/no\/wp-json\/wp\/v2\/comments?post=3342"}],"version-history":[{"count":0,"href":"https:\/\/925catrinelinder.com\/no\/wp-json\/wp\/v2\/product\/3342\/revisions"}],"wp:featuredmedia":[{"embeddable":true,"href":"https:\/\/925catrinelinder.com\/no\/wp-json\/wp\/v2\/media\/4417"}],"wp:attachment":[{"href":"https:\/\/925catrinelinder.com\/no\/wp-json\/wp\/v2\/media?parent=3342"}],"wp:term":[{"taxonomy":"product_brand","embeddable":true,"href":"https:\/\/925catrinelinder.com\/no\/wp-json\/wp\/v2\/product_brand?post=3342"},{"taxonomy":"product_cat","embeddable":true,"href":"https:\/\/925catrinelinder.com\/no\/wp-json\/wp\/v2\/product_cat?post=3342"},{"taxonomy":"product_tag","embeddable":true,"href":"https:\/\/925catrinelinder.com\/no\/wp-json\/wp\/v2\/product_tag?post=3342"}],"curies":[{"name":"wp","href":"https:\/\/api.w.org\/{rel}","templated":true}]}}