{"id":3352,"date":"2019-10-22T22:14:54","date_gmt":"2019-10-22T20:14:54","guid":{"rendered":"http:\/\/25catrinelinder.wpcomstaging.com\/?post_type=product&#038;p=3352"},"modified":"2025-11-08T19:05:20","modified_gmt":"2025-11-08T18:05:20","slug":"dots-tvillingring","status":"publish","type":"product","link":"https:\/\/925catrinelinder.com\/no\/product\/dots-twin-ring\/","title":{"rendered":"Dots Twin Ring"},"content":{"rendered":"<p><span style=\"font-weight: 400;\">Visste du at emaljering er en teknikk som har v\u00e6rt brukt i mer enn 2000 \u00e5r i fine smykker? Sammensmeltingen av farget glass og edelt metall gir smykkene dine den beste b\u00e6rekraftige, str\u00e5lende fargen som aldri forandrer seg. Emaljering krever dyktighet og t\u00e5lmodighet, og det er mange ulike momenter f\u00f8r smykket er klart til \u00e5 b\u00e6res av deg. Du vil alltid finne kvalitetsstempelet for edelmetall - 925 for sterlings\u00f8lv - og produsentstempelet Catrine p\u00e5 baksiden av arbeidene mine. Den transparente emaljen gir et vakkert og rent lys til den fargen du velger. Takk for at du st\u00f8tter mitt arbeid som lokal kunsth\u00e5ndverker og for at du hjelper meg med \u00e5 gi tilbake 1 % for the Planet.<\/span><\/p>","protected":false},"excerpt":{"rendered":"<p><span style=\"font-weight: 400;\">Miks og match ringer, halskjeder, \u00f8restikker og armb\u00e5nd i ulike farger og st\u00f8rrelser. Dots g\u00e5r aldri av moten og er designet for at du skal f\u00f8le deg komfortabel p\u00e5 dine eventyr. Dots Enamel Rings passer fra 41-59 og 3\/4, i US-st\u00f8rrelser ca. 1,2 - 9 og kan enkelt justeres av deg selv for \u00e5 brukes p\u00e5 forskjellige fingre etter dagens hum\u00f8r. Dots Twin Ring har Dots st\u00f8rrelse ca. 15 og 17 mm.<\/span><\/p>\n<p><span style=\"font-weight: 400;\">Hvis din valgte st\u00f8rrelse og farge er i restordre, m\u00e5 du v\u00e6re oppmerksom p\u00e5 at jeg begynner \u00e5 lage smykket ditt n\u00e5r du bestiller det. Det vil variere fra gang til gang, men du m\u00e5 regne med 2-6 uker fra bestillingen din til den er klar. Dette er en m\u00e5te for meg \u00e5 kunne tilby et st\u00f8rre utvalg av Dots Collection og for at du skal kunne personalisere smykkene dine. Lagerf\u00f8rte varer er klare til \u00e5 sendes innen en dag eller to etter at bestillingen er lagt inn.<\/span><\/p>","protected":false},"featured_media":10294,"comment_status":"open","ping_status":"closed","template":"","meta":{"inline_featured_image":false,"jetpack_publicize_message":"","jetpack_publicize_feature_enabled":true,"jetpack_social_post_already_shared":true,"jetpack_social_options":{"image_generator_settings":{"template":"highway","default_image_id":0,"font":"","enabled":false},"version":2},"_wpas_customize_per_network":false},"product_brand":[],"product_cat":[2279,1457],"product_tag":[],"class_list":{"0":"post-3352","1":"product","2":"type-product","3":"status-publish","4":"has-post-thumbnail","6":"product_cat-dots","7":"product_cat-rings","8":"pa_metal-925-sterling-silver","10":"first","11":"onbackorder","12":"taxable","13":"shipping-taxable","14":"purchasable","15":"product-type-variable"},"jetpack_publicize_connections":[],"jetpack_likes_enabled":false,"jetpack_sharing_enabled":false,"_links":{"self":[{"href":"https:\/\/925catrinelinder.com\/no\/wp-json\/wp\/v2\/product\/3352","targetHints":{"allow":["GET"]}}],"collection":[{"href":"https:\/\/925catrinelinder.com\/no\/wp-json\/wp\/v2\/product"}],"about":[{"href":"https:\/\/925catrinelinder.com\/no\/wp-json\/wp\/v2\/types\/product"}],"replies":[{"embeddable":true,"href":"https:\/\/925catrinelinder.com\/no\/wp-json\/wp\/v2\/comments?post=3352"}],"version-history":[{"count":0,"href":"https:\/\/925catrinelinder.com\/no\/wp-json\/wp\/v2\/product\/3352\/revisions"}],"wp:featuredmedia":[{"embeddable":true,"href":"https:\/\/925catrinelinder.com\/no\/wp-json\/wp\/v2\/media\/10294"}],"wp:attachment":[{"href":"https:\/\/925catrinelinder.com\/no\/wp-json\/wp\/v2\/media?parent=3352"}],"wp:term":[{"taxonomy":"product_brand","embeddable":true,"href":"https:\/\/925catrinelinder.com\/no\/wp-json\/wp\/v2\/product_brand?post=3352"},{"taxonomy":"product_cat","embeddable":true,"href":"https:\/\/925catrinelinder.com\/no\/wp-json\/wp\/v2\/product_cat?post=3352"},{"taxonomy":"product_tag","embeddable":true,"href":"https:\/\/925catrinelinder.com\/no\/wp-json\/wp\/v2\/product_tag?post=3352"}],"curies":[{"name":"wp","href":"https:\/\/api.w.org\/{rel}","templated":true}]}}