{"id":3356,"date":"2019-10-23T09:55:21","date_gmt":"2019-10-23T07:55:21","guid":{"rendered":"http:\/\/25catrinelinder.wpcomstaging.com\/?post_type=product&#038;p=3356"},"modified":"2026-04-13T13:20:38","modified_gmt":"2026-04-13T11:20:38","slug":"nord-hoops","status":"publish","type":"product","link":"https:\/\/925catrinelinder.com\/no\/product\/north-hoops\/","title":{"rendered":"North Hoops"},"content":{"rendered":"","protected":false},"excerpt":{"rendered":"<p><span style=\"font-weight: 400;\">North Collection - arven fra det arktiske nord. Et design inspirert av fortellinger fra nordnorske folk. Sirkelen st\u00e5r for enhet, uendelighet og helhet. Ringen er et symbol p\u00e5 styrke og identitet. Motstand mot diskriminering. Jeg har laget North Hoops sm\u00e5 og delikate for hverdagsbruk. La dem bli med deg hvor enn du g\u00e5r. Hvis du er ute etter st\u00f8rre hoops for en dristigere utsmykning, kan du bes\u00f8ke min I<a href=\"\/no\/25catrinelinder-wpcomstaging-com\/produkt\/isboyler\/\" target=\"_blank\" rel=\"noopener\">CE Hoops<\/a>.<\/span><\/p>\n<p><span style=\"font-weight: 400;\">Felles tro bringer mennesker sammen - vi tror p\u00e5 naturen!<\/span><\/p>","protected":false},"featured_media":14527,"comment_status":"open","ping_status":"closed","template":"","meta":{"inline_featured_image":false,"jetpack_publicize_message":"","jetpack_publicize_feature_enabled":true,"jetpack_social_post_already_shared":true,"jetpack_social_options":{"image_generator_settings":{"template":"highway","default_image_id":0,"font":"","enabled":false},"version":2},"_wpas_customize_per_network":false},"product_brand":[],"product_cat":[1443],"product_tag":[],"class_list":{"0":"post-3356","1":"product","2":"type-product","3":"status-publish","4":"has-post-thumbnail","6":"product_cat-earrings","7":"pa_metal-gold-vermeil","8":"pa_metal-925-sterling-silver","9":"pa_metal-rhodium-black","11":"first","12":"instock","13":"taxable","14":"shipping-taxable","15":"purchasable","16":"product-type-variable"},"jetpack_publicize_connections":[],"jetpack_likes_enabled":false,"jetpack_sharing_enabled":false,"_links":{"self":[{"href":"https:\/\/925catrinelinder.com\/no\/wp-json\/wp\/v2\/product\/3356","targetHints":{"allow":["GET"]}}],"collection":[{"href":"https:\/\/925catrinelinder.com\/no\/wp-json\/wp\/v2\/product"}],"about":[{"href":"https:\/\/925catrinelinder.com\/no\/wp-json\/wp\/v2\/types\/product"}],"replies":[{"embeddable":true,"href":"https:\/\/925catrinelinder.com\/no\/wp-json\/wp\/v2\/comments?post=3356"}],"version-history":[{"count":1,"href":"https:\/\/925catrinelinder.com\/no\/wp-json\/wp\/v2\/product\/3356\/revisions"}],"predecessor-version":[{"id":14823,"href":"https:\/\/925catrinelinder.com\/no\/wp-json\/wp\/v2\/product\/3356\/revisions\/14823"}],"wp:featuredmedia":[{"embeddable":true,"href":"https:\/\/925catrinelinder.com\/no\/wp-json\/wp\/v2\/media\/14527"}],"wp:attachment":[{"href":"https:\/\/925catrinelinder.com\/no\/wp-json\/wp\/v2\/media?parent=3356"}],"wp:term":[{"taxonomy":"product_brand","embeddable":true,"href":"https:\/\/925catrinelinder.com\/no\/wp-json\/wp\/v2\/product_brand?post=3356"},{"taxonomy":"product_cat","embeddable":true,"href":"https:\/\/925catrinelinder.com\/no\/wp-json\/wp\/v2\/product_cat?post=3356"},{"taxonomy":"product_tag","embeddable":true,"href":"https:\/\/925catrinelinder.com\/no\/wp-json\/wp\/v2\/product_tag?post=3356"}],"curies":[{"name":"wp","href":"https:\/\/api.w.org\/{rel}","templated":true}]}}