{"id":4273,"date":"2019-12-03T23:26:35","date_gmt":"2019-12-03T22:26:35","guid":{"rendered":"http:\/\/25catrinelinder.wpcomstaging.com\/?post_type=product&#038;p=4273"},"modified":"2026-03-03T03:06:59","modified_gmt":"2026-03-03T02:06:59","slug":"emmas-bolgering","status":"publish","type":"product","link":"https:\/\/925catrinelinder.com\/no\/product\/emmas-wave-ring\/","title":{"rendered":"Emmas Wave Ring"},"content":{"rendered":"","protected":false},"excerpt":{"rendered":"<p>Emmas Wave Ring - i<span class=\"s1\">nspirert av det japanske maleriet Stor b\u00f8lge utenfor Kanagawa av Hokusai. Lofoten og Japans felles milj\u00f8 - omringet av hav, fjell og fiskere - vi er forbundet, og havet er sjefen!<\/span><\/p>\n<p><span class=\"s1\">Stable med Plain ring, ICE ring, miks metaller - eller bare b\u00e6r Wave-ringen alene. Min id\u00e9 var at du skulle bygge din egen dr\u00f8mmeb\u00f8lge. Ved \u00e5 stable mange f\u00e5r du den beste effekten og et ekte samtaleemne. <\/span><span class=\"s1\">Havene trenger v\u00e5r kj\u00e6rlighet mer enn noensinne. La oss bidra til \u00e5 holde dem rene og levende for alltid!<\/span><span class=\"s2\"><br \/>\n<\/span><\/p>\n<p>Vennligst gi meg beskjed om ringst\u00f8rrelsen din i meldingen n\u00e5r du sjekker ut.<\/p>\n<p>Modell: Tanya Foto: Anki Gr\u00f8the<\/p>","protected":false},"featured_media":3510,"comment_status":"open","ping_status":"closed","template":"","meta":{"inline_featured_image":false,"jetpack_publicize_message":"","jetpack_publicize_feature_enabled":true,"jetpack_social_post_already_shared":true,"jetpack_social_options":{"image_generator_settings":{"template":"highway","default_image_id":0,"font":"","enabled":false},"version":2},"_wpas_customize_per_network":false},"product_brand":[],"product_cat":[1457],"product_tag":[],"class_list":{"0":"post-4273","1":"product","2":"type-product","3":"status-publish","4":"has-post-thumbnail","6":"product_cat-rings","7":"pa_metal-18k-gold","8":"pa_metal-925-sterling-silver","9":"pa_metal-bronze","10":"pa_metal-oxidised-silver","12":"first","13":"outofstock","14":"taxable","15":"shipping-taxable","16":"purchasable","17":"product-type-variable"},"jetpack_publicize_connections":[],"jetpack_likes_enabled":false,"jetpack_sharing_enabled":false,"_links":{"self":[{"href":"https:\/\/925catrinelinder.com\/no\/wp-json\/wp\/v2\/product\/4273","targetHints":{"allow":["GET"]}}],"collection":[{"href":"https:\/\/925catrinelinder.com\/no\/wp-json\/wp\/v2\/product"}],"about":[{"href":"https:\/\/925catrinelinder.com\/no\/wp-json\/wp\/v2\/types\/product"}],"replies":[{"embeddable":true,"href":"https:\/\/925catrinelinder.com\/no\/wp-json\/wp\/v2\/comments?post=4273"}],"version-history":[{"count":1,"href":"https:\/\/925catrinelinder.com\/no\/wp-json\/wp\/v2\/product\/4273\/revisions"}],"predecessor-version":[{"id":14792,"href":"https:\/\/925catrinelinder.com\/no\/wp-json\/wp\/v2\/product\/4273\/revisions\/14792"}],"wp:featuredmedia":[{"embeddable":true,"href":"https:\/\/925catrinelinder.com\/no\/wp-json\/wp\/v2\/media\/3510"}],"wp:attachment":[{"href":"https:\/\/925catrinelinder.com\/no\/wp-json\/wp\/v2\/media?parent=4273"}],"wp:term":[{"taxonomy":"product_brand","embeddable":true,"href":"https:\/\/925catrinelinder.com\/no\/wp-json\/wp\/v2\/product_brand?post=4273"},{"taxonomy":"product_cat","embeddable":true,"href":"https:\/\/925catrinelinder.com\/no\/wp-json\/wp\/v2\/product_cat?post=4273"},{"taxonomy":"product_tag","embeddable":true,"href":"https:\/\/925catrinelinder.com\/no\/wp-json\/wp\/v2\/product_tag?post=4273"}],"curies":[{"name":"wp","href":"https:\/\/api.w.org\/{rel}","templated":true}]}}