{"id":5039,"date":"2020-02-27T16:15:31","date_gmt":"2020-02-27T15:15:31","guid":{"rendered":"http:\/\/25catrinelinder.wpcomstaging.com\/?post_type=product&#038;p=5039"},"modified":"2026-04-14T12:19:53","modified_gmt":"2026-04-14T10:19:53","slug":"fjellring-dronninga","status":"publish","type":"product","link":"https:\/\/925catrinelinder.com\/no\/product\/mountain-ring-dronninga\/","title":{"rendered":"Dronninga i s\u00f8lv"},"content":{"rendered":"","protected":false},"excerpt":{"rendered":"<p><span style=\"font-weight: 400;\">Fjell representerer motstandskraft, stabilitet og perspektiv. De forteller oss at vi m\u00e5 v\u00e6re modige, ydmyke og forberedt med fleksibilitet og styrke. \u00c5 bestige et fjell skildrer indre h\u00f8yde og dyp tilfredsstillelse. Fyll Mountain Queen-ringen din med dine egne eventyr og historier.<\/span><\/p>\n<p><span style=\"font-weight: 400;\">Jeg designet og laget den f\u00f8rste i februar 2020 i samarbeid med min talentfulle kollega Kerstin \u00d6stberg - en mester i h\u00e5ndgravering.<\/span>\u00a0Den i<span style=\"font-weight: 400;\">ndersiden av ringen har, i tillegg til mine registrerte kvalitetsstempler, den h\u00e5ndgraverte teksten \"Den Sovende Dronning 1575 moh\". Oversatt: \"Den Sovende Dronning\" som den kalles av lokalbefolkningen rundt Narvik.\u00a0<\/span><\/p>\n<p>&nbsp;<\/p>","protected":false},"featured_media":11694,"comment_status":"open","ping_status":"closed","template":"","meta":{"inline_featured_image":false,"jetpack_publicize_message":"","jetpack_publicize_feature_enabled":true,"jetpack_social_post_already_shared":true,"jetpack_social_options":{"image_generator_settings":{"template":"highway","default_image_id":0,"font":"","enabled":false},"version":2},"_wpas_customize_per_network":false},"product_brand":[],"product_cat":[1457],"product_tag":[2259],"class_list":{"0":"post-5039","1":"product","2":"type-product","3":"status-publish","4":"has-post-thumbnail","6":"product_cat-rings","7":"product_tag-climbing-lovers","9":"first","10":"instock","11":"taxable","12":"shipping-taxable","13":"purchasable","14":"product-type-variable"},"jetpack_publicize_connections":[],"jetpack_likes_enabled":false,"jetpack_sharing_enabled":false,"_links":{"self":[{"href":"https:\/\/925catrinelinder.com\/no\/wp-json\/wp\/v2\/product\/5039","targetHints":{"allow":["GET"]}}],"collection":[{"href":"https:\/\/925catrinelinder.com\/no\/wp-json\/wp\/v2\/product"}],"about":[{"href":"https:\/\/925catrinelinder.com\/no\/wp-json\/wp\/v2\/types\/product"}],"replies":[{"embeddable":true,"href":"https:\/\/925catrinelinder.com\/no\/wp-json\/wp\/v2\/comments?post=5039"}],"version-history":[{"count":0,"href":"https:\/\/925catrinelinder.com\/no\/wp-json\/wp\/v2\/product\/5039\/revisions"}],"wp:featuredmedia":[{"embeddable":true,"href":"https:\/\/925catrinelinder.com\/no\/wp-json\/wp\/v2\/media\/11694"}],"wp:attachment":[{"href":"https:\/\/925catrinelinder.com\/no\/wp-json\/wp\/v2\/media?parent=5039"}],"wp:term":[{"taxonomy":"product_brand","embeddable":true,"href":"https:\/\/925catrinelinder.com\/no\/wp-json\/wp\/v2\/product_brand?post=5039"},{"taxonomy":"product_cat","embeddable":true,"href":"https:\/\/925catrinelinder.com\/no\/wp-json\/wp\/v2\/product_cat?post=5039"},{"taxonomy":"product_tag","embeddable":true,"href":"https:\/\/925catrinelinder.com\/no\/wp-json\/wp\/v2\/product_tag?post=5039"}],"curies":[{"name":"wp","href":"https:\/\/api.w.org\/{rel}","templated":true}]}}