{"id":5084,"date":"2020-03-29T17:18:54","date_gmt":"2020-03-29T15:18:54","guid":{"rendered":"http:\/\/25catrinelinder.wpcomstaging.com\/?post_type=product&#038;p=5084"},"modified":"2026-03-03T03:00:00","modified_gmt":"2026-03-03T02:00:00","slug":"friendly-todelt-ring","status":"publish","type":"product","link":"https:\/\/925catrinelinder.com\/no\/product\/friendly-twosome-ring\/","title":{"rendered":"Friendly Twosome Ring"},"content":{"rendered":"<p>Twosome Ring laget av og for Two Friends - en visjon av et hjerte, vennskap og tosomhet. Det trengs to for \u00e5....<\/p>\n<p>Laget av 925 sterlings\u00f8lv, selvf\u00f8lgelig resirkulert.<\/p>\n<p>Hvis du ikke finner st\u00f8rrelsen din, vennligst skriv st\u00f8rrelsen din i meldingen n\u00e5r du bestiller. Siden jeg ikke har et stort lager i alle st\u00f8rrelser, bestiller du bare en av st\u00f8rrelsene i alternativene, og skriv deretter inn din <em>riktig st\u00f8rrelse i meldingen<\/em> boksen n\u00e5r du sjekker ut. Tusen takk skal du ha!<\/p>","protected":false},"excerpt":{"rendered":"<p>Friendly Twosome Ring - F\u00e5 litt raffinert utstyr til eventyrene dine. Komfortabel ring dedikert til ditt rene vennskap og kj\u00e6rlighet!<\/p>\n<p>De to sm\u00e5 vennene symboliserer dere og danner et ukonvensjonelt hjerte sammen.<\/p>\n<p>&nbsp;<\/p>","protected":false},"featured_media":11602,"comment_status":"open","ping_status":"closed","template":"","meta":{"inline_featured_image":false,"jetpack_publicize_message":"","jetpack_publicize_feature_enabled":true,"jetpack_social_post_already_shared":true,"jetpack_social_options":{"image_generator_settings":{"template":"highway","default_image_id":0,"font":"","enabled":false},"version":2},"_wpas_customize_per_network":false},"product_brand":[],"product_cat":[2290,1457],"product_tag":[2259,2260],"class_list":{"0":"post-5084","1":"product","2":"type-product","3":"status-publish","4":"has-post-thumbnail","6":"product_cat-friendly-collection","7":"product_cat-rings","8":"product_tag-climbing-lovers","9":"product_tag-refined-equipment","10":"pa_metal-925-sterling-silver","12":"first","13":"instock","14":"taxable","15":"shipping-taxable","16":"purchasable","17":"product-type-variable"},"jetpack_publicize_connections":[],"jetpack_likes_enabled":false,"jetpack_sharing_enabled":false,"_links":{"self":[{"href":"https:\/\/925catrinelinder.com\/no\/wp-json\/wp\/v2\/product\/5084","targetHints":{"allow":["GET"]}}],"collection":[{"href":"https:\/\/925catrinelinder.com\/no\/wp-json\/wp\/v2\/product"}],"about":[{"href":"https:\/\/925catrinelinder.com\/no\/wp-json\/wp\/v2\/types\/product"}],"replies":[{"embeddable":true,"href":"https:\/\/925catrinelinder.com\/no\/wp-json\/wp\/v2\/comments?post=5084"}],"version-history":[{"count":1,"href":"https:\/\/925catrinelinder.com\/no\/wp-json\/wp\/v2\/product\/5084\/revisions"}],"predecessor-version":[{"id":14669,"href":"https:\/\/925catrinelinder.com\/no\/wp-json\/wp\/v2\/product\/5084\/revisions\/14669"}],"wp:featuredmedia":[{"embeddable":true,"href":"https:\/\/925catrinelinder.com\/no\/wp-json\/wp\/v2\/media\/11602"}],"wp:attachment":[{"href":"https:\/\/925catrinelinder.com\/no\/wp-json\/wp\/v2\/media?parent=5084"}],"wp:term":[{"taxonomy":"product_brand","embeddable":true,"href":"https:\/\/925catrinelinder.com\/no\/wp-json\/wp\/v2\/product_brand?post=5084"},{"taxonomy":"product_cat","embeddable":true,"href":"https:\/\/925catrinelinder.com\/no\/wp-json\/wp\/v2\/product_cat?post=5084"},{"taxonomy":"product_tag","embeddable":true,"href":"https:\/\/925catrinelinder.com\/no\/wp-json\/wp\/v2\/product_tag?post=5084"}],"curies":[{"name":"wp","href":"https:\/\/api.w.org\/{rel}","templated":true}]}}