{"id":5313,"date":"2020-04-14T23:22:46","date_gmt":"2020-04-14T21:22:46","guid":{"rendered":"http:\/\/25catrinelinder.wpcomstaging.com\/?post_type=product&#038;p=5313"},"modified":"2026-03-03T02:56:15","modified_gmt":"2026-03-03T01:56:15","slug":"halskjede-i-nord-emalje","status":"publish","type":"product","link":"https:\/\/925catrinelinder.com\/no\/product\/north-enamel-necklace\/","title":{"rendered":"North Emalje halskjede"},"content":{"rendered":"<p>Selve anhenget p\u00e5 North Enamel Halskjede m\u00e5ler ca. 13 mm i diameter. Kommer p\u00e5 et 925 sterling s\u00f8lv kulekjede 45 cm. Du kan \u00f8nske annen lengde p\u00e5 kjedet i meldingsfeltet n\u00e5r du bestiller, bare v\u00e6r oppmerksom p\u00e5 at det kan ta litt lengre tid \u00e5 sende med mindre jeg har ditt valg hjemme.<\/p>","protected":false},"excerpt":{"rendered":"<p>North Collection - en arv med farger og historier fra det arktiske nord. Felles tro bringer mennesker sammen - vi tror p\u00e5 naturen!<span style=\"font-weight: 400;\"> North Enamel Necklace er omhyggelig h\u00e5ndmalt med glassemalje - en eldgammel teknikk som krever dyktighet og t\u00e5lmodighet. Det gjennomsiktige glasset gir en vakker og evigvarende glans. Sirkelen symboliserer enhet, uendelighet og helhet. Nord er et symbol p\u00e5 styrke og identitet.<\/span><\/p>\n<p>Leveres p\u00e5 et 925 sterling s\u00f8lv ballkjede 45 cm. Du kan \u00f8nske en annen lengde p\u00e5 kjedet - eller farge - i meldingsfeltet n\u00e5r du bestiller, bare v\u00e6r oppmerksom p\u00e5 at det kan ta litt lengre tid \u00e5 sende med mindre jeg har ditt valg hjemme.<\/p>","protected":false},"featured_media":11538,"comment_status":"closed","ping_status":"closed","template":"","meta":{"inline_featured_image":false,"jetpack_publicize_message":"","jetpack_publicize_feature_enabled":true,"jetpack_social_post_already_shared":true,"jetpack_social_options":{"image_generator_settings":{"template":"highway","default_image_id":0,"font":"","enabled":false},"version":2},"_wpas_customize_per_network":false},"product_brand":[],"product_cat":[1383],"product_tag":[],"class_list":{"0":"post-5313","1":"product","2":"type-product","3":"status-publish","4":"has-post-thumbnail","6":"product_cat-necklaces","8":"first","9":"instock","10":"taxable","11":"shipping-taxable","12":"purchasable","13":"product-type-variable"},"jetpack_publicize_connections":[],"jetpack_likes_enabled":false,"jetpack_sharing_enabled":false,"_links":{"self":[{"href":"https:\/\/925catrinelinder.com\/no\/wp-json\/wp\/v2\/product\/5313","targetHints":{"allow":["GET"]}}],"collection":[{"href":"https:\/\/925catrinelinder.com\/no\/wp-json\/wp\/v2\/product"}],"about":[{"href":"https:\/\/925catrinelinder.com\/no\/wp-json\/wp\/v2\/types\/product"}],"replies":[{"embeddable":true,"href":"https:\/\/925catrinelinder.com\/no\/wp-json\/wp\/v2\/comments?post=5313"}],"version-history":[{"count":1,"href":"https:\/\/925catrinelinder.com\/no\/wp-json\/wp\/v2\/product\/5313\/revisions"}],"predecessor-version":[{"id":14788,"href":"https:\/\/925catrinelinder.com\/no\/wp-json\/wp\/v2\/product\/5313\/revisions\/14788"}],"wp:featuredmedia":[{"embeddable":true,"href":"https:\/\/925catrinelinder.com\/no\/wp-json\/wp\/v2\/media\/11538"}],"wp:attachment":[{"href":"https:\/\/925catrinelinder.com\/no\/wp-json\/wp\/v2\/media?parent=5313"}],"wp:term":[{"taxonomy":"product_brand","embeddable":true,"href":"https:\/\/925catrinelinder.com\/no\/wp-json\/wp\/v2\/product_brand?post=5313"},{"taxonomy":"product_cat","embeddable":true,"href":"https:\/\/925catrinelinder.com\/no\/wp-json\/wp\/v2\/product_cat?post=5313"},{"taxonomy":"product_tag","embeddable":true,"href":"https:\/\/925catrinelinder.com\/no\/wp-json\/wp\/v2\/product_tag?post=5313"}],"curies":[{"name":"wp","href":"https:\/\/api.w.org\/{rel}","templated":true}]}}